{"id":14554,"date":"2025-02-24T22:46:44","date_gmt":"2025-02-24T21:46:44","guid":{"rendered":"https:\/\/staviori.com.pl\/product\/bizuteria-inwestycyjna-kolczyk-kzd4429\/"},"modified":"2026-02-11T00:08:49","modified_gmt":"2026-02-10T23:08:49","slug":"bizuteria-inwestycyjna-kolczyk-kzd4429","status":"publish","type":"product","link":"https:\/\/staviori.com.pl\/de\/product\/bizuteria-inwestycyjna-kolczyk-kzd4429\/","title":{"rendered":"Exklusive Teardrop-Ohrringe aus Wei\u00dfgold mit Topas und Diamanten"},"content":{"rendered":"<p>Model: DSE0260<br \/>\nGewicht ca. 1,45g<\/p>\n<p>Ohrringe.<br \/>\nWei\u00dfgold 0,750.<br \/>\n2 Diamenty, szlif brylantowy, o masie 0,11ct., barwa G, czysto\u015b\u0107 SI1.<br \/>\n2 Topazy b\u0142\u0119kitne, o masie 4,79ct.<\/p>\n<p>Wysoko\u015b\u0107 19 mm.<br \/>\nSzeroko\u015b\u0107 4.25 mm.<br \/>\n\u015arednica kulki 6 mm.<\/p>\n<p><strong>Produkt nur auf Anfrage erh\u00e4ltlich, Vorlaufzeit ca. 5 Wochen.<\/strong><\/p>","protected":false},"excerpt":{"rendered":"<p>Zachwycaj\u0105ce kolczyki wykonane z bia\u0142ego z\u0142ota pr\u00f3by 0,750, kt\u00f3rych sercem s\u0105 ol\u015bniewaj\u0105ce, b\u0142\u0119kitne topazy o pi\u0119knym fasetowaniu. Delikatna oprawa zosta\u0142a wzbogacona brylantowymi diamentami, kt\u00f3re subtelnie podkre\u015blaj\u0105 wyj\u0105tkowy kolor i blask kamieni. Nowoczesny design w po\u0142\u0105czeniu z luksusowymi materia\u0142ami sprawia, \u017ce kolczyki b\u0119d\u0105 idealnym wyborem dla kobiet ceni\u0105cych ponadczasow\u0105 elegancj\u0119 oraz niepowtarzalny styl. Perfekcyjny akcent zar\u00f3wno do codziennych, jak i wieczorowych stylizacji.<\/p>","protected":false},"featured_media":3041,"comment_status":"closed","ping_status":"closed","template":"","meta":{"om_disable_all_campaigns":false},"product_brand":[2284],"product_cat":[1803,199,6858],"product_tag":[2308,3737,2296,3735,3710,1394,3734,3727,2569,2332,2898,3736],"class_list":{"0":"post-14554","1":"product","2":"type-product","3":"status-publish","4":"has-post-thumbnail","6":"product_brand-staviori","7":"product_cat-brylanty-exclusive","8":"product_cat-kolczyki","9":"product_cat-kolczyki-brylanty-exclusive","10":"product_tag-biale-zloto","11":"product_tag-blekitne-kamienie","12":"product_tag-diamenty","13":"product_tag-dse0260","14":"product_tag-elegancja","15":"product_tag-kolczyki","16":"product_tag-kzd4429","17":"product_tag-luksus","18":"product_tag-nowoczesna-bizuteria","19":"product_tag-prezent","20":"product_tag-topaz-blekitny","21":"product_tag-wyrafinowane","22":"pa_barwa-g-2","23":"pa_czystosc-si1","24":"pa_dostawca-draco","25":"pa_kamien-brylanty","26":"pa_kamien-topazy-blekitne","27":"pa_kolor-biale","28":"pa_kruszec-zloto","29":"pa_proba-0-750","30":"pa_szerokosc-4-25mm","31":"pa_waga-145g","32":"pa_wysokosc-19mm","33":"pa_zapiecie-sztyft","35":"first","36":"onbackorder","37":"purchasable","38":"product-type-simple"},"aioseo_notices":[],"_links":{"self":[{"href":"https:\/\/staviori.com.pl\/de\/wp-json\/wp\/v2\/product\/14554","targetHints":{"allow":["GET"]}}],"collection":[{"href":"https:\/\/staviori.com.pl\/de\/wp-json\/wp\/v2\/product"}],"about":[{"href":"https:\/\/staviori.com.pl\/de\/wp-json\/wp\/v2\/types\/product"}],"replies":[{"embeddable":true,"href":"https:\/\/staviori.com.pl\/de\/wp-json\/wp\/v2\/comments?post=14554"}],"wp:featuredmedia":[{"embeddable":true,"href":"https:\/\/staviori.com.pl\/de\/wp-json\/wp\/v2\/media\/3041"}],"wp:attachment":[{"href":"https:\/\/staviori.com.pl\/de\/wp-json\/wp\/v2\/media?parent=14554"}],"wp:term":[{"taxonomy":"product_brand","embeddable":true,"href":"https:\/\/staviori.com.pl\/de\/wp-json\/wp\/v2\/product_brand?post=14554"},{"taxonomy":"product_cat","embeddable":true,"href":"https:\/\/staviori.com.pl\/de\/wp-json\/wp\/v2\/product_cat?post=14554"},{"taxonomy":"product_tag","embeddable":true,"href":"https:\/\/staviori.com.pl\/de\/wp-json\/wp\/v2\/product_tag?post=14554"}],"curies":[{"name":"wp","href":"https:\/\/api.w.org\/{rel}","templated":true}]}}