{"id":14553,"date":"2025-02-24T22:46:44","date_gmt":"2025-02-24T21:46:44","guid":{"rendered":"https:\/\/staviori.com.pl\/product\/bizuteria-inwestycyjna-kolczyk-kzd4026\/"},"modified":"2026-02-11T00:08:49","modified_gmt":"2026-02-10T23:08:49","slug":"bizuteria-inwestycyjna-kolczyk-kzd4026","status":"publish","type":"product","link":"https:\/\/staviori.com.pl\/de\/product\/bizuteria-inwestycyjna-kolczyk-kzd4026\/","title":{"rendered":"Exklusive | lange Anh\u00e4nger Goldohrringe mit Onyx und Diamanten"},"content":{"rendered":"<p>Model: DSE1183<br \/>\nWaga ok. 11,90g<\/p>\n<p>Ohrringe.<br \/>\nGelbgold 0,750.<br \/>\n72 Diamenty, szlif brylantowy, o masie 0,24ct, barwa G-H, czysto\u015b\u0107 SI1.<br \/>\nOnyks, o masie 9,45ct.<\/p>\n<p>D\u0142ugo\u015b\u0107 50 mm.<br \/>\nSzeroko\u015b\u0107 10.6 mm.<br \/>\nGrubo\u015b\u0107 4.85 mm.<\/p>\n<p><strong>Produkt nur auf Anfrage erh\u00e4ltlich, Vorlaufzeit ca. 5 Wochen.<\/strong><\/p>","protected":false},"excerpt":{"rendered":"<p>Wyj\u0105tkowe kolczyki wykonane z \u017c\u00f3\u0142tego z\u0142ota pr\u00f3by 0,750, zachwycaj\u0105ce odwa\u017cnym i nowoczesnym designem. Trzy owalne onyksy o \u0142\u0105cznej masie 9,45 ct tworz\u0105 harmonijn\u0105 kompozycj\u0119, podkre\u015blon\u0105 przez subtelne okr\u0119gi wysadzane 72 diamentami o brylantowym szlifie. R\u0119cznie wykonana oprawa z dekoracyjnym rantem dodaje bi\u017cuterii luksusu i klasy. Kolczyki prezentuj\u0105 si\u0119 niezwykle efektownie i doskonale sprawdz\u0105 si\u0119 jako wyrazisty akcent ka\u017cdej stylizacji. Zastosowano wygodne zapi\u0119cie angielskie (na zatrzask), kt\u00f3re zapewnia komfort i bezpiecze\u0144stwo noszenia.<\/p>","protected":false},"featured_media":3037,"comment_status":"closed","ping_status":"closed","template":"","meta":{"om_disable_all_campaigns":false},"product_brand":[2284],"product_cat":[1803,6858,199],"product_tag":[3497,2296,3739,3740,1394,3738,3727,2569,2368,2332,2522],"class_list":{"0":"post-14553","1":"product","2":"type-product","3":"status-publish","4":"has-post-thumbnail","6":"product_brand-staviori","7":"product_cat-brylanty-exclusive","8":"product_cat-kolczyki-brylanty-exclusive","9":"product_cat-kolczyki","10":"product_tag-angielskie-zapiecie","11":"product_tag-diamenty","12":"product_tag-dse1183","13":"product_tag-efektowna-bizuteria","14":"product_tag-kolczyki","15":"product_tag-kzd4026","16":"product_tag-luksus","17":"product_tag-nowoczesna-bizuteria","18":"product_tag-onyks","19":"product_tag-prezent","20":"product_tag-zolte-zloto","21":"pa_barwa-g-h","22":"pa_czystosc-si1","23":"pa_dlugosc-50mm","24":"pa_dostawca-draco","25":"pa_kamien-brylanty","26":"pa_kamien-onyks","27":"pa_kolor-zolte","28":"pa_kruszec-zloto","29":"pa_proba-0-750","30":"pa_szerokosc-10-6mm","31":"pa_waga-1190g","32":"pa_zapiecie-angielskie","34":"first","35":"onbackorder","36":"purchasable","37":"product-type-simple"},"aioseo_notices":[],"_links":{"self":[{"href":"https:\/\/staviori.com.pl\/de\/wp-json\/wp\/v2\/product\/14553","targetHints":{"allow":["GET"]}}],"collection":[{"href":"https:\/\/staviori.com.pl\/de\/wp-json\/wp\/v2\/product"}],"about":[{"href":"https:\/\/staviori.com.pl\/de\/wp-json\/wp\/v2\/types\/product"}],"replies":[{"embeddable":true,"href":"https:\/\/staviori.com.pl\/de\/wp-json\/wp\/v2\/comments?post=14553"}],"wp:featuredmedia":[{"embeddable":true,"href":"https:\/\/staviori.com.pl\/de\/wp-json\/wp\/v2\/media\/3037"}],"wp:attachment":[{"href":"https:\/\/staviori.com.pl\/de\/wp-json\/wp\/v2\/media?parent=14553"}],"wp:term":[{"taxonomy":"product_brand","embeddable":true,"href":"https:\/\/staviori.com.pl\/de\/wp-json\/wp\/v2\/product_brand?post=14553"},{"taxonomy":"product_cat","embeddable":true,"href":"https:\/\/staviori.com.pl\/de\/wp-json\/wp\/v2\/product_cat?post=14553"},{"taxonomy":"product_tag","embeddable":true,"href":"https:\/\/staviori.com.pl\/de\/wp-json\/wp\/v2\/product_tag?post=14553"}],"curies":[{"name":"wp","href":"https:\/\/api.w.org\/{rel}","templated":true}]}}