{"id":14551,"date":"2025-02-24T22:46:44","date_gmt":"2025-02-24T21:46:44","guid":{"rendered":"https:\/\/staviori.com.pl\/product\/bizuteria-inwestycyjna-kolczyk-kzd4019\/"},"modified":"2026-02-11T00:08:49","modified_gmt":"2026-02-10T23:08:49","slug":"bizuteria-inwestycyjna-kolczyk-kzd4019","status":"publish","type":"product","link":"https:\/\/staviori.com.pl\/de\/product\/bizuteria-inwestycyjna-kolczyk-kzd4019\/","title":{"rendered":"Exklusiv | Ohrringe aus 18 Karat Gelbgold, T\u00fcrkis, Diamanten"},"content":{"rendered":"<p>Model: DSE1026T<br \/>\nWaga ok. 3,69g<\/p>\n<p>Ohrringe.<br \/>\nGelbgold 0,750.<br \/>\n162 Diamenty, szlif brylantowy, o masie 0,63ct, barwa G-H, czysto\u015b\u0107 SI1.<br \/>\nTurkus, o masie 1,70ct.<\/p>\n<p>Szeroko\u015b\u0107 10 mm.<br \/>\nGrubo\u015b\u0107 4.6 mm.<\/p>\n<p><strong>Produkt nur auf Anfrage erh\u00e4ltlich, Vorlaufzeit ca. 5 Wochen.<\/strong><\/p>","protected":false},"excerpt":{"rendered":"<p>Ol\u015bniewaj\u0105ce kolczyki z \u017c\u00f3\u0142tego z\u0142ota, w kt\u00f3rych centralnym punktem jest turkus o hipnotyzuj\u0105cym, intensywnie niebieskim kolorze. Ca\u0142o\u015b\u0107 podkre\u015blona zosta\u0142a a\u017c 162 l\u015bni\u0105cymi diamentami, kt\u00f3re pi\u0119knie roz\u015bwietlaj\u0105 ca\u0142\u0105 kompozycj\u0119. Geometryczna forma oraz niebanalne zestawienie kamieni sprawiaj\u0105, \u017ce te kolczyki to prawdziwy wyraz luksusu i dobrego smaku. Idealne dla kobiet ceni\u0105cych wyj\u0105tkow\u0105 bi\u017cuteri\u0119 oraz odwa\u017cne dodatki.<\/p>","protected":false},"featured_media":3033,"comment_status":"closed","ping_status":"closed","template":"","meta":{"om_disable_all_campaigns":false},"product_brand":[2284],"product_cat":[1803,199,6858],"product_tag":[3754,3751,2296,3745,3769,3755,3710,3763,3766,3760,3765,1394,3768,3727,3764,3767,3761,2912,3770,3771,3744,3750,2522],"class_list":{"0":"post-14551","1":"product","2":"type-product","3":"status-publish","4":"has-post-thumbnail","6":"product_brand-staviori","7":"product_cat-brylanty-exclusive","8":"product_cat-kolczyki","9":"product_cat-kolczyki-brylanty-exclusive","10":"product_tag-darek","11":"product_tag-diamanty","12":"product_tag-diamenty","13":"product_tag-diamonds","14":"product_tag-dse1026t","15":"product_tag-elegance","16":"product_tag-elegancja","17":"product_tag-geometric","18":"product_tag-geometricke","19":"product_tag-geometryczne","20":"product_tag-gift-nausnice","21":"product_tag-kolczyki","22":"product_tag-kzd4019","23":"product_tag-luksus","24":"product_tag-luxury","25":"product_tag-luxusni","26":"product_tag-prezent-earrings","27":"product_tag-turkus","28":"product_tag-turquoise","29":"product_tag-tyrkys","30":"product_tag-yellow-gold","31":"product_tag-zlute-zlato","32":"product_tag-zolte-zloto","33":"pa_barwa-g-h","34":"pa_czystosc-si1","35":"pa_dostawca-draco","36":"pa_grubosc-4-6mm","37":"pa_kamien-brylanty","38":"pa_kamien-turkus","39":"pa_kolor-zolte","40":"pa_kruszec-zloto","41":"pa_proba-0-750","42":"pa_szerokosc-10mm","43":"pa_waga-370g","44":"pa_zapiecie-sztyft","46":"first","47":"onbackorder","48":"purchasable","49":"product-type-simple"},"aioseo_notices":[],"_links":{"self":[{"href":"https:\/\/staviori.com.pl\/de\/wp-json\/wp\/v2\/product\/14551","targetHints":{"allow":["GET"]}}],"collection":[{"href":"https:\/\/staviori.com.pl\/de\/wp-json\/wp\/v2\/product"}],"about":[{"href":"https:\/\/staviori.com.pl\/de\/wp-json\/wp\/v2\/types\/product"}],"replies":[{"embeddable":true,"href":"https:\/\/staviori.com.pl\/de\/wp-json\/wp\/v2\/comments?post=14551"}],"wp:featuredmedia":[{"embeddable":true,"href":"https:\/\/staviori.com.pl\/de\/wp-json\/wp\/v2\/media\/3033"}],"wp:attachment":[{"href":"https:\/\/staviori.com.pl\/de\/wp-json\/wp\/v2\/media?parent=14551"}],"wp:term":[{"taxonomy":"product_brand","embeddable":true,"href":"https:\/\/staviori.com.pl\/de\/wp-json\/wp\/v2\/product_brand?post=14551"},{"taxonomy":"product_cat","embeddable":true,"href":"https:\/\/staviori.com.pl\/de\/wp-json\/wp\/v2\/product_cat?post=14551"},{"taxonomy":"product_tag","embeddable":true,"href":"https:\/\/staviori.com.pl\/de\/wp-json\/wp\/v2\/product_tag?post=14551"}],"curies":[{"name":"wp","href":"https:\/\/api.w.org\/{rel}","templated":true}]}}