{"id":14548,"date":"2025-02-24T22:46:39","date_gmt":"2025-02-24T21:46:39","guid":{"rendered":"https:\/\/staviori.com.pl\/product\/bizuteria-inwestycyjna-kolczyk-kzd4016\/"},"modified":"2026-02-11T00:08:49","modified_gmt":"2026-02-10T23:08:49","slug":"bizuteria-inwestycyjna-kolczyk-kzd4016","status":"publish","type":"product","link":"https:\/\/staviori.com.pl\/de\/product\/bizuteria-inwestycyjna-kolczyk-kzd4016\/","title":{"rendered":"Exklusiv | Sch\u00f6ne gr\u00fcne Diamant-Herz-Ohrringe mit Peridot"},"content":{"rendered":"<p>Model: DSE1749<br \/>\nWaga ok. 2,62g<\/p>\n<p>Ohrringe.<br \/>\nGelbgold 0,750.<br \/>\n48 Diament\u00f3w, szlif brylantowy, o masie 0,14ct, barwa G-H, czysto\u015b\u0107 SI1.<br \/>\n2 Perydoty, o masie 2,23ct.<\/p>\n<p>Wymiary 18.7&#215;19 mm.<br \/>\nGrubo\u015b\u0107 16.4 mm.<\/p>\n<p><strong>Produkt nur auf Anfrage erh\u00e4ltlich, Vorlaufzeit ca. 5 Wochen.<\/strong><\/p>","protected":false},"excerpt":{"rendered":"<p>Zachwycaj\u0105ce kolczyki z \u017c\u00f3\u0142tego z\u0142ota pr\u00f3by 0,750, kt\u00f3re \u0142\u0105cz\u0105 w sobie romantyzm i luksusowy blask. Centralnym punktem s\u0105 sercowate perydoty o intensywnie zielonej barwie, kt\u00f3rych \u0142\u0105czna masa to 2,23 ct. Kamienie otacza subtelny wianek z 48 diament\u00f3w o \u0142\u0105cznej masie 0,14 ct, kt\u00f3re dodaj\u0105 kolczykom elegancji i \u015bwietlisto\u015bci. Delikatna forma i wyj\u0105tkowy szlif kamieni sprawiaj\u0105, \u017ce kolczyki prezentuj\u0105 si\u0119 niezwykle efektownie na uchu. Idealne jako prezent dla osoby bliskiej sercu.<\/p>","protected":false},"featured_media":18430,"comment_status":"closed","ping_status":"closed","template":"","meta":{"om_disable_all_campaigns":false},"product_brand":[2284],"product_cat":[1803,199,6858],"product_tag":[2612,2296,3712,2317,1394,3711,3279,3713,1414,2522],"class_list":{"0":"post-14548","1":"product","2":"type-product","3":"status-publish","4":"has-post-thumbnail","6":"product_brand-staviori","7":"product_cat-brylanty-exclusive","8":"product_cat-kolczyki","9":"product_cat-kolczyki-brylanty-exclusive","10":"product_tag-bizuteria-z-kamieniami","11":"product_tag-diamenty","12":"product_tag-dse1749","13":"product_tag-elegancka-bizuteria","14":"product_tag-kolczyki","15":"product_tag-kzd4016","16":"product_tag-perydot","17":"product_tag-romantyczny-prezent","18":"product_tag-serce","19":"product_tag-zolte-zloto","20":"pa_barwa-g-h","21":"pa_czystosc-si1","22":"pa_dostawca-draco","23":"pa_grubosc-16-4mm","24":"pa_kamien-brylanty","25":"pa_kamien-perydoty","26":"pa_kolor-zolte","27":"pa_kruszec-zloto","28":"pa_proba-0-750","29":"pa_waga-260g","30":"pa_wymiary-18-7x19mm","31":"pa_zapiecie-sztyft","33":"first","34":"onbackorder","35":"purchasable","36":"product-type-simple"},"aioseo_notices":[],"_links":{"self":[{"href":"https:\/\/staviori.com.pl\/de\/wp-json\/wp\/v2\/product\/14548","targetHints":{"allow":["GET"]}}],"collection":[{"href":"https:\/\/staviori.com.pl\/de\/wp-json\/wp\/v2\/product"}],"about":[{"href":"https:\/\/staviori.com.pl\/de\/wp-json\/wp\/v2\/types\/product"}],"replies":[{"embeddable":true,"href":"https:\/\/staviori.com.pl\/de\/wp-json\/wp\/v2\/comments?post=14548"}],"wp:featuredmedia":[{"embeddable":true,"href":"https:\/\/staviori.com.pl\/de\/wp-json\/wp\/v2\/media\/18430"}],"wp:attachment":[{"href":"https:\/\/staviori.com.pl\/de\/wp-json\/wp\/v2\/media?parent=14548"}],"wp:term":[{"taxonomy":"product_brand","embeddable":true,"href":"https:\/\/staviori.com.pl\/de\/wp-json\/wp\/v2\/product_brand?post=14548"},{"taxonomy":"product_cat","embeddable":true,"href":"https:\/\/staviori.com.pl\/de\/wp-json\/wp\/v2\/product_cat?post=14548"},{"taxonomy":"product_tag","embeddable":true,"href":"https:\/\/staviori.com.pl\/de\/wp-json\/wp\/v2\/product_tag?post=14548"}],"curies":[{"name":"wp","href":"https:\/\/api.w.org\/{rel}","templated":true}]}}