{"id":14547,"date":"2025-02-24T22:46:39","date_gmt":"2025-02-24T21:46:39","guid":{"rendered":"https:\/\/staviori.com.pl\/product\/bizuteria-inwestycyjna-kolczyk-kzd4015\/"},"modified":"2026-02-11T00:08:49","modified_gmt":"2026-02-10T23:08:49","slug":"bizuteria-inwestycyjna-kolczyk-kzd4015","status":"publish","type":"product","link":"https:\/\/staviori.com.pl\/de\/product\/bizuteria-inwestycyjna-kolczyk-kzd4015\/","title":{"rendered":"Exklusive Ohrringe aus Gold mit T\u00fcrkis und Diamanten"},"content":{"rendered":"<p>Model: DSE1746<br \/>\nWaga ok. 2,81g<\/p>\n<p>Ohrringe.<br \/>\nGelbgold 0,750.<br \/>\n52 Diamenty, szlif brylantowy, o masie 0,16ct, barwa G-H, czysto\u015b\u0107 SI1.<br \/>\nTurkus, o masie 2,18ct.<\/p>\n<p>\u015arednica 9.7 mm.<br \/>\nGrubo\u015b\u0107 6.4 mm.<\/p>\n<p><strong>Produkt nur auf Anfrage erh\u00e4ltlich, Vorlaufzeit ca. 5 Wochen.<\/strong><\/p>","protected":false},"excerpt":{"rendered":"<p>Wyj\u0105tkowe kolczyki z \u017c\u00f3\u0142tego z\u0142ota pr\u00f3by 0,750, kt\u00f3rych centralnym elementem s\u0105 intensywnie niebieskie turkusy o masie 2,18 ct. Kamienie zosta\u0142y otoczone delikatnym halo z 52 diament\u00f3w o \u0142\u0105cznej masie 0,16 ct, tworz\u0105c subtelny kontrast i niezwykle elegancki efekt wizualny. To bi\u017cuteria o wyrazistym charakterze, kt\u00f3ra idealnie \u0142\u0105czy szlachetno\u015b\u0107 z modnym stylem vintage.<\/p>","protected":false},"featured_media":18414,"comment_status":"closed","ping_status":"closed","template":"","meta":{"om_disable_all_campaigns":false},"product_brand":[2284],"product_cat":[1803,6858,199],"product_tag":[3696,2317,1394,2667,3698,3697,2639,3700,3699,2683],"class_list":{"0":"post-14547","1":"product","2":"type-product","3":"status-publish","4":"has-post-thumbnail","6":"product_brand-staviori","7":"product_cat-brylanty-exclusive","8":"product_cat-kolczyki-brylanty-exclusive","9":"product_cat-kolczyki","10":"product_tag-dse1746","11":"product_tag-elegancka-bizuteria","12":"product_tag-kolczyki","13":"product_tag-kolczyki-z-diamentami","14":"product_tag-kolczyki-z-turkusem","15":"product_tag-kzd4015","16":"product_tag-prezent-premium","17":"product_tag-styl-vintage","18":"product_tag-turkusowa-bizuteria","19":"product_tag-zlote-kolczyki","20":"pa_barwa-g-h","21":"pa_czystosc-si1","22":"pa_dostawca-draco","23":"pa_grubosc-6-4mm","24":"pa_kamien-brylanty","25":"pa_kamien-turkus","26":"pa_kolor-zolte","27":"pa_kruszec-zloto","28":"pa_proba-0-750","29":"pa_srednica-9-7mm","30":"pa_waga-280g","31":"pa_zapiecie-sztyft","33":"first","34":"onbackorder","35":"purchasable","36":"product-type-simple"},"aioseo_notices":[],"_links":{"self":[{"href":"https:\/\/staviori.com.pl\/de\/wp-json\/wp\/v2\/product\/14547","targetHints":{"allow":["GET"]}}],"collection":[{"href":"https:\/\/staviori.com.pl\/de\/wp-json\/wp\/v2\/product"}],"about":[{"href":"https:\/\/staviori.com.pl\/de\/wp-json\/wp\/v2\/types\/product"}],"replies":[{"embeddable":true,"href":"https:\/\/staviori.com.pl\/de\/wp-json\/wp\/v2\/comments?post=14547"}],"wp:featuredmedia":[{"embeddable":true,"href":"https:\/\/staviori.com.pl\/de\/wp-json\/wp\/v2\/media\/18414"}],"wp:attachment":[{"href":"https:\/\/staviori.com.pl\/de\/wp-json\/wp\/v2\/media?parent=14547"}],"wp:term":[{"taxonomy":"product_brand","embeddable":true,"href":"https:\/\/staviori.com.pl\/de\/wp-json\/wp\/v2\/product_brand?post=14547"},{"taxonomy":"product_cat","embeddable":true,"href":"https:\/\/staviori.com.pl\/de\/wp-json\/wp\/v2\/product_cat?post=14547"},{"taxonomy":"product_tag","embeddable":true,"href":"https:\/\/staviori.com.pl\/de\/wp-json\/wp\/v2\/product_tag?post=14547"}],"curies":[{"name":"wp","href":"https:\/\/api.w.org\/{rel}","templated":true}]}}