{"id":14545,"date":"2025-02-24T22:46:39","date_gmt":"2025-02-24T21:46:39","guid":{"rendered":"https:\/\/staviori.com.pl\/product\/bizuteria-inwestycyjna-kolczyk-kzd4013\/"},"modified":"2026-02-11T00:08:49","modified_gmt":"2026-02-10T23:08:49","slug":"bizuteria-inwestycyjna-kolczyk-kzd4013","status":"publish","type":"product","link":"https:\/\/staviori.com.pl\/de\/product\/bizuteria-inwestycyjna-kolczyk-kzd4013\/","title":{"rendered":"Exklusiv | Stattliche Diamant-Ohrringe aus 18 Karat Gold"},"content":{"rendered":"<p>Model: DDE0377<br \/>\nWaga ok. 9,85g<\/p>\n<p>Ohrringe.<br \/>\nGelbgold 0,750.<br \/>\n154 Diamenty, szlif brylantowy, o masie 1,19ct, barwa G-H, czysto\u015b\u0107 SI1.<\/p>\n<p>D\u0142ugo\u015b\u0107 16.1 mm.<br \/>\nSzeroko\u015b\u0107 15.5 mm.<br \/>\n\u015arednica 17.6 mm.<br \/>\nGrubo\u015b\u0107 3.3 mm.<\/p>\n<p><strong>Produkt nur auf Anfrage erh\u00e4ltlich, Vorlaufzeit ca. 5 Wochen.<\/strong><\/p>","protected":false},"excerpt":{"rendered":"<p>Spektakularne kolczyki wykonane z \u017c\u00f3\u0142tego z\u0142ota pr\u00f3by 0,750, wysadzane a\u017c 154 diamentami o \u0142\u0105cznej masie 1,19 ct, to wyraz luksusu i kunsztu jubilerskiego. Trzy rz\u0119dy l\u015bni\u0105cych brylant\u00f3w tworz\u0105 efekt ol\u015bniewaj\u0105cej tafli \u015bwiat\u0142a, przyci\u0105gaj\u0105c uwag\u0119 i podkre\u015blaj\u0105c presti\u017c nosz\u0105cej je osoby. Solidna forma i precyzyjne wykonanie sprawiaj\u0105, \u017ce to doskona\u0142y wyb\u00f3r na wyj\u0105tkowe okazje oraz jako ekskluzywny prezent.<\/p>","protected":false},"featured_media":18402,"comment_status":"closed","ping_status":"closed","template":"","meta":{"om_disable_all_campaigns":false},"product_brand":[2284],"product_cat":[1803,6858,199],"product_tag":[2591,2754,3688,3690,1394,2672,2667,3689,2280,2683],"class_list":{"0":"post-14545","1":"product","2":"type-product","3":"status-publish","4":"has-post-thumbnail","6":"product_brand-staviori","7":"product_cat-brylanty-exclusive","8":"product_cat-kolczyki-brylanty-exclusive","9":"product_cat-kolczyki","10":"product_tag-bizuteria-premium","11":"product_tag-bizuteria-wieczorowa","12":"product_tag-dde0377","13":"product_tag-elegancki-prezent","14":"product_tag-kolczyki","15":"product_tag-kolczyki-z-brylantami","16":"product_tag-kolczyki-z-diamentami","17":"product_tag-kzd4013","18":"product_tag-luksusowa-bizuteria","19":"product_tag-zlote-kolczyki","20":"pa_barwa-g-h","21":"pa_czystosc-si1","22":"pa_dlugosc-16-1mm","23":"pa_dostawca-draco","24":"pa_kamien-brylanty","25":"pa_kolor-zolte","26":"pa_kruszec-zloto","27":"pa_proba-0-750","28":"pa_szerokosc-15-5mm","29":"pa_waga-980g","30":"pa_zapiecie-angielskie","31":"pa_zapiecie-zatrzaskowe","33":"first","34":"onbackorder","35":"purchasable","36":"product-type-simple"},"aioseo_notices":[],"_links":{"self":[{"href":"https:\/\/staviori.com.pl\/de\/wp-json\/wp\/v2\/product\/14545","targetHints":{"allow":["GET"]}}],"collection":[{"href":"https:\/\/staviori.com.pl\/de\/wp-json\/wp\/v2\/product"}],"about":[{"href":"https:\/\/staviori.com.pl\/de\/wp-json\/wp\/v2\/types\/product"}],"replies":[{"embeddable":true,"href":"https:\/\/staviori.com.pl\/de\/wp-json\/wp\/v2\/comments?post=14545"}],"wp:featuredmedia":[{"embeddable":true,"href":"https:\/\/staviori.com.pl\/de\/wp-json\/wp\/v2\/media\/18402"}],"wp:attachment":[{"href":"https:\/\/staviori.com.pl\/de\/wp-json\/wp\/v2\/media?parent=14545"}],"wp:term":[{"taxonomy":"product_brand","embeddable":true,"href":"https:\/\/staviori.com.pl\/de\/wp-json\/wp\/v2\/product_brand?post=14545"},{"taxonomy":"product_cat","embeddable":true,"href":"https:\/\/staviori.com.pl\/de\/wp-json\/wp\/v2\/product_cat?post=14545"},{"taxonomy":"product_tag","embeddable":true,"href":"https:\/\/staviori.com.pl\/de\/wp-json\/wp\/v2\/product_tag?post=14545"}],"curies":[{"name":"wp","href":"https:\/\/api.w.org\/{rel}","templated":true}]}}