{"id":14544,"date":"2025-02-24T22:46:39","date_gmt":"2025-02-24T21:46:39","guid":{"rendered":"https:\/\/staviori.com.pl\/product\/bizuteria-inwestycyjna-kolczyk-kzd4010\/"},"modified":"2026-02-11T00:08:49","modified_gmt":"2026-02-10T23:08:49","slug":"bizuteria-inwestycyjna-kolczyk-kzd4010","status":"publish","type":"product","link":"https:\/\/staviori.com.pl\/de\/product\/bizuteria-inwestycyjna-kolczyk-kzd4010\/","title":{"rendered":"Excslusive | wundersch\u00f6ne Blumenohrringe mit Diamanten in 18K Gold"},"content":{"rendered":"<p>Model: DDE1487<br \/>\nWaga ok. 1,11g<\/p>\n<p>Ohrringe.<br \/>\nGelbgold 0,750.<br \/>\n10 Diament\u00f3w, szlif brylantowy, o masie 0,13ct, barwa G-H, czysto\u015b\u0107 SI1.<\/p>\n<p>4 mm breit.<br \/>\nGrubo\u015b\u0107 2.85 mm.<\/p>\n<p>Produkt nur auf Anfrage erh\u00e4ltlich, Vorlaufzeit ca. 5 Wochen.<\/p>","protected":false},"excerpt":{"rendered":"<p>Urocze kolczyki wykonane z \u017c\u00f3\u0142tego z\u0142ota pr\u00f3by 0,750, w kt\u00f3rych 10 diament\u00f3w tworzy subteln\u0105 kompozycj\u0119 w formie drobnego kwiatu lub motyla. Brylanty o \u0142\u0105cznej masie 0,13 ct pi\u0119knie rozpraszaj\u0105 \u015bwiat\u0142o, dodaj\u0105c bi\u017cuterii eleganckiego blasku. Ten wyj\u0105tkowy model b\u0119dzie doskona\u0142ym wyborem dla kobiet ceni\u0105cych delikatne, a jednocze\u015bnie luksusowe dodatki.<\/p>","protected":false},"featured_media":18399,"comment_status":"closed","ping_status":"closed","template":"","meta":{"om_disable_all_campaigns":false},"product_brand":[2284],"product_cat":[1803,199,6858],"product_tag":[2591,3685,1394,3322,2667,3684,2280,2291,3686,2683],"class_list":{"0":"post-14544","1":"product","2":"type-product","3":"status-publish","4":"has-post-thumbnail","6":"product_brand-staviori","7":"product_cat-brylanty-exclusive","8":"product_cat-kolczyki","9":"product_cat-kolczyki-brylanty-exclusive","10":"product_tag-bizuteria-premium","11":"product_tag-dde1487","12":"product_tag-kolczyki","13":"product_tag-kolczyki-motyle","14":"product_tag-kolczyki-z-diamentami","15":"product_tag-kzd4010","16":"product_tag-luksusowa-bizuteria","17":"product_tag-prezent-dla-niej","18":"product_tag-subtelna-elegancja","19":"product_tag-zlote-kolczyki","20":"pa_barwa-g-h","21":"pa_czystosc-si1","22":"pa_dostawca-draco","23":"pa_grubosc-2-85mm","24":"pa_kamien-brylanty","25":"pa_kolor-zolte","26":"pa_kruszec-zloto","27":"pa_motyw-kwiatek","28":"pa_proba-0-750","29":"pa_szerokosc-4mm","30":"pa_waga-110g","31":"pa_zapiecie-sztyft","33":"first","34":"onbackorder","35":"purchasable","36":"product-type-simple"},"aioseo_notices":[],"_links":{"self":[{"href":"https:\/\/staviori.com.pl\/de\/wp-json\/wp\/v2\/product\/14544","targetHints":{"allow":["GET"]}}],"collection":[{"href":"https:\/\/staviori.com.pl\/de\/wp-json\/wp\/v2\/product"}],"about":[{"href":"https:\/\/staviori.com.pl\/de\/wp-json\/wp\/v2\/types\/product"}],"replies":[{"embeddable":true,"href":"https:\/\/staviori.com.pl\/de\/wp-json\/wp\/v2\/comments?post=14544"}],"wp:featuredmedia":[{"embeddable":true,"href":"https:\/\/staviori.com.pl\/de\/wp-json\/wp\/v2\/media\/18399"}],"wp:attachment":[{"href":"https:\/\/staviori.com.pl\/de\/wp-json\/wp\/v2\/media?parent=14544"}],"wp:term":[{"taxonomy":"product_brand","embeddable":true,"href":"https:\/\/staviori.com.pl\/de\/wp-json\/wp\/v2\/product_brand?post=14544"},{"taxonomy":"product_cat","embeddable":true,"href":"https:\/\/staviori.com.pl\/de\/wp-json\/wp\/v2\/product_cat?post=14544"},{"taxonomy":"product_tag","embeddable":true,"href":"https:\/\/staviori.com.pl\/de\/wp-json\/wp\/v2\/product_tag?post=14544"}],"curies":[{"name":"wp","href":"https:\/\/api.w.org\/{rel}","templated":true}]}}