{"id":14543,"date":"2025-02-24T22:46:39","date_gmt":"2025-02-24T21:46:39","guid":{"rendered":"https:\/\/staviori.com.pl\/product\/kolczyk-z-brylantami-kzd3876\/"},"modified":"2026-02-11T00:08:49","modified_gmt":"2026-02-10T23:08:49","slug":"kolczyk-z-brylantami-kzd3876","status":"publish","type":"product","link":"https:\/\/staviori.com.pl\/de\/product\/kolczyk-z-brylantami-kzd3876\/","title":{"rendered":"Sch\u00f6ne runde Diamant-Ohrringe"},"content":{"rendered":"<p>odel: KZD3876<br \/>\nGewicht ca. 1,90g<\/p>\n<p>Ohrringe.<br \/>\nGelbgold 0,585.<br \/>\n48 Diament\u00f3w, szlif brylantowy, o masie 0,30ct, barwa H, czysto\u015b\u0107 SI2.<\/p>\n<p>\u015arednica oko\u0142o 10 mm.<\/p>\n<p><strong>Produkt dost\u0119pny wy\u0142\u0105cznie na zam\u00f3wienie, czas realizacji ok. 4 tygodnie.<\/strong><\/p>","protected":false},"excerpt":{"rendered":"<p>Eleganckie kolczyki z \u017c\u00f3\u0142tego z\u0142ota pr\u00f3by 0,585, ozdobione a\u017c 48 brylantami o \u0142\u0105cznej masie 0,30 ct. L\u015bni\u0105ce kamienie zosta\u0142y osadzone w okr\u0105g\u0142ej formie, tworz\u0105c efekt subtelnego roz\u015bwietlenia i g\u0142\u0119bi. Kontrast pomi\u0119dzy ciep\u0142ym tonem z\u0142ota a blaskiem diament\u00f3w nadaje ca\u0142o\u015bci klasy i ponadczasowego uroku. Idealne jako luksusowy dodatek do codziennych stylizacji lub prezent na wyj\u0105tkow\u0105 okazj\u0119.<\/p>","protected":false},"featured_media":18394,"comment_status":"closed","ping_status":"closed","template":"","meta":{"om_disable_all_campaigns":false},"product_brand":[2284],"product_cat":[1803,1838,1990,199,6858],"product_tag":[2317,2603,1394,2667,3682,2280,3683,2639,2683],"class_list":{"0":"post-14543","1":"product","2":"type-product","3":"status-publish","4":"has-post-thumbnail","6":"product_brand-staviori","7":"product_cat-brylanty-exclusive","8":"product_cat-diamenty","9":"product_cat-kolczyk-z-brylantami","10":"product_cat-kolczyki","11":"product_cat-kolczyki-brylanty-exclusive","12":"product_tag-elegancka-bizuteria","13":"product_tag-klasyczna-bizuteria","14":"product_tag-kolczyki","15":"product_tag-kolczyki-z-diamentami","16":"product_tag-kzd3876","17":"product_tag-luksusowa-bizuteria","18":"product_tag-okragle-kolczyki","19":"product_tag-prezent-premium","20":"product_tag-zlote-kolczyki","21":"pa_barwa-h-2","22":"pa_czystosc-si2","23":"pa_dostawca-estrella","24":"pa_kamien-brylanty","25":"pa_kolor-zolte","26":"pa_kruszec-zloto","27":"pa_proba-0-585","28":"pa_srednica-mm","29":"pa_waga-190g","30":"pa_zapiecie-sztyft","32":"first","33":"onbackorder","34":"purchasable","35":"product-type-simple"},"aioseo_notices":[],"_links":{"self":[{"href":"https:\/\/staviori.com.pl\/de\/wp-json\/wp\/v2\/product\/14543","targetHints":{"allow":["GET"]}}],"collection":[{"href":"https:\/\/staviori.com.pl\/de\/wp-json\/wp\/v2\/product"}],"about":[{"href":"https:\/\/staviori.com.pl\/de\/wp-json\/wp\/v2\/types\/product"}],"replies":[{"embeddable":true,"href":"https:\/\/staviori.com.pl\/de\/wp-json\/wp\/v2\/comments?post=14543"}],"wp:featuredmedia":[{"embeddable":true,"href":"https:\/\/staviori.com.pl\/de\/wp-json\/wp\/v2\/media\/18394"}],"wp:attachment":[{"href":"https:\/\/staviori.com.pl\/de\/wp-json\/wp\/v2\/media?parent=14543"}],"wp:term":[{"taxonomy":"product_brand","embeddable":true,"href":"https:\/\/staviori.com.pl\/de\/wp-json\/wp\/v2\/product_brand?post=14543"},{"taxonomy":"product_cat","embeddable":true,"href":"https:\/\/staviori.com.pl\/de\/wp-json\/wp\/v2\/product_cat?post=14543"},{"taxonomy":"product_tag","embeddable":true,"href":"https:\/\/staviori.com.pl\/de\/wp-json\/wp\/v2\/product_tag?post=14543"}],"curies":[{"name":"wp","href":"https:\/\/api.w.org\/{rel}","templated":true}]}}