{"id":14541,"date":"2025-02-24T22:46:39","date_gmt":"2025-02-24T21:46:39","guid":{"rendered":"https:\/\/staviori.com.pl\/product\/bizuteria-inwestycyjna-kolczyk-kzd3514\/"},"modified":"2026-02-11T00:08:49","modified_gmt":"2026-02-10T23:08:49","slug":"bizuteria-inwestycyjna-kolczyk-kzd3514","status":"publish","type":"product","link":"https:\/\/staviori.com.pl\/de\/product\/bizuteria-inwestycyjna-kolczyk-kzd3514\/","title":{"rendered":"Exklusive Wespenohrringe mit Diamanten in 18 Karat Gold"},"content":{"rendered":"<p>Model: DDE1298<br \/>\nWaga ok. 4,30g<br \/>\nOhrringe.<br \/>\nGelbgold 0,750.<br \/>\n54 Diamenty, szlif brylantowy, o masie 0,46ct, barwa G-H, czysto\u015b\u0107 SI1.<br \/>\n96 Diament\u00f3w, kolor szampa\u0144ski, szlif brylantowy, o masie0,59ct.<br \/>\n40 Diament\u00f3w, kolor czarny, szlif brylantowy, o masie 0,27ct.<\/p>\n<p>Wymiary 15&#215;18 mm.<br \/>\nGrubo\u015b\u0107 8 mm.<\/p>\n<p><strong>Produkt nur auf Anfrage erh\u00e4ltlich, Vorlaufzeit ca. 5 Wochen.<\/strong><\/p>","protected":false},"excerpt":{"rendered":"<p>Zachwycaj\u0105ce kolczyki w formie os wykonane z \u017c\u00f3\u0142tego z\u0142ota pr\u00f3by 0,750 to bi\u017cuteria, kt\u00f3ra przyci\u0105ga spojrzenia i emanuje charakterem. Skrzyde\u0142ka zdobi\u0105 54 bia\u0142e diamenty o \u0142\u0105cznej masie 0,46 ct, korpusy pokryte s\u0105 96 szampa\u0144skimi oraz 40 czarnymi diamentami, co tworzy niezwykle realistyczny, a jednocze\u015bnie artystyczny efekt. Bogato zdobiony wz\u00f3r pe\u0142en detali i kontrast\u00f3w to propozycja dla kobiet, kt\u00f3re kochaj\u0105 wyj\u0105tkowe formy i luksusowe wyko\u0144czenie.<\/p>","protected":false},"featured_media":18381,"comment_status":"closed","ping_status":"closed","template":"","meta":{"om_disable_all_campaigns":false},"product_brand":[2284],"product_cat":[1803,6858,199],"product_tag":[2907,3674,3676,1394,3677,2667,3673,2280,2967,2683],"class_list":{"0":"post-14541","1":"product","2":"type-product","3":"status-publish","4":"has-post-thumbnail","6":"product_brand-staviori","7":"product_cat-brylanty-exclusive","8":"product_cat-kolczyki-brylanty-exclusive","9":"product_cat-kolczyki","10":"product_tag-bizuteria-artystyczna","11":"product_tag-dde1298","12":"product_tag-diamenty-kolorowe","13":"product_tag-kolczyki","14":"product_tag-kolczyki-osy","15":"product_tag-kolczyki-z-diamentami","16":"product_tag-kzd3514","17":"product_tag-luksusowa-bizuteria","18":"product_tag-oryginalna-bizuteria","19":"product_tag-zlote-kolczyki","20":"pa_barwa-g-h","21":"pa_czystosc-si1","22":"pa_dostawca-draco","23":"pa_grubosc-8mm","24":"pa_kamien-biale-diamenty","25":"pa_kamien-czarne-diamenty","26":"pa_kamien-diamenty-szampanskie","27":"pa_kolor-zolte","28":"pa_kruszec-zloto","29":"pa_proba-0-750","30":"pa_waga-430g","31":"pa_wymiary-15x18mm","32":"pa_zapiecie-sztyft","34":"first","35":"onbackorder","36":"purchasable","37":"product-type-simple"},"aioseo_notices":[],"_links":{"self":[{"href":"https:\/\/staviori.com.pl\/de\/wp-json\/wp\/v2\/product\/14541","targetHints":{"allow":["GET"]}}],"collection":[{"href":"https:\/\/staviori.com.pl\/de\/wp-json\/wp\/v2\/product"}],"about":[{"href":"https:\/\/staviori.com.pl\/de\/wp-json\/wp\/v2\/types\/product"}],"replies":[{"embeddable":true,"href":"https:\/\/staviori.com.pl\/de\/wp-json\/wp\/v2\/comments?post=14541"}],"wp:featuredmedia":[{"embeddable":true,"href":"https:\/\/staviori.com.pl\/de\/wp-json\/wp\/v2\/media\/18381"}],"wp:attachment":[{"href":"https:\/\/staviori.com.pl\/de\/wp-json\/wp\/v2\/media?parent=14541"}],"wp:term":[{"taxonomy":"product_brand","embeddable":true,"href":"https:\/\/staviori.com.pl\/de\/wp-json\/wp\/v2\/product_brand?post=14541"},{"taxonomy":"product_cat","embeddable":true,"href":"https:\/\/staviori.com.pl\/de\/wp-json\/wp\/v2\/product_cat?post=14541"},{"taxonomy":"product_tag","embeddable":true,"href":"https:\/\/staviori.com.pl\/de\/wp-json\/wp\/v2\/product_tag?post=14541"}],"curies":[{"name":"wp","href":"https:\/\/api.w.org\/{rel}","templated":true}]}}