{"id":14540,"date":"2025-02-24T22:46:39","date_gmt":"2025-02-24T21:46:39","guid":{"rendered":"https:\/\/staviori.com.pl\/product\/bizuteria-inwestycyjna-kolczyk-kzd2672\/"},"modified":"2026-02-11T00:08:49","modified_gmt":"2026-02-10T23:08:49","slug":"bizuteria-inwestycyjna-kolczyk-kzd2672","status":"publish","type":"product","link":"https:\/\/staviori.com.pl\/de\/product\/bizuteria-inwestycyjna-kolczyk-kzd2672\/","title":{"rendered":"Exklusive Ohrringe aus Gold mit 0,50 Karat Diamanten"},"content":{"rendered":"<p>Model: KZD2672<br \/>\nGewicht ca. 2,40g<\/p>\n<p>Ohrringe.<br \/>\nGelbgold 0,750.<br \/>\n2 Diamenty, szlif brylantowy, o masie 0,38ct, barwa G-H, czysto\u015b\u0107 SI1.<br \/>\n24 Diamenty, szlif brylantowy, o masie 0,12ct, barwa G-H, czysto\u015b\u0107 SI1.<\/p>\n<p>Wymiary 17&#215;6.3 mm.<\/p>\n<p><strong>Produkt nur auf Anfrage erh\u00e4ltlich, Vorlaufzeit ca. 5 Wochen.<\/strong><br \/>\nKolor z\u0142ota do wyboru.<\/p>","protected":false},"excerpt":{"rendered":"<p>Ol\u015bniewaj\u0105ce kolczyki z \u017c\u00f3\u0142tego z\u0142ota pr\u00f3by 0,750 to wyrafinowana forma luksusu. W centralnym punkcie kompozycji znajduj\u0105 si\u0119 dwa wi\u0119ksze diamenty o \u0142\u0105cznej masie 0,38 ct, otoczone subteln\u0105 lini\u0105 a\u017c 24 mniejszych brylant\u00f3w. Ich dynamiczny, elegancki kszta\u0142t przyci\u0105ga wzrok i emanuje ponadczasow\u0105 klas\u0105. To bi\u017cuteria stworzona z my\u015bl\u0105 o kobietach, kt\u00f3re kochaj\u0105 blask i niebanalny styl.<\/p>","protected":false},"featured_media":2960,"comment_status":"closed","ping_status":"closed","template":"","meta":{"om_disable_all_campaigns":false},"product_brand":[2284],"product_cat":[1803,199,6858],"product_tag":[2591,2301,2317,1394,2686,2667,2280,2683],"class_list":{"0":"post-14540","1":"product","2":"type-product","3":"status-publish","4":"has-post-thumbnail","6":"product_brand-staviori","7":"product_cat-brylanty-exclusive","8":"product_cat-kolczyki","9":"product_cat-kolczyki-brylanty-exclusive","10":"product_tag-bizuteria-premium","11":"product_tag-brylanty","12":"product_tag-elegancka-bizuteria","13":"product_tag-kolczyki","14":"product_tag-kolczyki-wieczorowe","15":"product_tag-kolczyki-z-diamentami","16":"product_tag-luksusowa-bizuteria","17":"product_tag-zlote-kolczyki","18":"pa_barwa-g-h","19":"pa_czystosc-si1","20":"pa_dostawca-estrella","21":"pa_dostawca-rosy-blue","22":"pa_kamien-brylanty","23":"pa_kolor-zolte","24":"pa_kruszec-zloto","25":"pa_proba-0-750","26":"pa_waga-240g","27":"pa_wymiary-17x6-3mm","28":"pa_zapiecie-sztyft","30":"first","31":"onbackorder","32":"purchasable","33":"product-type-simple"},"aioseo_notices":[],"_links":{"self":[{"href":"https:\/\/staviori.com.pl\/de\/wp-json\/wp\/v2\/product\/14540","targetHints":{"allow":["GET"]}}],"collection":[{"href":"https:\/\/staviori.com.pl\/de\/wp-json\/wp\/v2\/product"}],"about":[{"href":"https:\/\/staviori.com.pl\/de\/wp-json\/wp\/v2\/types\/product"}],"replies":[{"embeddable":true,"href":"https:\/\/staviori.com.pl\/de\/wp-json\/wp\/v2\/comments?post=14540"}],"wp:featuredmedia":[{"embeddable":true,"href":"https:\/\/staviori.com.pl\/de\/wp-json\/wp\/v2\/media\/2960"}],"wp:attachment":[{"href":"https:\/\/staviori.com.pl\/de\/wp-json\/wp\/v2\/media?parent=14540"}],"wp:term":[{"taxonomy":"product_brand","embeddable":true,"href":"https:\/\/staviori.com.pl\/de\/wp-json\/wp\/v2\/product_brand?post=14540"},{"taxonomy":"product_cat","embeddable":true,"href":"https:\/\/staviori.com.pl\/de\/wp-json\/wp\/v2\/product_cat?post=14540"},{"taxonomy":"product_tag","embeddable":true,"href":"https:\/\/staviori.com.pl\/de\/wp-json\/wp\/v2\/product_tag?post=14540"}],"curies":[{"name":"wp","href":"https:\/\/api.w.org\/{rel}","templated":true}]}}