{"id":14539,"date":"2025-02-24T22:46:39","date_gmt":"2025-02-24T21:46:39","guid":{"rendered":"https:\/\/staviori.com.pl\/product\/kolczyk-z-brylantami-kzd2556\/"},"modified":"2026-02-11T00:08:49","modified_gmt":"2026-02-10T23:08:49","slug":"kolczyk-z-brylantami-kzd2556","status":"publish","type":"product","link":"https:\/\/staviori.com.pl\/de\/product\/kolczyk-z-brylantami-kzd2556\/","title":{"rendered":"Goldohrringe mit 0,10ct Diamanten in schlichter Fassung"},"content":{"rendered":"<p>Model: KZD2556<br \/>\nWaga ok. 0,72g<\/p>\n<p>Ohrringe.<br \/>\nGelbgold 0,585.<br \/>\n2 Diamenty, szlif brylantowy, o masie 0,10ct, barwa G-H, czysto\u015b\u0107 SI1-SI2.<\/p>\n<p>\u015arednica 3.15 mm.<br \/>\nGrubo\u015b\u0107 2.3 mm.<\/p>","protected":false},"excerpt":{"rendered":"<p>Klasyczne kolczyki z \u017c\u00f3\u0142tego z\u0142ota pr\u00f3by 0,585 z subtelnymi brylantami o \u0142\u0105cznej masie 0,10 ct to ponadczasowa elegancja w najlepszym wydaniu. Kamienie zosta\u0142y oprawione w g\u0142adk\u0105, pe\u0142n\u0105 opraw\u0119, kt\u00f3ra podkre\u015bla ich naturalny blask i chroni przed uszkodzeniami. Prosty, a zarazem niezwykle stylowy wz\u00f3r sprawia, \u017ce kolczyki te idealnie sprawdz\u0105 si\u0119 zar\u00f3wno na co dzie\u0144, jak i jako dodatek do bardziej formalnych stylizacji.<\/p>","protected":false},"featured_media":2948,"comment_status":"closed","ping_status":"closed","template":"","meta":{"om_disable_all_campaigns":false},"product_brand":[2284],"product_cat":[1838,1990,199],"product_tag":[3671,2603,1394,2672,2667,3669,3670,2291,2683],"class_list":{"0":"post-14539","1":"product","2":"type-product","3":"status-publish","4":"has-post-thumbnail","6":"product_brand-staviori","7":"product_cat-diamenty","8":"product_cat-kolczyk-z-brylantami","9":"product_cat-kolczyki","10":"product_tag-delikatna-elegancja","11":"product_tag-klasyczna-bizuteria","12":"product_tag-kolczyki","13":"product_tag-kolczyki-z-brylantami","14":"product_tag-kolczyki-z-diamentami","15":"product_tag-kzd2556","16":"product_tag-oprawa-gladka","17":"product_tag-prezent-dla-niej","18":"product_tag-zlote-kolczyki","19":"pa_barwa-g-h","20":"pa_czystosc-si1-si2","21":"pa_dostawca-estrella","22":"pa_grubosc-2-3mm","23":"pa_kamien-diament","24":"pa_kolor-zolte","25":"pa_kruszec-zloto","26":"pa_masa-karatowa-010ct","27":"pa_proba-0-585","28":"pa_srednica-3-15mm","29":"pa_szlif-brylantowy-okragly","30":"pa_waga-072g","31":"pa_zapiecie-sztyft","33":"first","34":"instock","35":"purchasable","36":"product-type-simple"},"aioseo_notices":[],"_links":{"self":[{"href":"https:\/\/staviori.com.pl\/de\/wp-json\/wp\/v2\/product\/14539","targetHints":{"allow":["GET"]}}],"collection":[{"href":"https:\/\/staviori.com.pl\/de\/wp-json\/wp\/v2\/product"}],"about":[{"href":"https:\/\/staviori.com.pl\/de\/wp-json\/wp\/v2\/types\/product"}],"replies":[{"embeddable":true,"href":"https:\/\/staviori.com.pl\/de\/wp-json\/wp\/v2\/comments?post=14539"}],"wp:featuredmedia":[{"embeddable":true,"href":"https:\/\/staviori.com.pl\/de\/wp-json\/wp\/v2\/media\/2948"}],"wp:attachment":[{"href":"https:\/\/staviori.com.pl\/de\/wp-json\/wp\/v2\/media?parent=14539"}],"wp:term":[{"taxonomy":"product_brand","embeddable":true,"href":"https:\/\/staviori.com.pl\/de\/wp-json\/wp\/v2\/product_brand?post=14539"},{"taxonomy":"product_cat","embeddable":true,"href":"https:\/\/staviori.com.pl\/de\/wp-json\/wp\/v2\/product_cat?post=14539"},{"taxonomy":"product_tag","embeddable":true,"href":"https:\/\/staviori.com.pl\/de\/wp-json\/wp\/v2\/product_tag?post=14539"}],"curies":[{"name":"wp","href":"https:\/\/api.w.org\/{rel}","templated":true}]}}