{"id":14537,"date":"2025-02-24T22:46:39","date_gmt":"2025-02-24T21:46:39","guid":{"rendered":"https:\/\/staviori.com.pl\/product\/kolczyk-z-brylantami-kzd2298\/"},"modified":"2026-02-11T00:08:49","modified_gmt":"2026-02-10T23:08:49","slug":"kolczyk-z-brylantami-kzd2298","status":"publish","type":"product","link":"https:\/\/staviori.com.pl\/de\/product\/kolczyk-z-brylantami-kzd2298\/","title":{"rendered":"Goldohrringe mit Rubinen und Diamanten"},"content":{"rendered":"<p>Model: KZD2298R<br \/>\nGewicht ca. 0,80g<\/p>\n<p>Ohrringe.<br \/>\nGelbgold 0,585.<br \/>\n2 Diamenty, szlif achtkant, o masie 0,015ct, barwa H-J, czysto\u015b\u0107 I1-I2.<br \/>\n2 Rubiny, o masie 0,56ct.<\/p>\n<p>Wymiary 3&#215;6 mm.<\/p>","protected":false},"excerpt":{"rendered":"<p>Zmys\u0142owe kolczyki z \u017c\u00f3\u0142tego z\u0142ota pr\u00f3by 0,585 zachwycaj\u0105 intensywnym kolorem rubin\u00f3w w kszta\u0142cie kropli. Oprawione w delikatne \u0142apki i zwie\u0144czone l\u015bni\u0105cym diamentem w szlifie achtkant, tworz\u0105 eleganck\u0105 i kobiec\u0105 kompozycj\u0119. Po\u0142\u0105czenie klasyki z nut\u0105 wyrafinowania sprawia, \u017ce kolczyki te s\u0105 doskona\u0142ym wyborem zar\u00f3wno na co dzie\u0144, jak i na specjalne okazje.<\/p>","protected":false},"featured_media":18358,"comment_status":"closed","ping_status":"closed","template":"","meta":{"om_disable_all_campaigns":false},"product_brand":[2284],"product_cat":[1838,1990,199],"product_tag":[2660,2603,1394,3017,2667,2695,3663,3662,2291,2683],"class_list":{"0":"post-14537","1":"product","2":"type-product","3":"status-publish","4":"has-post-thumbnail","6":"product_brand-staviori","7":"product_cat-diamenty","8":"product_cat-kolczyk-z-brylantami","9":"product_cat-kolczyki","10":"product_tag-eleganckie-kolczyki","11":"product_tag-klasyczna-bizuteria","12":"product_tag-kolczyki","13":"product_tag-kolczyki-krople","14":"product_tag-kolczyki-z-diamentami","15":"product_tag-kolczyki-z-rubinami","16":"product_tag-kzd2298","17":"product_tag-kzd2298r","18":"product_tag-prezent-dla-niej","19":"product_tag-zlote-kolczyki","20":"pa_barwa-h-j","21":"pa_czystosc-i1","22":"pa_kamien-diamenty","23":"pa_kamien-rubiny","24":"pa_kolor-zolte","25":"pa_kruszec-zloto","26":"pa_proba-0-585","27":"pa_szlif-achtkant","28":"pa_waga-080g","29":"pa_wymiary-3x6mm","30":"pa_zapiecie-sztyft","32":"first","33":"instock","34":"purchasable","35":"product-type-simple"},"aioseo_notices":[],"_links":{"self":[{"href":"https:\/\/staviori.com.pl\/de\/wp-json\/wp\/v2\/product\/14537","targetHints":{"allow":["GET"]}}],"collection":[{"href":"https:\/\/staviori.com.pl\/de\/wp-json\/wp\/v2\/product"}],"about":[{"href":"https:\/\/staviori.com.pl\/de\/wp-json\/wp\/v2\/types\/product"}],"replies":[{"embeddable":true,"href":"https:\/\/staviori.com.pl\/de\/wp-json\/wp\/v2\/comments?post=14537"}],"wp:featuredmedia":[{"embeddable":true,"href":"https:\/\/staviori.com.pl\/de\/wp-json\/wp\/v2\/media\/18358"}],"wp:attachment":[{"href":"https:\/\/staviori.com.pl\/de\/wp-json\/wp\/v2\/media?parent=14537"}],"wp:term":[{"taxonomy":"product_brand","embeddable":true,"href":"https:\/\/staviori.com.pl\/de\/wp-json\/wp\/v2\/product_brand?post=14537"},{"taxonomy":"product_cat","embeddable":true,"href":"https:\/\/staviori.com.pl\/de\/wp-json\/wp\/v2\/product_cat?post=14537"},{"taxonomy":"product_tag","embeddable":true,"href":"https:\/\/staviori.com.pl\/de\/wp-json\/wp\/v2\/product_tag?post=14537"}],"curies":[{"name":"wp","href":"https:\/\/api.w.org\/{rel}","templated":true}]}}