{"id":14519,"date":"2025-02-24T22:46:39","date_gmt":"2025-02-24T21:46:39","guid":{"rendered":"https:\/\/staviori.com.pl\/product\/kolczyk-z-brylantami-kzd2002\/"},"modified":"2026-02-11T00:08:49","modified_gmt":"2026-02-10T23:08:49","slug":"kolczyk-z-brylantami-kzd2002","status":"publish","type":"product","link":"https:\/\/staviori.com.pl\/de\/product\/kolczyk-z-brylantami-kzd2002\/","title":{"rendered":"Ungew\u00f6hnliche doppelte Ohrringe aus Ros\u00e9gold mit Diamanten"},"content":{"rendered":"<p>Model: KRD2002<br \/>\nWaga ok. 1,95g<\/p>\n<p>Ohrringe.<br \/>\nRos\u00e9gold 0,585.<br \/>\n4 Diamenty, szlif brylantowy, o masie 0,10ct, barwa H, czysto\u015b\u0107 I1.<\/p>\n<p>D\u0142ugo\u015b\u0107 11 mm.<br \/>\n\u015arednica 2 mm.<\/p>\n<p>Niezwyk\u0142e, stylowe kolczyki z r\u00f3\u017cowego, bia\u0142ego lub \u017c\u00f3\u0142tego z\u0142ota.<br \/>\nSk\u0142adaj\u0105 si\u0119 z dw\u00f3ch element\u00f3w, kt\u00f3re mo\u017cna nosi\u0107 razem lub osobno. Pi\u0119kno, styl i w\u0142oski design czystej postaci.<\/p>","protected":false},"excerpt":{"rendered":"<p>Niezwykle kobiece i nowoczesne kolczyki wykonane z l\u015bni\u0105cego z\u0142ota pr\u00f3by 0,585. Ich wyj\u0105tkowa forma sk\u0142ada si\u0119 z dw\u00f3ch element\u00f3w \u2013 klasycznego sztyftu i finezyjnej zawieszki \u2013 kt\u00f3re mo\u017cna nosi\u0107 razem lub oddzielnie. Ka\u017cdy element zdobi subtelny brylant o \u0142\u0105cznej masie 0,10 ct, co podkre\u015bla elegancj\u0119 i blask bi\u017cuterii. To idealna propozycja dla kobiet, kt\u00f3re ceni\u0105 w\u0142oski styl, klas\u0119 i modowy akcent.<\/p>","protected":false},"featured_media":2890,"comment_status":"closed","ping_status":"closed","template":"","meta":{"om_disable_all_campaigns":false},"product_brand":[2284],"product_cat":[1838,1990,199,6752],"product_tag":[2296,2317,1394,3703,3707,3701,3705,2569,3704,3706,2336,2700,3702,2522],"class_list":{"0":"post-14519","1":"product","2":"type-product","3":"status-publish","4":"has-post-thumbnail","6":"product_brand-staviori","7":"product_cat-diamenty","8":"product_cat-kolczyk-z-brylantami","9":"product_cat-kolczyki","10":"product_cat-kolekcja-staviori-must-have","11":"product_tag-diamenty","12":"product_tag-elegancka-bizuteria","13":"product_tag-kolczyki","14":"product_tag-kolczyki-modulowe","15":"product_tag-krd2002","16":"product_tag-kzd2002","17":"product_tag-niezykle-kolczyki","18":"product_tag-nowoczesna-bizuteria","19":"product_tag-oryginalne-kolczyki","20":"product_tag-podwojne-kolczyki","21":"product_tag-rozowe-zloto","22":"product_tag-sztyfty","23":"product_tag-wloski-styl","24":"product_tag-zolte-zloto","25":"pa_barwa-h-2","26":"pa_czystosc-i1","27":"pa_dlugosc-11mm","28":"pa_dostawca-estrella","29":"pa_kamien-brylanty","30":"pa_kolor-rozowe","31":"pa_kruszec-zloto","32":"pa_proba-0-585","33":"pa_srednica-2mm","34":"pa_waga-195g","35":"pa_zapiecie-sztyft","37":"first","38":"onbackorder","39":"purchasable","40":"product-type-simple"},"aioseo_notices":[],"_links":{"self":[{"href":"https:\/\/staviori.com.pl\/de\/wp-json\/wp\/v2\/product\/14519","targetHints":{"allow":["GET"]}}],"collection":[{"href":"https:\/\/staviori.com.pl\/de\/wp-json\/wp\/v2\/product"}],"about":[{"href":"https:\/\/staviori.com.pl\/de\/wp-json\/wp\/v2\/types\/product"}],"replies":[{"embeddable":true,"href":"https:\/\/staviori.com.pl\/de\/wp-json\/wp\/v2\/comments?post=14519"}],"wp:featuredmedia":[{"embeddable":true,"href":"https:\/\/staviori.com.pl\/de\/wp-json\/wp\/v2\/media\/2890"}],"wp:attachment":[{"href":"https:\/\/staviori.com.pl\/de\/wp-json\/wp\/v2\/media?parent=14519"}],"wp:term":[{"taxonomy":"product_brand","embeddable":true,"href":"https:\/\/staviori.com.pl\/de\/wp-json\/wp\/v2\/product_brand?post=14519"},{"taxonomy":"product_cat","embeddable":true,"href":"https:\/\/staviori.com.pl\/de\/wp-json\/wp\/v2\/product_cat?post=14519"},{"taxonomy":"product_tag","embeddable":true,"href":"https:\/\/staviori.com.pl\/de\/wp-json\/wp\/v2\/product_tag?post=14519"}],"curies":[{"name":"wp","href":"https:\/\/api.w.org\/{rel}","templated":true}]}}