{"id":14518,"date":"2025-02-24T22:46:39","date_gmt":"2025-02-24T21:46:39","guid":{"rendered":"https:\/\/staviori.com.pl\/product\/bizuteria-inwestycyjna-kolczyk-kzd1861\/"},"modified":"2026-02-11T00:08:49","modified_gmt":"2026-02-10T23:08:49","slug":"bizuteria-inwestycyjna-kolczyk-kzd1861","status":"publish","type":"product","link":"https:\/\/staviori.com.pl\/de\/product\/bizuteria-inwestycyjna-kolczyk-kzd1861\/","title":{"rendered":"Exklusive Goldohrringe mit Brillant-Anh\u00e4nger und Amethyst"},"content":{"rendered":"<p>Model: DSE0699<br \/>\nWaga ok. 2,98g<\/p>\n<p>Ohrringe.<br \/>\nGelbgold 0,750.<br \/>\n78 Diament\u00f3w, szlif brylantowy, o masie 0,58ct, barwa G-H, czysto\u015b\u0107 SI1.<br \/>\nAmetyst, o masie 24,85ct.<\/p>\n<p>Wymiary 12&#215;36.5 mm.<\/p>\n<p><strong>Produkt nur auf Anfrage erh\u00e4ltlich, Vorlaufzeit ca. 5 Wochen.<\/strong><\/p>","protected":false},"excerpt":{"rendered":"<p>Luksusowe kolczyki wykonane z najwy\u017cszej jako\u015bci \u017c\u00f3\u0142tego z\u0142ota pr\u00f3by 0,750. W centrum kompozycji kr\u00f3luje imponuj\u0105cy, fasetowany ametyst w kszta\u0142cie kropli o masie niemal 25 ct, kt\u00f3ry zachwyca swoj\u0105 intensywn\u0105 fioletow\u0105 barw\u0105. G\u00f3rna cz\u0119\u015b\u0107 kolczyk\u00f3w pokryta jest a\u017c 78 l\u015bni\u0105cymi brylantami, co dodaje ca\u0142o\u015bci niepowtarzalnego blasku i ekskluzywnego charakteru. To idealna propozycja na wieczorne wyj\u015bcia, gal\u0119 lub jako spektakularny prezent.<\/p>","protected":false},"featured_media":2878,"comment_status":"closed","ping_status":"closed","template":"","meta":{"om_disable_all_campaigns":false},"product_brand":[2284],"product_cat":[1803,6858,199],"product_tag":[2472,2311,2754,2296,3709,2555,3710,1394,3708,2522],"class_list":{"0":"post-14518","1":"product","2":"type-product","3":"status-publish","4":"has-post-thumbnail","6":"product_brand-staviori","7":"product_cat-brylanty-exclusive","8":"product_cat-kolczyki-brylanty-exclusive","9":"product_cat-kolczyki","10":"product_tag-ametyst","11":"product_tag-bizuteria-luksusowa","12":"product_tag-bizuteria-wieczorowa","13":"product_tag-diamenty","14":"product_tag-dse0699","15":"product_tag-ekskluzywna-bizuteria","16":"product_tag-elegancja","17":"product_tag-kolczyki","18":"product_tag-kzd1861","19":"product_tag-zolte-zloto","20":"pa_barwa-g-h","21":"pa_czystosc-si1","22":"pa_dostawca-draco","23":"pa_kamien-ametysty","24":"pa_kamien-brylanty","25":"pa_kolor-zolte","26":"pa_kruszec-zloto","27":"pa_proba-0-750","28":"pa_waga-290g","29":"pa_wymiary-12x36-5mm","30":"pa_zapiecie-angielskie","32":"first","33":"onbackorder","34":"purchasable","35":"product-type-simple"},"aioseo_notices":[],"_links":{"self":[{"href":"https:\/\/staviori.com.pl\/de\/wp-json\/wp\/v2\/product\/14518","targetHints":{"allow":["GET"]}}],"collection":[{"href":"https:\/\/staviori.com.pl\/de\/wp-json\/wp\/v2\/product"}],"about":[{"href":"https:\/\/staviori.com.pl\/de\/wp-json\/wp\/v2\/types\/product"}],"replies":[{"embeddable":true,"href":"https:\/\/staviori.com.pl\/de\/wp-json\/wp\/v2\/comments?post=14518"}],"wp:featuredmedia":[{"embeddable":true,"href":"https:\/\/staviori.com.pl\/de\/wp-json\/wp\/v2\/media\/2878"}],"wp:attachment":[{"href":"https:\/\/staviori.com.pl\/de\/wp-json\/wp\/v2\/media?parent=14518"}],"wp:term":[{"taxonomy":"product_brand","embeddable":true,"href":"https:\/\/staviori.com.pl\/de\/wp-json\/wp\/v2\/product_brand?post=14518"},{"taxonomy":"product_cat","embeddable":true,"href":"https:\/\/staviori.com.pl\/de\/wp-json\/wp\/v2\/product_cat?post=14518"},{"taxonomy":"product_tag","embeddable":true,"href":"https:\/\/staviori.com.pl\/de\/wp-json\/wp\/v2\/product_tag?post=14518"}],"curies":[{"name":"wp","href":"https:\/\/api.w.org\/{rel}","templated":true}]}}