{"id":14510,"date":"2025-02-24T22:46:35","date_gmt":"2025-02-24T21:46:35","guid":{"rendered":"https:\/\/staviori.com.pl\/product\/kolczyk-z-brylantami-kzd0632\/"},"modified":"2026-02-11T00:08:48","modified_gmt":"2026-02-10T23:08:48","slug":"kolczyk-z-brylantami-kzd0632","status":"publish","type":"product","link":"https:\/\/staviori.com.pl\/de\/product\/kolczyk-z-brylantami-kzd0632\/","title":{"rendered":"H\u00fcbsche kleine Goldohrringe mit 0,10ct Diamanten"},"content":{"rendered":"<p>Model: KZD0632<br \/>\nWaga ok. 0,47g<\/p>\n<p>Ohrringe.<br \/>\nGelbgold 0,585.<br \/>\n2 Diamenty, szlif brylantowy, o masie 0,10ct, barwa K-L, czysto\u015b\u0107 I1-I2.<\/p>\n<p>\u015arednica 2.5 mm.<br \/>\nDicke 2,5 mm.<\/p>","protected":false},"excerpt":{"rendered":"<p>Klasyczne kolczyki z \u017c\u00f3\u0142tego z\u0142ota pr\u00f3by 0,585 z subtelnie oprawionymi brylantami to ponadczasowa elegancja w najczystszej postaci. Ich minimalistyczna forma i delikatny blask sprawiaj\u0105, \u017ce doskonale nadaj\u0105 si\u0119 zar\u00f3wno do codziennego noszenia, jak i na wyj\u0105tkowe okazje. Brylanty o \u0142\u0105cznej masie 0,10 ct przyci\u0105gaj\u0105 \u015bwiat\u0142o, nadaj\u0105c kolczykom niezwyk\u0142ego uroku. Idealny wyb\u00f3r dla kobiet ceni\u0105cych prostot\u0119 i szyk.<\/p>","protected":false},"featured_media":18334,"comment_status":"closed","ping_status":"closed","template":"","meta":{"om_disable_all_campaigns":false},"product_brand":[2284,2350],"product_cat":[1838,1990,199],"product_tag":[3639,3636,2858,2603,1394,2667,3640,2291,2683],"class_list":{"0":"post-14510","1":"product","2":"type-product","3":"status-publish","4":"has-post-thumbnail","6":"product_brand-staviori","7":"product_brand-verona","8":"product_cat-diamenty","9":"product_cat-kolczyk-z-brylantami","10":"product_cat-kolczyki","11":"product_tag-1851-10","12":"product_tag-bizuteria-z-zoltego-zlota","13":"product_tag-delikatne-kolczyki","14":"product_tag-klasyczna-bizuteria","15":"product_tag-kolczyki","16":"product_tag-kolczyki-z-diamentami","17":"product_tag-kzd0632","18":"product_tag-prezent-dla-niej","19":"product_tag-zlote-kolczyki","20":"pa_barwa-k-l","21":"pa_czystosc-i1","22":"pa_grubosc-2-5mm","23":"pa_kamien-diament","24":"pa_kolor-zolte","25":"pa_kruszec-zloto","26":"pa_proba-0-585","27":"pa_srednica-2-5mm","28":"pa_waga-047g","29":"pa_zapiecie-sztyft","31":"first","32":"instock","33":"purchasable","34":"product-type-simple"},"aioseo_notices":[],"_links":{"self":[{"href":"https:\/\/staviori.com.pl\/de\/wp-json\/wp\/v2\/product\/14510","targetHints":{"allow":["GET"]}}],"collection":[{"href":"https:\/\/staviori.com.pl\/de\/wp-json\/wp\/v2\/product"}],"about":[{"href":"https:\/\/staviori.com.pl\/de\/wp-json\/wp\/v2\/types\/product"}],"replies":[{"embeddable":true,"href":"https:\/\/staviori.com.pl\/de\/wp-json\/wp\/v2\/comments?post=14510"}],"wp:featuredmedia":[{"embeddable":true,"href":"https:\/\/staviori.com.pl\/de\/wp-json\/wp\/v2\/media\/18334"}],"wp:attachment":[{"href":"https:\/\/staviori.com.pl\/de\/wp-json\/wp\/v2\/media?parent=14510"}],"wp:term":[{"taxonomy":"product_brand","embeddable":true,"href":"https:\/\/staviori.com.pl\/de\/wp-json\/wp\/v2\/product_brand?post=14510"},{"taxonomy":"product_cat","embeddable":true,"href":"https:\/\/staviori.com.pl\/de\/wp-json\/wp\/v2\/product_cat?post=14510"},{"taxonomy":"product_tag","embeddable":true,"href":"https:\/\/staviori.com.pl\/de\/wp-json\/wp\/v2\/product_tag?post=14510"}],"curies":[{"name":"wp","href":"https:\/\/api.w.org\/{rel}","templated":true}]}}