{"id":14507,"date":"2025-02-24T22:46:35","date_gmt":"2025-02-24T21:46:35","guid":{"rendered":"https:\/\/staviori.com.pl\/product\/kolczyk-z-brylantami-kzd0507\/"},"modified":"2026-04-10T10:45:57","modified_gmt":"2026-04-10T08:45:57","slug":"kolczyk-z-brylantami-kzd0507","status":"publish","type":"product","link":"https:\/\/staviori.com.pl\/de\/product\/kolczyk-z-brylantami-kzd0507\/","title":{"rendered":"Kleine Ohrringe mit Diamanten"},"content":{"rendered":"<p>Model: KZD0507<br \/>\nWaga ok. 0,45g<\/p>\n<p>Ohrringe<br \/>\nGelbgold 0,585.<br \/>\n2 Diamenty, szlif brylantowy, o masie 0,05ct., barwa M-O, czysto\u015b\u0107 I1-I2.<\/p>\n<p>\u015arednica 1.5 mm.<br \/>\nGrubo\u015b\u0107 2 mm.<\/p>","protected":false},"excerpt":{"rendered":"<p>Subtelne kolczyki sztyfty wykonane z \u017c\u00f3\u0142tego z\u0142ota pr\u00f3by 0,585, ozdobione drobnymi diamentami o \u0142\u0105cznej masie 0,05 ct, to idealna propozycja dla dziewczynki lub kobiety ceni\u0105cej minimalistyczn\u0105 elegancj\u0119. Ich niewielki rozmiar (\u015brednica 1,5 mm) sprawia, \u017ce doskonale nadaj\u0105 si\u0119 do codziennego noszenia lub jako pierwsze kolczyki. Klasyczny szlif brylantowy dodaje im delikatnego blasku i ponadczasowego uroku.<\/p>","protected":false},"featured_media":18324,"comment_status":"closed","ping_status":"closed","template":"","meta":{"om_disable_all_campaigns":false},"product_brand":[2284,2350],"product_cat":[1838,1990,199],"product_tag":[3632,3173,3286,3634,2665,2667,3633,2706,2384,3595],"class_list":{"0":"post-14507","1":"product","2":"type-product","3":"status-publish","4":"has-post-thumbnail","6":"product_brand-staviori","7":"product_brand-verona","8":"product_cat-diamenty","9":"product_cat-kolczyk-z-brylantami","10":"product_cat-kolczyki","11":"product_tag-3632","12":"product_tag-kolczyki-dla-dziewczynki","13":"product_tag-kolczyki-dzieciece","14":"product_tag-kolczyki-pierwsze","15":"product_tag-kolczyki-sztyfty","16":"product_tag-kolczyki-z-diamentami","17":"product_tag-kzd0507","18":"product_tag-male-kolczyki","19":"product_tag-minimalistyczna-bizuteria","20":"product_tag-zolte-zloto-0-585","21":"pa_barwa-m-o","22":"pa_czystosc-i1","23":"pa_grubosc-2mm","24":"pa_kamien-diament","25":"pa_kolor-zolte","26":"pa_kruszec-zloto","27":"pa_proba-0-585","28":"pa_srednica-1-5mm","29":"pa_waga-045g","30":"pa_zapiecie-sztyft","32":"first","33":"instock","34":"purchasable","35":"product-type-simple"},"aioseo_notices":[],"_links":{"self":[{"href":"https:\/\/staviori.com.pl\/de\/wp-json\/wp\/v2\/product\/14507","targetHints":{"allow":["GET"]}}],"collection":[{"href":"https:\/\/staviori.com.pl\/de\/wp-json\/wp\/v2\/product"}],"about":[{"href":"https:\/\/staviori.com.pl\/de\/wp-json\/wp\/v2\/types\/product"}],"replies":[{"embeddable":true,"href":"https:\/\/staviori.com.pl\/de\/wp-json\/wp\/v2\/comments?post=14507"}],"wp:featuredmedia":[{"embeddable":true,"href":"https:\/\/staviori.com.pl\/de\/wp-json\/wp\/v2\/media\/18324"}],"wp:attachment":[{"href":"https:\/\/staviori.com.pl\/de\/wp-json\/wp\/v2\/media?parent=14507"}],"wp:term":[{"taxonomy":"product_brand","embeddable":true,"href":"https:\/\/staviori.com.pl\/de\/wp-json\/wp\/v2\/product_brand?post=14507"},{"taxonomy":"product_cat","embeddable":true,"href":"https:\/\/staviori.com.pl\/de\/wp-json\/wp\/v2\/product_cat?post=14507"},{"taxonomy":"product_tag","embeddable":true,"href":"https:\/\/staviori.com.pl\/de\/wp-json\/wp\/v2\/product_tag?post=14507"}],"curies":[{"name":"wp","href":"https:\/\/api.w.org\/{rel}","templated":true}]}}