{"id":14478,"date":"2025-02-24T22:46:35","date_gmt":"2025-02-24T21:46:35","guid":{"rendered":"https:\/\/staviori.com.pl\/product\/zlote-kolczyki-kzc6632\/"},"modified":"2026-04-16T10:18:39","modified_gmt":"2026-04-16T08:18:39","slug":"zlote-kolczyki-kzc6632","status":"publish","type":"product","link":"https:\/\/staviori.com.pl\/de\/product\/zlote-kolczyki-kzc6632\/","title":{"rendered":"Goldherz-Ohrringe mit Emaille 585"},"content":{"rendered":"<p>Model: KZC6632<br \/>\nWaga ok. 0,72g<\/p>\n<p>Ohrringe.<br \/>\nGelbgold 0,585.<br \/>\nSchmelz.<\/p>\n<p>6 mm breit.<\/p>","protected":false},"excerpt":{"rendered":"<p>Urocze kolczyki w kszta\u0142cie serduszek wykonane z \u017c\u00f3\u0142tego z\u0142ota pr\u00f3by 0,585, ozdobione pastelowor\u00f3\u017cow\u0105 emali\u0105. Ich dziewcz\u0119cy, pe\u0142en wdzi\u0119ku wygl\u0105d sprawia, \u017ce s\u0105 doskona\u0142ym wyborem zar\u00f3wno dla m\u0142odszych mi\u0142o\u015bniczek bi\u017cuterii, jak i kobiet ceni\u0105cych subtelne, romantyczne dodatki. Idealne do codziennego noszenia \u2013 dodaj\u0105 uroku ka\u017cdej stylizacji i wywo\u0142uj\u0105 u\u015bmiech.<\/p>","protected":false},"featured_media":14479,"comment_status":"closed","ping_status":"closed","template":"","meta":{"om_disable_all_campaigns":false},"product_brand":[2284,2350],"product_cat":[199,2044,1930],"product_tag":[3647,2956,1394,3096,2944,3645,3646,3338,2579,2683],"class_list":{"0":"post-14478","1":"product","2":"type-product","3":"status-publish","4":"has-post-thumbnail","6":"product_brand-staviori","7":"product_brand-verona","8":"product_cat-kolczyki","9":"product_cat-zlote-kolczyki","10":"product_cat-zloto-2","11":"product_tag-bizuteria-mlodziezowa","12":"product_tag-codzienna-bizuteria","13":"product_tag-kolczyki","14":"product_tag-kolczyki-serca","15":"product_tag-kolczyki-z-emalia","16":"product_tag-kz20039","17":"product_tag-kzc6632","18":"product_tag-prezent-dla-dziewczynki","19":"product_tag-romantyczna-bizuteria","20":"product_tag-zlote-kolczyki","21":"pa_kamien-emalia","22":"pa_kolor-zolte","23":"pa_kruszec-zloto","24":"pa_motyw-serce","25":"pa_proba-0-585","26":"pa_szerokosc-6mm","27":"pa_waga-072g","28":"pa_zapiecie-sztyft","30":"first","31":"instock","32":"purchasable","33":"product-type-simple"},"aioseo_notices":[],"_links":{"self":[{"href":"https:\/\/staviori.com.pl\/de\/wp-json\/wp\/v2\/product\/14478","targetHints":{"allow":["GET"]}}],"collection":[{"href":"https:\/\/staviori.com.pl\/de\/wp-json\/wp\/v2\/product"}],"about":[{"href":"https:\/\/staviori.com.pl\/de\/wp-json\/wp\/v2\/types\/product"}],"replies":[{"embeddable":true,"href":"https:\/\/staviori.com.pl\/de\/wp-json\/wp\/v2\/comments?post=14478"}],"wp:featuredmedia":[{"embeddable":true,"href":"https:\/\/staviori.com.pl\/de\/wp-json\/wp\/v2\/media\/14479"}],"wp:attachment":[{"href":"https:\/\/staviori.com.pl\/de\/wp-json\/wp\/v2\/media?parent=14478"}],"wp:term":[{"taxonomy":"product_brand","embeddable":true,"href":"https:\/\/staviori.com.pl\/de\/wp-json\/wp\/v2\/product_brand?post=14478"},{"taxonomy":"product_cat","embeddable":true,"href":"https:\/\/staviori.com.pl\/de\/wp-json\/wp\/v2\/product_cat?post=14478"},{"taxonomy":"product_tag","embeddable":true,"href":"https:\/\/staviori.com.pl\/de\/wp-json\/wp\/v2\/product_tag?post=14478"}],"curies":[{"name":"wp","href":"https:\/\/api.w.org\/{rel}","templated":true}]}}