{"id":14450,"date":"2025-02-24T22:46:31","date_gmt":"2025-02-24T21:46:31","guid":{"rendered":"https:\/\/staviori.com.pl\/product\/zlote-kolczyki-kzc6494\/"},"modified":"2026-04-20T08:54:32","modified_gmt":"2026-04-20T06:54:32","slug":"zlote-kolczyki-kzc6494","status":"publish","type":"product","link":"https:\/\/staviori.com.pl\/de\/product\/zlote-kolczyki-kzc6494\/","title":{"rendered":"Ohrringe aus massivem Gold mit englischem Verschluss"},"content":{"rendered":"<p>Model: KZC6494<br \/>\nWaga ok. 1,41g<\/p>\n<p>Ohrringe.<br \/>\nGelbgold 0,585.<\/p>\n<p>Wymiary ok.18&#215;12 mm.<\/p>","protected":false},"excerpt":{"rendered":"<p>Stylowe kolczyki wykonane z \u017c\u00f3\u0142tego z\u0142ota pr\u00f3by 0,585 zachwycaj\u0105 nowoczesn\u0105, op\u0142ywow\u0105 form\u0105. G\u0142adka, wypolerowana powierzchnia subtelnie odbija \u015bwiat\u0142o, dodaj\u0105c blasku ka\u017cdej stylizacji. Wygodne i bezpieczne zapi\u0119cie typu angielskiego (zawiasowe) sprawia, \u017ce s\u0105 idealne do codziennego noszenia, jak i na eleganckie okazje. To bi\u017cuteria, kt\u00f3ra \u0142\u0105czy komfort z klas\u0105.<\/p>","protected":false},"featured_media":14451,"comment_status":"closed","ping_status":"closed","template":"","meta":{"om_disable_all_campaigns":false},"product_brand":[2284,2350],"product_cat":[199,2044,1930],"product_tag":[2628,3617,3133,3619,3618,2708,3616,3620,3595],"class_list":{"0":"post-14450","1":"product","2":"type-product","3":"status-publish","4":"has-post-thumbnail","6":"product_brand-staviori","7":"product_brand-verona","8":"product_cat-kolczyki","9":"product_cat-zlote-kolczyki","10":"product_cat-zloto-2","11":"product_tag-bizuteria-klasyczna","12":"product_tag-gz19752","13":"product_tag-kolczyki-eleganckie","14":"product_tag-kolczyki-gladkie","15":"product_tag-kolczyki-zapiecie-angielskie","16":"product_tag-kolczyki-zlote","17":"product_tag-kzc6494","18":"product_tag-zlote-na-co-dzien","19":"product_tag-zolte-zloto-0-585","20":"pa_kolor-zolte","21":"pa_kruszec-zloto","22":"pa_proba-0-585","23":"pa_waga-141g","24":"pa_wymiary-ok-18x12mm","25":"pa_zapiecie-angielskie","27":"first","28":"instock","29":"purchasable","30":"product-type-simple"},"aioseo_notices":[],"_links":{"self":[{"href":"https:\/\/staviori.com.pl\/de\/wp-json\/wp\/v2\/product\/14450","targetHints":{"allow":["GET"]}}],"collection":[{"href":"https:\/\/staviori.com.pl\/de\/wp-json\/wp\/v2\/product"}],"about":[{"href":"https:\/\/staviori.com.pl\/de\/wp-json\/wp\/v2\/types\/product"}],"replies":[{"embeddable":true,"href":"https:\/\/staviori.com.pl\/de\/wp-json\/wp\/v2\/comments?post=14450"}],"wp:featuredmedia":[{"embeddable":true,"href":"https:\/\/staviori.com.pl\/de\/wp-json\/wp\/v2\/media\/14451"}],"wp:attachment":[{"href":"https:\/\/staviori.com.pl\/de\/wp-json\/wp\/v2\/media?parent=14450"}],"wp:term":[{"taxonomy":"product_brand","embeddable":true,"href":"https:\/\/staviori.com.pl\/de\/wp-json\/wp\/v2\/product_brand?post=14450"},{"taxonomy":"product_cat","embeddable":true,"href":"https:\/\/staviori.com.pl\/de\/wp-json\/wp\/v2\/product_cat?post=14450"},{"taxonomy":"product_tag","embeddable":true,"href":"https:\/\/staviori.com.pl\/de\/wp-json\/wp\/v2\/product_tag?post=14450"}],"curies":[{"name":"wp","href":"https:\/\/api.w.org\/{rel}","templated":true}]}}