{"id":14440,"date":"2025-02-24T22:46:31","date_gmt":"2025-02-24T21:46:31","guid":{"rendered":"https:\/\/staviori.com.pl\/product\/zlote-kolczyki-kzc6307\/"},"modified":"2026-04-13T09:16:33","modified_gmt":"2026-04-13T07:16:33","slug":"zlote-kolczyki-kzc6307","status":"publish","type":"product","link":"https:\/\/staviori.com.pl\/de\/product\/zlote-kolczyki-kzc6307\/","title":{"rendered":"Gold-Ohrringe Kugeln 5mm"},"content":{"rendered":"<p>Model: KZC6307<br \/>\nWaga ok. 0,30g<\/p>\n<p>Ohrringe.<br \/>\nGelbgold 0,585.<br \/>\n\u015arednica 5 mm.<\/p>\n<p>Pi\u0119kne, klasyczne z\u0142ote kuleczki na sztyft. \u015arednica 5mm. Doskona\u0142e na ka\u017cd\u0105 okazj\u0119.<\/p>","protected":false},"excerpt":{"rendered":"<p>Klasyczne kolczyki sztyfty w formie z\u0142otych kuleczek to ponadczasowy wyb\u00f3r dla ka\u017cdej kobiety. Wykonane z \u017c\u00f3\u0142tego z\u0142ota pr\u00f3by 0,585, subtelnie po\u0142yskuj\u0105 i doskonale komponuj\u0105 si\u0119 z ka\u017cd\u0105 stylizacj\u0105 \u2013 od codziennej po eleganck\u0105. Ich minimalistyczny charakter sprawia, \u017ce s\u0105 idealne na ka\u017cd\u0105 okazj\u0119 i do ka\u017cdej garderoby.<\/p>","protected":false},"featured_media":2782,"comment_status":"closed","ping_status":"closed","template":"","meta":{"om_disable_all_campaigns":false},"product_brand":[2284,2350],"product_cat":[199,2044,1930],"product_tag":[3604,2664,3037,3605,2665,2708,3603,2384,3598],"class_list":{"0":"post-14440","1":"product","2":"type-product","3":"status-publish","4":"has-post-thumbnail","6":"product_brand-staviori","7":"product_brand-verona","8":"product_cat-kolczyki","9":"product_cat-zlote-kolczyki","10":"product_cat-zloto-2","11":"product_tag-fa16314","12":"product_tag-klasyczne-kolczyki","13":"product_tag-kolczyki-codzienne","14":"product_tag-kolczyki-kuleczki","15":"product_tag-kolczyki-sztyfty","16":"product_tag-kolczyki-zlote","17":"product_tag-kzc6307","18":"product_tag-minimalistyczna-bizuteria","19":"product_tag-zloto-0-585","20":"pa_kolor-zolte","21":"pa_kruszec-zloto","22":"pa_proba-0-585","23":"pa_srednica-5mm","24":"pa_waga-030g","25":"pa_zapiecie-sztyft","27":"first","28":"instock","29":"purchasable","30":"product-type-simple"},"aioseo_notices":[],"_links":{"self":[{"href":"https:\/\/staviori.com.pl\/de\/wp-json\/wp\/v2\/product\/14440","targetHints":{"allow":["GET"]}}],"collection":[{"href":"https:\/\/staviori.com.pl\/de\/wp-json\/wp\/v2\/product"}],"about":[{"href":"https:\/\/staviori.com.pl\/de\/wp-json\/wp\/v2\/types\/product"}],"replies":[{"embeddable":true,"href":"https:\/\/staviori.com.pl\/de\/wp-json\/wp\/v2\/comments?post=14440"}],"wp:featuredmedia":[{"embeddable":true,"href":"https:\/\/staviori.com.pl\/de\/wp-json\/wp\/v2\/media\/2782"}],"wp:attachment":[{"href":"https:\/\/staviori.com.pl\/de\/wp-json\/wp\/v2\/media?parent=14440"}],"wp:term":[{"taxonomy":"product_brand","embeddable":true,"href":"https:\/\/staviori.com.pl\/de\/wp-json\/wp\/v2\/product_brand?post=14440"},{"taxonomy":"product_cat","embeddable":true,"href":"https:\/\/staviori.com.pl\/de\/wp-json\/wp\/v2\/product_cat?post=14440"},{"taxonomy":"product_tag","embeddable":true,"href":"https:\/\/staviori.com.pl\/de\/wp-json\/wp\/v2\/product_tag?post=14440"}],"curies":[{"name":"wp","href":"https:\/\/api.w.org\/{rel}","templated":true}]}}