{"id":14432,"date":"2025-02-24T22:46:31","date_gmt":"2025-02-24T21:46:31","guid":{"rendered":"https:\/\/staviori.com.pl\/product\/zlote-kolczyki-kzc6217\/"},"modified":"2026-02-11T00:08:47","modified_gmt":"2026-02-10T23:08:47","slug":"zlote-kolczyki-kzc6217","status":"publish","type":"product","link":"https:\/\/staviori.com.pl\/de\/product\/zlote-kolczyki-kzc6217\/","title":{"rendered":"Goldkreis-Ohrringe 25mm 585"},"content":{"rendered":"<p>Model: KZC6217<br \/>\nWaga ok. 2,20g<\/p>\n<p>Ohrringe.<br \/>\nGelbgold 0,585.<\/p>\n<p>\u015arednica 25 mm.<br \/>\n2 mm breit.<\/p>","protected":false},"excerpt":{"rendered":"<p>Ponadczasowe kolczyki ko\u0142a wykonane z \u017c\u00f3\u0142tego z\u0142ota pr\u00f3by 0,585 to kwintesencja klasyki i elegancji. Ich \u015brednica 25 mm i delikatna szeroko\u015b\u0107 2 mm sprawiaj\u0105, \u017ce idealnie prezentuj\u0105 si\u0119 na uchu, subtelnie podkre\u015blaj\u0105c urod\u0119 i styl. G\u0142adka, wypolerowana powierzchnia dodaje im blasku i wyrafinowanego charakteru. Idealne na ka\u017cd\u0105 okazj\u0119 \u2013 od codziennych stylizacji po wieczorne wyj\u015bcia.<\/p>","protected":false},"featured_media":2776,"comment_status":"closed","ping_status":"closed","template":"","meta":{"om_disable_all_campaigns":false},"product_brand":[2284,2350],"product_cat":[199,2044,1930],"product_tag":[2660,3621,2603,3037,2682,3623,2708,3622,3598],"class_list":{"0":"post-14432","1":"product","2":"type-product","3":"status-publish","4":"has-post-thumbnail","6":"product_brand-staviori","7":"product_brand-verona","8":"product_cat-kolczyki","9":"product_cat-zlote-kolczyki","10":"product_cat-zloto-2","11":"product_tag-eleganckie-kolczyki","12":"product_tag-ka16424","13":"product_tag-klasyczna-bizuteria","14":"product_tag-kolczyki-codzienne","15":"product_tag-kolczyki-kola","16":"product_tag-kolczyki-okragle","17":"product_tag-kolczyki-zlote","18":"product_tag-kzc6217","19":"product_tag-zloto-0-585","20":"pa_kolor-zolte","21":"pa_kruszec-zloto","22":"pa_proba-0-585","23":"pa_srednica-25mm","24":"pa_szerokosc-2mm","25":"pa_waga-220g","27":"first","28":"instock","29":"purchasable","30":"product-type-simple"},"aioseo_notices":[],"_links":{"self":[{"href":"https:\/\/staviori.com.pl\/de\/wp-json\/wp\/v2\/product\/14432","targetHints":{"allow":["GET"]}}],"collection":[{"href":"https:\/\/staviori.com.pl\/de\/wp-json\/wp\/v2\/product"}],"about":[{"href":"https:\/\/staviori.com.pl\/de\/wp-json\/wp\/v2\/types\/product"}],"replies":[{"embeddable":true,"href":"https:\/\/staviori.com.pl\/de\/wp-json\/wp\/v2\/comments?post=14432"}],"wp:featuredmedia":[{"embeddable":true,"href":"https:\/\/staviori.com.pl\/de\/wp-json\/wp\/v2\/media\/2776"}],"wp:attachment":[{"href":"https:\/\/staviori.com.pl\/de\/wp-json\/wp\/v2\/media?parent=14432"}],"wp:term":[{"taxonomy":"product_brand","embeddable":true,"href":"https:\/\/staviori.com.pl\/de\/wp-json\/wp\/v2\/product_brand?post=14432"},{"taxonomy":"product_cat","embeddable":true,"href":"https:\/\/staviori.com.pl\/de\/wp-json\/wp\/v2\/product_cat?post=14432"},{"taxonomy":"product_tag","embeddable":true,"href":"https:\/\/staviori.com.pl\/de\/wp-json\/wp\/v2\/product_tag?post=14432"}],"curies":[{"name":"wp","href":"https:\/\/api.w.org\/{rel}","templated":true}]}}