{"id":14423,"date":"2025-02-24T22:46:31","date_gmt":"2025-02-24T21:46:31","guid":{"rendered":"https:\/\/staviori.com.pl\/product\/zlote-kolczyki-kzc5243\/"},"modified":"2026-02-11T00:08:47","modified_gmt":"2026-02-10T23:08:47","slug":"zlote-kolczyki-kzc5243","status":"publish","type":"product","link":"https:\/\/staviori.com.pl\/de\/product\/zlote-kolczyki-kzc5243\/","title":{"rendered":"Goldohrringe mit Smaragden"},"content":{"rendered":"<p>Model: KZC5243<br \/>\nWaga ok. 0,62g<\/p>\n<p>Ohrringe.<br \/>\nGelbgold 0,585.<br \/>\n2 Szmaragdy, o masie 0,20ct.<\/p>\n<p>\u015arednica 4 mm.<\/p>","protected":false},"excerpt":{"rendered":"<p>Delikatne kolczyki sztyfty wykonane z \u017c\u00f3\u0142tego z\u0142ota pr\u00f3by 0,585 zachwycaj\u0105 subtelnym blaskiem i elegancj\u0105. Ka\u017cdy kolczyk zdobi naturalny szmaragd o intensywnie zielonej barwie, osadzony w klasycznej oprawie sze\u015bciu \u0142apek. To ponadczasowy model, kt\u00f3ry idealnie podkre\u015bli urod\u0119 w\u0142a\u015bcicielki \u2013 zar\u00f3wno na co dzie\u0144, jak i przy wyj\u0105tkowych okazjach.<\/p>","protected":false},"featured_media":18283,"comment_status":"closed","ping_status":"closed","template":"","meta":{"om_disable_all_campaigns":false},"product_brand":[2284,2350],"product_cat":[199,2044,1930],"product_tag":[2317,3062,2665,2899,2814,2708,3594,3595],"class_list":{"0":"post-14423","1":"product","2":"type-product","3":"status-publish","4":"has-post-thumbnail","6":"product_brand-staviori","7":"product_brand-verona","8":"product_cat-kolczyki","9":"product_cat-zlote-kolczyki","10":"product_cat-zloto-2","11":"product_tag-elegancka-bizuteria","12":"product_tag-kolczyki-klasyczne","13":"product_tag-kolczyki-sztyfty","14":"product_tag-kolczyki-z-kamieniami","15":"product_tag-kolczyki-ze-szmaragdem","16":"product_tag-kolczyki-zlote","17":"product_tag-kzc5243","18":"product_tag-zolte-zloto-0-585","19":"pa_kamien-szmaragdy","20":"pa_kolor-zolte","21":"pa_kruszec-zloto","22":"pa_proba-0-585","23":"pa_srednica-4mm","24":"pa_waga-060g","25":"pa_zapiecie-sztyft","27":"first","28":"instock","29":"purchasable","30":"product-type-simple"},"aioseo_notices":[],"_links":{"self":[{"href":"https:\/\/staviori.com.pl\/de\/wp-json\/wp\/v2\/product\/14423","targetHints":{"allow":["GET"]}}],"collection":[{"href":"https:\/\/staviori.com.pl\/de\/wp-json\/wp\/v2\/product"}],"about":[{"href":"https:\/\/staviori.com.pl\/de\/wp-json\/wp\/v2\/types\/product"}],"replies":[{"embeddable":true,"href":"https:\/\/staviori.com.pl\/de\/wp-json\/wp\/v2\/comments?post=14423"}],"wp:featuredmedia":[{"embeddable":true,"href":"https:\/\/staviori.com.pl\/de\/wp-json\/wp\/v2\/media\/18283"}],"wp:attachment":[{"href":"https:\/\/staviori.com.pl\/de\/wp-json\/wp\/v2\/media?parent=14423"}],"wp:term":[{"taxonomy":"product_brand","embeddable":true,"href":"https:\/\/staviori.com.pl\/de\/wp-json\/wp\/v2\/product_brand?post=14423"},{"taxonomy":"product_cat","embeddable":true,"href":"https:\/\/staviori.com.pl\/de\/wp-json\/wp\/v2\/product_cat?post=14423"},{"taxonomy":"product_tag","embeddable":true,"href":"https:\/\/staviori.com.pl\/de\/wp-json\/wp\/v2\/product_tag?post=14423"}],"curies":[{"name":"wp","href":"https:\/\/api.w.org\/{rel}","templated":true}]}}