{"id":14415,"date":"2025-02-24T22:46:26","date_gmt":"2025-02-24T21:46:26","guid":{"rendered":"https:\/\/staviori.com.pl\/product\/zlote-kolczyki-kzc5151\/"},"modified":"2026-02-11T00:08:47","modified_gmt":"2026-02-10T23:08:47","slug":"zlote-kolczyki-kzc5151","status":"publish","type":"product","link":"https:\/\/staviori.com.pl\/de\/product\/zlote-kolczyki-kzc5151\/","title":{"rendered":"Goldnoten-Ohrringe - letztes Paar !"},"content":{"rendered":"<p>Model: KZC5151<br \/>\nWaga ok. 0,65g<\/p>\n<p>Ohrringe.<br \/>\nGelbgold 0,585.<\/p>\n<p>Wysoko\u015b\u0107 7 mm.<\/p>","protected":false},"excerpt":{"rendered":"<p>Model: KZC5151 Waga ok. 0,65g Kolczyki. \u017b\u00f3\u0142te Z\u0142oto 0,585. Wysoko\u015b\u0107 7 mm.<\/p>","protected":false},"featured_media":2701,"comment_status":"closed","ping_status":"closed","template":"","meta":{"om_disable_all_campaigns":false},"product_brand":[2284],"product_cat":[199,2044,1930],"product_tag":[3560],"class_list":{"0":"post-14415","1":"product","2":"type-product","3":"status-publish","4":"has-post-thumbnail","6":"product_brand-staviori","7":"product_cat-kolczyki","8":"product_cat-zlote-kolczyki","9":"product_cat-zloto-2","10":"product_tag-kzc5151","11":"pa_kolor-zolte","12":"pa_kruszec-zloto","13":"pa_proba-0-585","14":"pa_waga-060g","15":"pa_wysokosc-7mm","17":"first","18":"instock","19":"purchasable","20":"product-type-simple"},"aioseo_notices":[],"_links":{"self":[{"href":"https:\/\/staviori.com.pl\/de\/wp-json\/wp\/v2\/product\/14415","targetHints":{"allow":["GET"]}}],"collection":[{"href":"https:\/\/staviori.com.pl\/de\/wp-json\/wp\/v2\/product"}],"about":[{"href":"https:\/\/staviori.com.pl\/de\/wp-json\/wp\/v2\/types\/product"}],"replies":[{"embeddable":true,"href":"https:\/\/staviori.com.pl\/de\/wp-json\/wp\/v2\/comments?post=14415"}],"wp:featuredmedia":[{"embeddable":true,"href":"https:\/\/staviori.com.pl\/de\/wp-json\/wp\/v2\/media\/2701"}],"wp:attachment":[{"href":"https:\/\/staviori.com.pl\/de\/wp-json\/wp\/v2\/media?parent=14415"}],"wp:term":[{"taxonomy":"product_brand","embeddable":true,"href":"https:\/\/staviori.com.pl\/de\/wp-json\/wp\/v2\/product_brand?post=14415"},{"taxonomy":"product_cat","embeddable":true,"href":"https:\/\/staviori.com.pl\/de\/wp-json\/wp\/v2\/product_cat?post=14415"},{"taxonomy":"product_tag","embeddable":true,"href":"https:\/\/staviori.com.pl\/de\/wp-json\/wp\/v2\/product_tag?post=14415"}],"curies":[{"name":"wp","href":"https:\/\/api.w.org\/{rel}","templated":true}]}}