{"id":14409,"date":"2025-02-24T22:46:26","date_gmt":"2025-02-24T21:46:26","guid":{"rendered":"https:\/\/staviori.com.pl\/product\/zlote-kolczyki-kzc4823\/"},"modified":"2026-04-13T14:38:19","modified_gmt":"2026-04-13T12:38:19","slug":"zlote-kolczyki-kzc4823","status":"publish","type":"product","link":"https:\/\/staviori.com.pl\/de\/product\/zlote-kolczyki-kzc4823\/","title":{"rendered":"Goldohrringe mit Zirkonia 333"},"content":{"rendered":"<p>Model: KXC4823<br \/>\nWaga ok. 0,90g<\/p>\n<p>Ohrringe.<br \/>\nGelbgold 0,333.<br \/>\nZirkoniumdioxid.<\/p>\n<p>2 mm breit.<br \/>\nWysoko\u015b\u0107 10 mm.<\/p>","protected":false},"excerpt":{"rendered":"<p>Delikatne kolczyki z \u017c\u00f3\u0142tego z\u0142ota pr\u00f3by 0,333, ozdobione l\u015bni\u0105cymi cyrkoniami, to subtelna propozycja na co dzie\u0144 i na specjalne okazje. Ich minimalistyczna forma w po\u0142\u0105czeniu z wyrazistym po\u0142yskiem sprawia, \u017ce doskonale komponuj\u0105 si\u0119 zar\u00f3wno z eleganckimi, jak i codziennymi stylizacjami. Niewielki rozmiar i klasyczny design czyni\u0105 je uniwersalnym dodatkiem, kt\u00f3ry dodaje kobieco\u015bci i blasku.<\/p>","protected":false},"featured_media":2655,"comment_status":"closed","ping_status":"closed","template":"","meta":{"om_disable_all_campaigns":false},"product_brand":[2284,2350],"product_cat":[199,2044,1930],"product_tag":[2565,3547,2664,2674,2953,3546,2706,2544],"class_list":{"0":"post-14409","1":"product","2":"type-product","3":"status-publish","4":"has-post-thumbnail","6":"product_brand-staviori","7":"product_brand-verona","8":"product_cat-kolczyki","9":"product_cat-zlote-kolczyki","10":"product_cat-zloto-2","11":"product_tag-delikatna-bizuteria","12":"product_tag-elegancka-prostota","13":"product_tag-klasyczne-kolczyki","14":"product_tag-kolczyki-na-co-dzien","15":"product_tag-kolczyki-z-cyrkoniami","16":"product_tag-kxc4823","17":"product_tag-male-kolczyki","18":"product_tag-zolte-zloto-333","19":"pa_barwa-70","20":"pa_kamien-cyrkonia","21":"pa_kolor-zolte","22":"pa_kruszec-zloto","23":"pa_proba-0-333","24":"pa_szerokosc-2mm","25":"pa_waga-090g","26":"pa_wysokosc-10mm","27":"pa_zapiecie-angielskie","29":"first","30":"instock","31":"purchasable","32":"product-type-simple"},"aioseo_notices":[],"_links":{"self":[{"href":"https:\/\/staviori.com.pl\/de\/wp-json\/wp\/v2\/product\/14409","targetHints":{"allow":["GET"]}}],"collection":[{"href":"https:\/\/staviori.com.pl\/de\/wp-json\/wp\/v2\/product"}],"about":[{"href":"https:\/\/staviori.com.pl\/de\/wp-json\/wp\/v2\/types\/product"}],"replies":[{"embeddable":true,"href":"https:\/\/staviori.com.pl\/de\/wp-json\/wp\/v2\/comments?post=14409"}],"wp:featuredmedia":[{"embeddable":true,"href":"https:\/\/staviori.com.pl\/de\/wp-json\/wp\/v2\/media\/2655"}],"wp:attachment":[{"href":"https:\/\/staviori.com.pl\/de\/wp-json\/wp\/v2\/media?parent=14409"}],"wp:term":[{"taxonomy":"product_brand","embeddable":true,"href":"https:\/\/staviori.com.pl\/de\/wp-json\/wp\/v2\/product_brand?post=14409"},{"taxonomy":"product_cat","embeddable":true,"href":"https:\/\/staviori.com.pl\/de\/wp-json\/wp\/v2\/product_cat?post=14409"},{"taxonomy":"product_tag","embeddable":true,"href":"https:\/\/staviori.com.pl\/de\/wp-json\/wp\/v2\/product_tag?post=14409"}],"curies":[{"name":"wp","href":"https:\/\/api.w.org\/{rel}","templated":true}]}}