{"id":14406,"date":"2025-02-24T22:46:26","date_gmt":"2025-02-24T21:46:26","guid":{"rendered":"https:\/\/staviori.com.pl\/product\/kolczyk-z-brylantami-kyd0006\/"},"modified":"2026-02-11T00:08:47","modified_gmt":"2026-02-10T23:08:47","slug":"kolczyk-z-brylantami-kyd0006","status":"publish","type":"product","link":"https:\/\/staviori.com.pl\/de\/product\/kolczyk-z-brylantami-kyd0006\/","title":{"rendered":"Baguette-Diamant-Anh\u00e4nger-Ohrringe"},"content":{"rendered":"<p>Model: KYD0006<br \/>\nWaga ok. 0,50g<\/p>\n<p>Ohrringe.<br \/>\nGelbgold 0,585.<br \/>\n2 Diamenty, szlif bagieta, o masie 0,12ct, barwa H, czysto\u015b\u0107 I1.<\/p>\n<p>D\u0142ugo\u015b\u0107 36 mm.<br \/>\nWymiary 2.3&#215;4.3 mm.<\/p>","protected":false},"excerpt":{"rendered":"<p>Te wysmakowane kolczyki wykonane ze z\u0142ota pr\u00f3by 585 to esencja subtelno\u015bci i elegancji. Delikatny \u0142a\u0144cuszek z \u017c\u00f3\u0142tego z\u0142ota harmonijnie komponuje si\u0119 z dwoma diamentami w szlifie bagietowym o \u0142\u0105cznej masie 0,12 ct. Czysta forma i minimalistyczny styl czyni\u0105 je idealnym dodatkiem na ka\u017cd\u0105 okazj\u0119, subtelnie podkre\u015blaj\u0105cym kobiec\u0105 urod\u0119 i szyk.<\/p>","protected":false},"featured_media":18272,"comment_status":"closed","ping_status":"closed","template":"","meta":{"om_disable_all_campaigns":false},"product_brand":[2284],"product_cat":[1838,1990,199],"product_tag":[3574,2660,1394,3573,2384,2291,2683],"class_list":{"0":"post-14406","1":"product","2":"type-product","3":"status-publish","4":"has-post-thumbnail","6":"product_brand-staviori","7":"product_cat-diamenty","8":"product_cat-kolczyk-z-brylantami","9":"product_cat-kolczyki","10":"product_tag-diamenty-bagietowe","11":"product_tag-eleganckie-kolczyki","12":"product_tag-kolczyki","13":"product_tag-kyd0006","14":"product_tag-minimalistyczna-bizuteria","15":"product_tag-prezent-dla-niej","16":"product_tag-zlote-kolczyki","17":"pa_barwa-h-2","18":"pa_czystosc-i1","19":"pa_dlugosc-36mm","20":"pa_kamien-diamenty-bagietowe","21":"pa_kolor-zolte","22":"pa_kruszec-zloto","23":"pa_proba-0-585","24":"pa_waga-050g","25":"pa_wymiary-2-3x4-3mm","26":"pa_zapiecie-przewlekane","28":"first","29":"instock","30":"purchasable","31":"product-type-simple"},"aioseo_notices":[],"_links":{"self":[{"href":"https:\/\/staviori.com.pl\/de\/wp-json\/wp\/v2\/product\/14406","targetHints":{"allow":["GET"]}}],"collection":[{"href":"https:\/\/staviori.com.pl\/de\/wp-json\/wp\/v2\/product"}],"about":[{"href":"https:\/\/staviori.com.pl\/de\/wp-json\/wp\/v2\/types\/product"}],"replies":[{"embeddable":true,"href":"https:\/\/staviori.com.pl\/de\/wp-json\/wp\/v2\/comments?post=14406"}],"wp:featuredmedia":[{"embeddable":true,"href":"https:\/\/staviori.com.pl\/de\/wp-json\/wp\/v2\/media\/18272"}],"wp:attachment":[{"href":"https:\/\/staviori.com.pl\/de\/wp-json\/wp\/v2\/media?parent=14406"}],"wp:term":[{"taxonomy":"product_brand","embeddable":true,"href":"https:\/\/staviori.com.pl\/de\/wp-json\/wp\/v2\/product_brand?post=14406"},{"taxonomy":"product_cat","embeddable":true,"href":"https:\/\/staviori.com.pl\/de\/wp-json\/wp\/v2\/product_cat?post=14406"},{"taxonomy":"product_tag","embeddable":true,"href":"https:\/\/staviori.com.pl\/de\/wp-json\/wp\/v2\/product_tag?post=14406"}],"curies":[{"name":"wp","href":"https:\/\/api.w.org\/{rel}","templated":true}]}}