{"id":14402,"date":"2025-02-24T22:46:26","date_gmt":"2025-02-24T21:46:26","guid":{"rendered":"https:\/\/staviori.com.pl\/product\/zlote-kolczyki-kxx6235\/"},"modified":"2026-04-10T10:02:55","modified_gmt":"2026-04-10T08:02:55","slug":"zlote-kolczyki-kxx6235","status":"publish","type":"product","link":"https:\/\/staviori.com.pl\/de\/product\/zlote-kolczyki-kxx6235\/","title":{"rendered":"Goldohrringe in zweifarbigem 333er Gold"},"content":{"rendered":"<p>Model: KXX6235<br \/>\nWaga ok. 1,35g<\/p>\n<p>Ohrringe.<br \/>\nGelb, Wei\u00dfgold 0,333.<br \/>\n\u015arednica 16 mm.<\/p>\n<p>Kolczyki z zapi\u0119ciem typu szarnir, wykonane z dwukolorowego z\u0142ota pr\u00f3by 0,333. Cz\u0119\u015bciowo diamentowane.<\/p>","protected":false},"excerpt":{"rendered":"<p>Eleganckie kolczyki szarnir z dwukolorowego z\u0142ota pr\u00f3by 0,333 to idealne po\u0142\u0105czenie klasyki i nowoczesno\u015bci. Subtelne zestawienie \u017c\u00f3\u0142tego i bia\u0142ego z\u0142ota zosta\u0142o wzbogacone cz\u0119\u015bciowym diamentowaniem, kt\u00f3re dodaje blasku i szlachetnego charakteru. Niewielka \u015brednica 16 mm sprawia, \u017ce kolczyki te s\u0105 wyj\u0105tkowo wygodne i stylowe \u2013 idealne do noszenia na co dzie\u0144 i na specjalne okazje.<\/p>","protected":false},"featured_media":2614,"comment_status":"closed","ping_status":"closed","template":"","meta":{"om_disable_all_campaigns":false},"product_brand":[2284,2350],"product_cat":[199,2044,1930],"product_tag":[3591,3587,3513,3133,3437,3590,2708,3588,3589],"class_list":{"0":"post-14402","1":"product","2":"type-product","3":"status-publish","4":"has-post-thumbnail","6":"product_brand-staviori","7":"product_brand-verona","8":"product_cat-kolczyki","9":"product_cat-zlote-kolczyki","10":"product_cat-zloto-2","11":"product_tag-bizuteria-0-333","12":"product_tag-ha18407","13":"product_tag-kolczyki-dwukolorowe","14":"product_tag-kolczyki-eleganckie","15":"product_tag-kolczyki-szarnir","16":"product_tag-kolczyki-z-diamentowaniem","17":"product_tag-kolczyki-zlote","18":"product_tag-kxx6235","19":"product_tag-zolte-i-biale-zloto","20":"pa_kolor-zolte","21":"pa_kruszec-zloto","22":"pa_proba-0-333","23":"pa_srednica-16mm","24":"pa_waga-135g-2","25":"pa_zapiecie-szarnir","26":"pa_zapiecie-zatrzaskowe","28":"first","29":"instock","30":"purchasable","31":"product-type-simple"},"aioseo_notices":[],"_links":{"self":[{"href":"https:\/\/staviori.com.pl\/de\/wp-json\/wp\/v2\/product\/14402","targetHints":{"allow":["GET"]}}],"collection":[{"href":"https:\/\/staviori.com.pl\/de\/wp-json\/wp\/v2\/product"}],"about":[{"href":"https:\/\/staviori.com.pl\/de\/wp-json\/wp\/v2\/types\/product"}],"replies":[{"embeddable":true,"href":"https:\/\/staviori.com.pl\/de\/wp-json\/wp\/v2\/comments?post=14402"}],"wp:featuredmedia":[{"embeddable":true,"href":"https:\/\/staviori.com.pl\/de\/wp-json\/wp\/v2\/media\/2614"}],"wp:attachment":[{"href":"https:\/\/staviori.com.pl\/de\/wp-json\/wp\/v2\/media?parent=14402"}],"wp:term":[{"taxonomy":"product_brand","embeddable":true,"href":"https:\/\/staviori.com.pl\/de\/wp-json\/wp\/v2\/product_brand?post=14402"},{"taxonomy":"product_cat","embeddable":true,"href":"https:\/\/staviori.com.pl\/de\/wp-json\/wp\/v2\/product_cat?post=14402"},{"taxonomy":"product_tag","embeddable":true,"href":"https:\/\/staviori.com.pl\/de\/wp-json\/wp\/v2\/product_tag?post=14402"}],"curies":[{"name":"wp","href":"https:\/\/api.w.org\/{rel}","templated":true}]}}