{"id":14397,"date":"2025-02-24T22:46:26","date_gmt":"2025-02-24T21:46:26","guid":{"rendered":"https:\/\/staviori.com.pl\/product\/perly-ze-zlotem-kxn6411\/"},"modified":"2026-04-12T13:01:53","modified_gmt":"2026-04-12T11:01:53","slug":"perly-ze-zlotem-kxn6411","status":"publish","type":"product","link":"https:\/\/staviori.com.pl\/de\/product\/perly-ze-zlotem-kxn6411\/","title":{"rendered":"Goldfarbene Creolen mit Perlen 333"},"content":{"rendered":"<p>Model: KXN6411<br \/>\nWaga ok. 0,43g<\/p>\n<p>Ohrringe.<br \/>\nGelbgold 0,333.<br \/>\nNat\u00fcrliche S\u00fc\u00dfwasser-Zuchtperlen.<\/p>\n<p>\u015arednica kolczyk\u00f3w 10 mm.<br \/>\n\u015arednica pere\u0142 3 mm.<\/p>","protected":false},"excerpt":{"rendered":"<p>Subtelne i niezwykle kobiece kolczyki z \u017c\u00f3\u0142tego z\u0142ota pr\u00f3by 0,333 ozdobione naturalnymi per\u0142ami hodowanymi. Klasyczna forma okr\u0105g\u0142ych k\u00f3\u0142eczek z delikatnie zwisaj\u0105c\u0105 per\u0142\u0105 dodaje szyku ka\u017cdej stylizacji. Idealne na co dzie\u0144, jak i na wyj\u0105tkowe okazje \u2013 to ponadczasowa elegancja w najpi\u0119kniejszym wydaniu.<\/p>","protected":false},"featured_media":10330,"comment_status":"closed","ping_status":"closed","template":"","meta":{"om_disable_all_campaigns":false},"product_brand":[2284,2350],"product_cat":[1393,1976,1930],"product_tag":[2628,3580,2682,2698,3581,2708,3579,3029,3577],"class_list":{"0":"post-14397","1":"product","2":"type-product","3":"status-publish","4":"has-post-thumbnail","6":"product_brand-staviori","7":"product_brand-verona","8":"product_cat-perly","9":"product_cat-perly-ze-zlotem","10":"product_cat-zloto-2","11":"product_tag-bizuteria-klasyczna","12":"product_tag-kf18731","13":"product_tag-kolczyki-kola","14":"product_tag-kolczyki-na-prezent","15":"product_tag-kolczyki-z-perla","16":"product_tag-kolczyki-zlote","17":"product_tag-kxn6411","18":"product_tag-perly-hodowane","19":"product_tag-zloto-0-333","20":"pa_kamien-naturalne-perly-hodowane-slodkowodne","21":"pa_kolor-zolte","22":"pa_kruszec-zloto","23":"pa_proba-0-333","24":"pa_srednica-10mm","25":"pa_srednica-kulki-3mm","26":"pa_waga-g","27":"pa_zapiecie-szarnir","29":"first","30":"outofstock","31":"purchasable","32":"product-type-simple"},"aioseo_notices":[],"_links":{"self":[{"href":"https:\/\/staviori.com.pl\/de\/wp-json\/wp\/v2\/product\/14397","targetHints":{"allow":["GET"]}}],"collection":[{"href":"https:\/\/staviori.com.pl\/de\/wp-json\/wp\/v2\/product"}],"about":[{"href":"https:\/\/staviori.com.pl\/de\/wp-json\/wp\/v2\/types\/product"}],"replies":[{"embeddable":true,"href":"https:\/\/staviori.com.pl\/de\/wp-json\/wp\/v2\/comments?post=14397"}],"wp:featuredmedia":[{"embeddable":true,"href":"https:\/\/staviori.com.pl\/de\/wp-json\/wp\/v2\/media\/10330"}],"wp:attachment":[{"href":"https:\/\/staviori.com.pl\/de\/wp-json\/wp\/v2\/media?parent=14397"}],"wp:term":[{"taxonomy":"product_brand","embeddable":true,"href":"https:\/\/staviori.com.pl\/de\/wp-json\/wp\/v2\/product_brand?post=14397"},{"taxonomy":"product_cat","embeddable":true,"href":"https:\/\/staviori.com.pl\/de\/wp-json\/wp\/v2\/product_cat?post=14397"},{"taxonomy":"product_tag","embeddable":true,"href":"https:\/\/staviori.com.pl\/de\/wp-json\/wp\/v2\/product_tag?post=14397"}],"curies":[{"name":"wp","href":"https:\/\/api.w.org\/{rel}","templated":true}]}}