{"id":14393,"date":"2025-02-24T22:46:22","date_gmt":"2025-02-24T21:46:22","guid":{"rendered":"https:\/\/staviori.com.pl\/product\/bizuteria-inwestycyjna-kolczyk-kxd3960\/"},"modified":"2026-02-11T00:08:46","modified_gmt":"2026-02-10T23:08:46","slug":"bizuteria-inwestycyjna-kolczyk-kxd3960","status":"publish","type":"product","link":"https:\/\/staviori.com.pl\/de\/product\/bizuteria-inwestycyjna-kolczyk-kxd3960\/","title":{"rendered":"Exklusive | Schwarzgold-Schleifen-Ohrringe"},"content":{"rendered":"<p>Model: DDE1370<br \/>\nWaga ok. 5,45g<\/p>\n<p>Ohrringe.<br \/>\nBia\u0142e, Czarne Z\u0142oto 0,750.<br \/>\n54 Diamenty, szlif brylantowy, o masie ok. 0,32ct, barwa G-H, czysto\u015b\u0107 SI1.<br \/>\n72 Diamenty, kolor czarny, szlif brylantowy, o masie ok. 0,73ct.<\/p>\n<p>D\u0142ugo\u015b\u0107 26 mm.<br \/>\nSzeroko\u015b\u0107 11 mm.<br \/>\nGrubo\u015b\u0107 18 mm.<\/p>\n<p><strong>Produkt nur auf Anfrage erh\u00e4ltlich, Vorlaufzeit ca. 5 Wochen.<\/strong><\/p>\n<p>*Czarne z\u0142oto to bia\u0142e z\u0142oto pr\u00f3by 0,750 pokryte czarnym rodem.<\/p>","protected":false},"excerpt":{"rendered":"<p>Urocze kolczyki z motywem kokardki, wykonane z po\u0142\u0105czenia bia\u0142ego i czarnego z\u0142ota pr\u00f3by 0,750, to propozycja dla kobiet ceni\u0105cych oryginalno\u015b\u0107 i subtelny blask. Kompozycj\u0119 tworzy a\u017c 126 diament\u00f3w \u2013 bia\u0142e podkre\u015blaj\u0105 form\u0119 kokardki, natomiast czarne elegancko zdobi\u0105 podw\u00f3jne obr\u0119cze. Ten zmys\u0142owy duet kolorystyczny w po\u0142\u0105czeniu z wyrafinowan\u0105 form\u0105 sprawia, \u017ce kolczyki s\u0105 wyj\u0105tkowym dodatkiem do wieczorowych stylizacji. Idealny wyb\u00f3r dla kobiet, kt\u00f3re lubi\u0105 wyra\u017ca\u0107 siebie poprzez bi\u017cuteri\u0119.<\/p>","protected":false},"featured_media":2591,"comment_status":"closed","ping_status":"closed","template":"","meta":{"om_disable_all_campaigns":false},"product_brand":[2284],"product_cat":[1803,199,6858],"product_tag":[2658,2405,3543,3545,2317,2755,2667,3544],"class_list":{"0":"post-14393","1":"product","2":"type-product","3":"status-publish","4":"has-post-thumbnail","6":"product_brand-staviori","7":"product_cat-brylanty-exclusive","8":"product_cat-kolczyki","9":"product_cat-kolczyki-brylanty-exclusive","10":"product_tag-biale-zloto-750","11":"product_tag-czarne-zloto","12":"product_tag-dde1370","13":"product_tag-diamenty-czarne-i-biale","14":"product_tag-elegancka-bizuteria","15":"product_tag-kolczyki-na-zamowienie","16":"product_tag-kolczyki-z-diamentami","17":"product_tag-kolczyki-z-kokardka","18":"pa_barwa-g-h","19":"pa_czystosc-si1","20":"pa_dlugosc-26mm","21":"pa_dostawca-draco","22":"pa_kamien-biale-diamenty","23":"pa_kamien-czarne-diamenty","24":"pa_kolor-biale","25":"pa_kruszec-zloto","26":"pa_proba-0-750","27":"pa_szerokosc-11mm","28":"pa_waga-g","29":"pa_zapiecie-clip-back-post","30":"pa_zapiecie-klips-z-bolcem","32":"first","33":"onbackorder","34":"purchasable","35":"product-type-simple"},"aioseo_notices":[],"_links":{"self":[{"href":"https:\/\/staviori.com.pl\/de\/wp-json\/wp\/v2\/product\/14393","targetHints":{"allow":["GET"]}}],"collection":[{"href":"https:\/\/staviori.com.pl\/de\/wp-json\/wp\/v2\/product"}],"about":[{"href":"https:\/\/staviori.com.pl\/de\/wp-json\/wp\/v2\/types\/product"}],"replies":[{"embeddable":true,"href":"https:\/\/staviori.com.pl\/de\/wp-json\/wp\/v2\/comments?post=14393"}],"wp:featuredmedia":[{"embeddable":true,"href":"https:\/\/staviori.com.pl\/de\/wp-json\/wp\/v2\/media\/2591"}],"wp:attachment":[{"href":"https:\/\/staviori.com.pl\/de\/wp-json\/wp\/v2\/media?parent=14393"}],"wp:term":[{"taxonomy":"product_brand","embeddable":true,"href":"https:\/\/staviori.com.pl\/de\/wp-json\/wp\/v2\/product_brand?post=14393"},{"taxonomy":"product_cat","embeddable":true,"href":"https:\/\/staviori.com.pl\/de\/wp-json\/wp\/v2\/product_cat?post=14393"},{"taxonomy":"product_tag","embeddable":true,"href":"https:\/\/staviori.com.pl\/de\/wp-json\/wp\/v2\/product_tag?post=14393"}],"curies":[{"name":"wp","href":"https:\/\/api.w.org\/{rel}","templated":true}]}}