{"id":14390,"date":"2025-02-24T22:46:22","date_gmt":"2025-02-24T21:46:22","guid":{"rendered":"https:\/\/staviori.com.pl\/product\/bizuteria-inwestycyjna-kolczyk-kxd3488\/"},"modified":"2026-02-11T00:08:46","modified_gmt":"2026-02-10T23:08:46","slug":"bizuteria-inwestycyjna-kolczyk-kxd3488","status":"publish","type":"product","link":"https:\/\/staviori.com.pl\/de\/product\/bizuteria-inwestycyjna-kolczyk-kxd3488\/","title":{"rendered":"Exklusive Ohrringe aus Schwarz- und Gelbgold mit Diamanten"},"content":{"rendered":"<p>Model: DDE0479B<br \/>\nWaga ok. 11,90g<\/p>\n<p>Ohrringe.<br \/>\n\u017b\u00f3\u0142te, Czarne Z\u0142oto* 0,750.<br \/>\n62 Diamenty, szlif brylantowy, o masie ok. 0,39ct, barwa G-H, czysto\u015b\u0107 SI1.<br \/>\n206 Diament\u00f3w, kolor czarny, szlif brylantowy, o masie ok. 2,58ct.<\/p>\n<p>\u015arednica 17 mm.<br \/>\nD\u0142ugo\u015b\u0107 36 mm.<\/p>\n<p><strong>Produkt nur auf Anfrage erh\u00e4ltlich, Vorlaufzeit ca. 5 Wochen.<\/strong><\/p>\n<p>*Czarne z\u0142oto to bia\u0142e z\u0142oto pr\u00f3by 0,750 pokryte czarnym rodem.<\/p>","protected":false},"excerpt":{"rendered":"<p>Zjawiskowe kolczyki wykonane z 18-karatowego z\u0142ota w kontrastuj\u0105cym zestawieniu \u017c\u00f3\u0142tego i czarnego wyko\u0144czenia, kt\u00f3re przyci\u0105ga uwag\u0119 i zachwyca oryginalno\u015bci\u0105. Luksusowy design oparty na motywie trzech po\u0142\u0105czonych pier\u015bcieni, z kt\u00f3rych ka\u017cdy zosta\u0142 bogato wysadzany brylantami \u2013 w klasycznej, bia\u0142ej barwie oraz g\u0142\u0119bokiej czerni. A\u017c 268 kamieni o \u0142\u0105cznej masie niemal 3 ct tworzy wyj\u0105tkowy efekt blasku i g\u0142\u0119bi. Kolczyki stanowi\u0105 doskona\u0142y wyb\u00f3r dla kobiet, kt\u00f3re lubi\u0105 wyrazist\u0105 bi\u017cuteri\u0119 i bezkompromisowy styl.<\/p>","protected":false},"featured_media":18199,"comment_status":"closed","ping_status":"closed","template":"","meta":{"om_disable_all_campaigns":false},"product_brand":[2284],"product_cat":[1803,6858,199],"product_tag":[2311,3522,2555,2684,2770,2672,2977,2662,3523],"class_list":{"0":"post-14390","1":"product","2":"type-product","3":"status-publish","4":"has-post-thumbnail","6":"product_brand-staviori","7":"product_cat-brylanty-exclusive","8":"product_cat-kolczyki-brylanty-exclusive","9":"product_cat-kolczyki","10":"product_tag-bizuteria-luksusowa","11":"product_tag-dde0479b","12":"product_tag-ekskluzywna-bizuteria","13":"product_tag-kolczyki-18k","14":"product_tag-kolczyki-wiszace","15":"product_tag-kolczyki-z-brylantami","16":"product_tag-kolczyki-z-czarnego-zlota","17":"product_tag-kolczyki-z-czarnymi-diamentami","18":"product_tag-kxd3488","19":"pa_barwa-czarne","20":"pa_dlugosc-36mm","21":"pa_dostawca-draco","22":"pa_kamien-czarne-diamenty","23":"pa_kolor-czarne","24":"pa_kolor-zolte","25":"pa_kruszec-zloto","26":"pa_proba-0-750","27":"pa_srednica-17mm","28":"pa_waga-1190g","29":"pa_zapiecie-angielskie","31":"first","32":"onbackorder","33":"purchasable","34":"product-type-simple"},"aioseo_notices":[],"_links":{"self":[{"href":"https:\/\/staviori.com.pl\/de\/wp-json\/wp\/v2\/product\/14390","targetHints":{"allow":["GET"]}}],"collection":[{"href":"https:\/\/staviori.com.pl\/de\/wp-json\/wp\/v2\/product"}],"about":[{"href":"https:\/\/staviori.com.pl\/de\/wp-json\/wp\/v2\/types\/product"}],"replies":[{"embeddable":true,"href":"https:\/\/staviori.com.pl\/de\/wp-json\/wp\/v2\/comments?post=14390"}],"wp:featuredmedia":[{"embeddable":true,"href":"https:\/\/staviori.com.pl\/de\/wp-json\/wp\/v2\/media\/18199"}],"wp:attachment":[{"href":"https:\/\/staviori.com.pl\/de\/wp-json\/wp\/v2\/media?parent=14390"}],"wp:term":[{"taxonomy":"product_brand","embeddable":true,"href":"https:\/\/staviori.com.pl\/de\/wp-json\/wp\/v2\/product_brand?post=14390"},{"taxonomy":"product_cat","embeddable":true,"href":"https:\/\/staviori.com.pl\/de\/wp-json\/wp\/v2\/product_cat?post=14390"},{"taxonomy":"product_tag","embeddable":true,"href":"https:\/\/staviori.com.pl\/de\/wp-json\/wp\/v2\/product_tag?post=14390"}],"curies":[{"name":"wp","href":"https:\/\/api.w.org\/{rel}","templated":true}]}}