{"id":14388,"date":"2025-02-24T22:46:22","date_gmt":"2025-02-24T21:46:22","guid":{"rendered":"https:\/\/staviori.com.pl\/product\/kolczyk-z-brylantami-kxd2500\/"},"modified":"2026-02-11T00:08:46","modified_gmt":"2026-02-10T23:08:46","slug":"kolczyk-z-brylantami-kxd2500","status":"publish","type":"product","link":"https:\/\/staviori.com.pl\/de\/product\/kolczyk-z-brylantami-kxd2500\/","title":{"rendered":"Exklusive Ohrringe mit 0,50ct Diamanten in Wei\u00df- und Gelbgold 750"},"content":{"rendered":"<p>Model: KZD2500<br \/>\nGewicht ca. 1,40g<\/p>\n<p>Ohrringe.<br \/>\n\u017b\u00f3\u0142te, Bia\u0142e Z\u0142oto 0,750.<br \/>\n2 Diamenty, szlif brylantowy, o masie 0,50ct, barwa G, czysto\u015b\u0107 SI1.<\/p>\n<p>\u015arednica korony ok. 4.60 mm.<br \/>\nKorona 4.95 mm.<br \/>\nD\u0142ugo\u015b\u0107 16 mm.<\/p>\n<p><strong>Produkt dost\u0119pny na zam\u00f3wienie &#8211; termin realizacji ok. 1 tydzie\u0144.<br \/>\nDost\u0119pne na indywidualne zam\u00f3wienie z innymi brylantami.<\/strong><\/p>","protected":false},"excerpt":{"rendered":"<p>Ponadczasowa elegancja w czystej formie \u2013 te ol\u015bniewaj\u0105ce kolczyki z 18-karatowego \u017c\u00f3\u0142tego i bia\u0142ego z\u0142ota to prawdziwa klasyka luksusu. Ka\u017cdy z nich zdobi perfekcyjnie oszlifowany brylant o masie 0,25 ct, zamkni\u0119ty w subtelnej koronie z bia\u0142ego z\u0142ota, kt\u00f3ra pi\u0119knie eksponuje jego blask. Precyzyjne wykonanie oraz elegancki design sprawiaj\u0105, \u017ce to idealna bi\u017cuteria zar\u00f3wno na co dzie\u0144, jak i na wyj\u0105tkowe okazje. Doskona\u0142y wyb\u00f3r dla kobiet kochaj\u0105cych prostot\u0119 w wyrafinowanym wydaniu.<\/p>","protected":false},"featured_media":2559,"comment_status":"closed","ping_status":"closed","template":"","meta":{"om_disable_all_campaigns":false},"product_brand":[2284],"product_cat":[1803,1838,1990,199],"product_tag":[3520,3521],"class_list":{"0":"post-14388","1":"product","2":"type-product","3":"status-publish","4":"has-post-thumbnail","6":"product_brand-staviori","7":"product_cat-brylanty-exclusive","8":"product_cat-diamenty","9":"product_cat-kolczyk-z-brylantami","10":"product_cat-kolczyki","11":"product_tag-kxd2500","12":"product_tag-kzd2500","13":"pa_barwa-g-2","14":"pa_czystosc-si1","15":"pa_dostawca-draco","16":"pa_kamien-diamenty","17":"pa_kamien-brylanty","18":"pa_kolor-zolte","19":"pa_korona-4-95mm","20":"pa_kruszec-zloto","21":"pa_proba-0-750","22":"pa_srednica-korony-ok-4-60mm","23":"pa_waga-140g","25":"first","26":"onbackorder","27":"purchasable","28":"product-type-simple"},"aioseo_notices":[],"_links":{"self":[{"href":"https:\/\/staviori.com.pl\/de\/wp-json\/wp\/v2\/product\/14388","targetHints":{"allow":["GET"]}}],"collection":[{"href":"https:\/\/staviori.com.pl\/de\/wp-json\/wp\/v2\/product"}],"about":[{"href":"https:\/\/staviori.com.pl\/de\/wp-json\/wp\/v2\/types\/product"}],"replies":[{"embeddable":true,"href":"https:\/\/staviori.com.pl\/de\/wp-json\/wp\/v2\/comments?post=14388"}],"wp:featuredmedia":[{"embeddable":true,"href":"https:\/\/staviori.com.pl\/de\/wp-json\/wp\/v2\/media\/2559"}],"wp:attachment":[{"href":"https:\/\/staviori.com.pl\/de\/wp-json\/wp\/v2\/media?parent=14388"}],"wp:term":[{"taxonomy":"product_brand","embeddable":true,"href":"https:\/\/staviori.com.pl\/de\/wp-json\/wp\/v2\/product_brand?post=14388"},{"taxonomy":"product_cat","embeddable":true,"href":"https:\/\/staviori.com.pl\/de\/wp-json\/wp\/v2\/product_cat?post=14388"},{"taxonomy":"product_tag","embeddable":true,"href":"https:\/\/staviori.com.pl\/de\/wp-json\/wp\/v2\/product_tag?post=14388"}],"curies":[{"name":"wp","href":"https:\/\/api.w.org\/{rel}","templated":true}]}}