{"id":14386,"date":"2025-02-24T22:46:22","date_gmt":"2025-02-24T21:46:22","guid":{"rendered":"https:\/\/staviori.com.pl\/product\/kolczyk-z-brylantami-kxd1897r\/"},"modified":"2026-02-11T00:08:46","modified_gmt":"2026-02-10T23:08:46","slug":"kolczyk-z-brylantami-kxd1897r","status":"publish","type":"product","link":"https:\/\/staviori.com.pl\/de\/product\/kolczyk-z-brylantami-kxd1897r\/","title":{"rendered":"Schmetterlingsohrringe mit Diamanten aus Ros\u00e9gold"},"content":{"rendered":"<p>Model: KZD1800R<br \/>\nWaga ok. 0,84g<\/p>\n<p>Ohrringe.<br \/>\nWei\u00df, Rose Gold 0,585.<br \/>\n2 Diamenty, szlif achtkant, o masie 0,006ct, barwa H, czysto\u015b\u0107 I1.<\/p>\n<p>Wymiary 7&#215;7 mm.<\/p>","protected":false},"excerpt":{"rendered":"<p>Urocze kolczyki w kszta\u0142cie wa\u017cki wykonane z dwukolorowego z\u0142ota pr\u00f3by 0,585 \u2013 harmonijne po\u0142\u0105czenie ciep\u0142ego r\u00f3\u017cowego i eleganckiego bia\u0142ego z\u0142ota. Subtelnie zdobione dwoma male\u0144kimi diamentami o szlifie achtkant, dodaj\u0105 delikatnego blasku i klasy. Ich lekka forma i wyj\u0105tkowy kszta\u0142t sprawiaj\u0105, \u017ce s\u0105 idealnym wyborem dla kobiet ceni\u0105cych natur\u0119, subtelno\u015b\u0107 i niebanalny styl. Doskona\u0142e na prezent i do codziennego noszenia.<\/p>","protected":false},"featured_media":2538,"comment_status":"closed","ping_status":"closed","template":"","meta":{"om_disable_all_campaigns":false},"product_brand":[2284],"product_cat":[1838,1990,199],"product_tag":[3514,3515,3513,3178,3512,2667,3516,3511,3510,2683],"class_list":{"0":"post-14386","1":"product","2":"type-product","3":"status-publish","4":"has-post-thumbnail","6":"product_brand-staviori","7":"product_cat-diamenty","8":"product_cat-kolczyk-z-brylantami","9":"product_cat-kolczyki","10":"product_tag-bizuteria-przyrodnicza","11":"product_tag-kolczyki-14k","12":"product_tag-kolczyki-dwukolorowe","13":"product_tag-kolczyki-motylki","14":"product_tag-kolczyki-wazki","15":"product_tag-kolczyki-z-diamentami","16":"product_tag-kolczyki-z-rozowym-zlotem","17":"product_tag-kxd1897r","18":"product_tag-kzd1800r","19":"product_tag-zlote-kolczyki","20":"pa_barwa-h-2","21":"pa_czystosc-i1","22":"pa_dostawca-estrella","23":"pa_kamien-diament","24":"pa_kolor-biale","25":"pa_kruszec-zloto","26":"pa_motyw-motylek","27":"pa_proba-0-585","28":"pa_waga-085g","29":"pa_wymiary-7x7mm","30":"pa_zapiecie-sztyft","32":"first","33":"instock","34":"purchasable","35":"product-type-simple"},"aioseo_notices":[],"_links":{"self":[{"href":"https:\/\/staviori.com.pl\/de\/wp-json\/wp\/v2\/product\/14386","targetHints":{"allow":["GET"]}}],"collection":[{"href":"https:\/\/staviori.com.pl\/de\/wp-json\/wp\/v2\/product"}],"about":[{"href":"https:\/\/staviori.com.pl\/de\/wp-json\/wp\/v2\/types\/product"}],"replies":[{"embeddable":true,"href":"https:\/\/staviori.com.pl\/de\/wp-json\/wp\/v2\/comments?post=14386"}],"wp:featuredmedia":[{"embeddable":true,"href":"https:\/\/staviori.com.pl\/de\/wp-json\/wp\/v2\/media\/2538"}],"wp:attachment":[{"href":"https:\/\/staviori.com.pl\/de\/wp-json\/wp\/v2\/media?parent=14386"}],"wp:term":[{"taxonomy":"product_brand","embeddable":true,"href":"https:\/\/staviori.com.pl\/de\/wp-json\/wp\/v2\/product_brand?post=14386"},{"taxonomy":"product_cat","embeddable":true,"href":"https:\/\/staviori.com.pl\/de\/wp-json\/wp\/v2\/product_cat?post=14386"},{"taxonomy":"product_tag","embeddable":true,"href":"https:\/\/staviori.com.pl\/de\/wp-json\/wp\/v2\/product_tag?post=14386"}],"curies":[{"name":"wp","href":"https:\/\/api.w.org\/{rel}","templated":true}]}}