{"id":14385,"date":"2025-02-24T22:46:22","date_gmt":"2025-02-24T21:46:22","guid":{"rendered":"https:\/\/staviori.com.pl\/product\/kolczyk-z-brylantami-kxd1897\/"},"modified":"2026-02-11T00:08:45","modified_gmt":"2026-02-10T23:08:45","slug":"kolczyk-z-brylantami-kzd1800y","status":"publish","type":"product","link":"https:\/\/staviori.com.pl\/de\/product\/kolczyk-z-brylantami-kzd1800y\/","title":{"rendered":"Schmetterlingsohrringe mit Diamanten aus Gelbgold"},"content":{"rendered":"<p>Model: KZD1800Y<br \/>\nGewicht ca. 0,85g<\/p>\n<p>Ohrringe.<br \/>\n\u017b\u00f3\u0142te, Bia\u0142e Z\u0142oto 0,585.<br \/>\n2 Diamenty, szlif achtkant, o masie 0,006ct, barwa H, czysto\u015b\u0107 I1.<\/p>\n<p>Wymiary 7&#215;7 mm.<\/p>","protected":false},"excerpt":{"rendered":"<p>Urocze kolczyki w kszta\u0142cie wa\u017cki wykonane z dwukolorowego z\u0142ota pr\u00f3by 0,585 \u2013 harmonijne po\u0142\u0105czenie ciep\u0142ego \u017c\u00f3\u0142tego i eleganckiego bia\u0142ego z\u0142ota. Subtelnie zdobione dwoma male\u0144kimi diamentami o szlifie achtkant, dodaj\u0105 delikatnego blasku i klasy. Ich lekka forma i wyj\u0105tkowy kszta\u0142t sprawiaj\u0105, \u017ce s\u0105 idealnym wyborem dla kobiet ceni\u0105cych natur\u0119, subtelno\u015b\u0107 i niebanalny styl. Doskona\u0142e na prezent i do codziennego noszenia.<\/p>","protected":false},"featured_media":2527,"comment_status":"closed","ping_status":"closed","template":"","meta":{"om_disable_all_campaigns":false},"product_brand":[2284],"product_cat":[1838,1990,199],"product_tag":[3509,3508],"class_list":{"0":"post-14385","1":"product","2":"type-product","3":"status-publish","4":"has-post-thumbnail","6":"product_brand-staviori","7":"product_cat-diamenty","8":"product_cat-kolczyk-z-brylantami","9":"product_cat-kolczyki","10":"product_tag-kxd1897","11":"product_tag-kzd1800y","12":"pa_barwa-h-2","13":"pa_czystosc-i1","14":"pa_dostawca-estrella","15":"pa_kamien-diament","16":"pa_kolor-zolte","17":"pa_kruszec-zloto","18":"pa_motyw-motylek","19":"pa_proba-0-585","20":"pa_waga-085g","21":"pa_wymiary-7x7mm","22":"pa_zapiecie-sztyft","24":"first","25":"instock","26":"purchasable","27":"product-type-simple"},"aioseo_notices":[],"_links":{"self":[{"href":"https:\/\/staviori.com.pl\/de\/wp-json\/wp\/v2\/product\/14385","targetHints":{"allow":["GET"]}}],"collection":[{"href":"https:\/\/staviori.com.pl\/de\/wp-json\/wp\/v2\/product"}],"about":[{"href":"https:\/\/staviori.com.pl\/de\/wp-json\/wp\/v2\/types\/product"}],"replies":[{"embeddable":true,"href":"https:\/\/staviori.com.pl\/de\/wp-json\/wp\/v2\/comments?post=14385"}],"wp:featuredmedia":[{"embeddable":true,"href":"https:\/\/staviori.com.pl\/de\/wp-json\/wp\/v2\/media\/2527"}],"wp:attachment":[{"href":"https:\/\/staviori.com.pl\/de\/wp-json\/wp\/v2\/media?parent=14385"}],"wp:term":[{"taxonomy":"product_brand","embeddable":true,"href":"https:\/\/staviori.com.pl\/de\/wp-json\/wp\/v2\/product_brand?post=14385"},{"taxonomy":"product_cat","embeddable":true,"href":"https:\/\/staviori.com.pl\/de\/wp-json\/wp\/v2\/product_cat?post=14385"},{"taxonomy":"product_tag","embeddable":true,"href":"https:\/\/staviori.com.pl\/de\/wp-json\/wp\/v2\/product_tag?post=14385"}],"curies":[{"name":"wp","href":"https:\/\/api.w.org\/{rel}","templated":true}]}}