{"id":14378,"date":"2025-02-24T22:46:22","date_gmt":"2025-02-24T21:46:22","guid":{"rendered":"https:\/\/staviori.com.pl\/product\/kolczyk-z-brylantami-kxd0757\/"},"modified":"2026-02-11T00:08:45","modified_gmt":"2026-02-10T23:08:45","slug":"kolczyk-z-brylantami-kxd0757","status":"publish","type":"product","link":"https:\/\/staviori.com.pl\/de\/product\/kolczyk-z-brylantami-kxd0757\/","title":{"rendered":"Ohrringe mit Smaragden und Diamanten"},"content":{"rendered":"<p>Model: KZD0757Z<br \/>\nGewicht ca. 1,20g<\/p>\n<p>Ohrringe.<br \/>\n\u017b\u00f3\u0142te, Bia\u0142e Z\u0142oto 0,585.<br \/>\n24 Diamenty, szlif brylantowy, o masie 0,10ct., barwa H, czysto\u015b\u0107 I1.<br \/>\n2 Szmaragdy, o masie 0,40ct.<\/p>\n<p>Wymiary 6&#215;7 mm.<br \/>\n5 mm dick.<\/p>","protected":false},"excerpt":{"rendered":"<p>Ol\u015bniewaj\u0105ce kolczyki z \u017c\u00f3\u0142tego i bia\u0142ego z\u0142ota, zdobione intensywnie zielonymi szmaragdami o \u0142\u0105cznej masie 0,40 ct, otoczonymi subtelnym blaskiem 24 diament\u00f3w. Ich klasyczna forma z nut\u0105 luksusu idealnie podkre\u015bla kobiec\u0105 elegancj\u0119 i ponadczasowy styl. To wyj\u0105tkowy wyb\u00f3r dla kobiet ceni\u0105cych wyrafinowan\u0105 bi\u017cuteri\u0119 z charakterem.<\/p>","protected":false},"featured_media":18210,"comment_status":"closed","ping_status":"closed","template":"","meta":{"om_disable_all_campaigns":false},"product_brand":[2284],"product_cat":[1838,1990,199],"product_tag":[3532,2660,2698,2928,3533,2667,3531,2683],"class_list":{"0":"post-14378","1":"product","2":"type-product","3":"status-publish","4":"has-post-thumbnail","6":"product_brand-staviori","7":"product_cat-diamenty","8":"product_cat-kolczyk-z-brylantami","9":"product_cat-kolczyki","10":"product_tag-bizuteria-z-szmaragdem","11":"product_tag-eleganckie-kolczyki","12":"product_tag-kolczyki-na-prezent","13":"product_tag-kolczyki-szmaragdowe","14":"product_tag-kolczyki-z-bialego-i-zoltego-zlota","15":"product_tag-kolczyki-z-diamentami","16":"product_tag-kzd0757","17":"product_tag-zlote-kolczyki","18":"pa_barwa-h","19":"pa_czystosc-i1","20":"pa_grubosc-5mm","21":"pa_kamien-diamenty","22":"pa_kamien-szmaragdy","23":"pa_kolor-zolte","24":"pa_kruszec-zloto","25":"pa_proba-0-585","26":"pa_waga-120g","27":"pa_wymiary-6x7mm","29":"first","30":"onbackorder","31":"purchasable","32":"product-type-simple"},"aioseo_notices":[],"_links":{"self":[{"href":"https:\/\/staviori.com.pl\/de\/wp-json\/wp\/v2\/product\/14378","targetHints":{"allow":["GET"]}}],"collection":[{"href":"https:\/\/staviori.com.pl\/de\/wp-json\/wp\/v2\/product"}],"about":[{"href":"https:\/\/staviori.com.pl\/de\/wp-json\/wp\/v2\/types\/product"}],"replies":[{"embeddable":true,"href":"https:\/\/staviori.com.pl\/de\/wp-json\/wp\/v2\/comments?post=14378"}],"wp:featuredmedia":[{"embeddable":true,"href":"https:\/\/staviori.com.pl\/de\/wp-json\/wp\/v2\/media\/18210"}],"wp:attachment":[{"href":"https:\/\/staviori.com.pl\/de\/wp-json\/wp\/v2\/media?parent=14378"}],"wp:term":[{"taxonomy":"product_brand","embeddable":true,"href":"https:\/\/staviori.com.pl\/de\/wp-json\/wp\/v2\/product_brand?post=14378"},{"taxonomy":"product_cat","embeddable":true,"href":"https:\/\/staviori.com.pl\/de\/wp-json\/wp\/v2\/product_cat?post=14378"},{"taxonomy":"product_tag","embeddable":true,"href":"https:\/\/staviori.com.pl\/de\/wp-json\/wp\/v2\/product_tag?post=14378"}],"curies":[{"name":"wp","href":"https:\/\/api.w.org\/{rel}","templated":true}]}}