{"id":14377,"date":"2025-02-24T22:46:22","date_gmt":"2025-02-24T21:46:22","guid":{"rendered":"https:\/\/staviori.com.pl\/product\/kolczyk-z-brylantami-kxd0611r\/"},"modified":"2026-04-08T21:07:18","modified_gmt":"2026-04-08T19:07:18","slug":"kolczyk-z-brylantami-kxd0611r","status":"publish","type":"product","link":"https:\/\/staviori.com.pl\/de\/product\/kolczyk-z-brylantami-kxd0611r\/","title":{"rendered":"Ohrringe mit Rubinen und Diamanten"},"content":{"rendered":"<p>Model: KZD0757R<br \/>\nGewicht ca. 1,20g<\/p>\n<p>Ohrringe.<br \/>\nGelbgold 0,585.<br \/>\n24 Diamenty, szlif achtkant, o masie 0,096ct, barwa I-L, czysto\u015b\u0107 I1-I3.<br \/>\n2 Rubiny, o masie 0,50ct.<\/p>\n<p>Wymiary 6&#215;7 mm.<br \/>\n5 mm dick.<\/p>","protected":false},"excerpt":{"rendered":"<p>Zachwycaj\u0105ce kolczyki z \u017c\u00f3\u0142tego z\u0142ota, w kt\u00f3rych centrum znajduj\u0105 si\u0119 g\u0142\u0119boko czerwone rubiny o \u0142\u0105cznej masie 0,50 ct. Otoczone 24 subtelnie l\u015bni\u0105cymi diamentami w klasycznym szlifie, tworz\u0105 elegancki i romantyczny duet. Idealne dla kobiet, kt\u00f3re kochaj\u0105 bi\u017cuteri\u0119 z charakterem i wyrazistym akcentem kolorystycznym.<\/p>","protected":false},"featured_media":10309,"comment_status":"closed","ping_status":"closed","template":"","meta":{"om_disable_all_campaigns":false},"product_brand":[2284,2350],"product_cat":[1838,1990,199],"product_tag":[3537,3252,2660,2603,2698,2667,2821,3536,3535,2683],"class_list":{"0":"post-14377","1":"product","2":"type-product","3":"status-publish","4":"has-post-thumbnail","6":"product_brand-staviori","7":"product_brand-verona","8":"product_cat-diamenty","9":"product_cat-kolczyk-z-brylantami","10":"product_cat-kolczyki","11":"product_tag-2616r","12":"product_tag-bizuteria-z-rubinem","13":"product_tag-eleganckie-kolczyki","14":"product_tag-klasyczna-bizuteria","15":"product_tag-kolczyki-na-prezent","16":"product_tag-kolczyki-z-diamentami","17":"product_tag-kolczyki-z-rubinem","18":"product_tag-kxd0611r","19":"product_tag-kzd0757r","20":"product_tag-zlote-kolczyki","21":"pa_barwa-i-l","22":"pa_czystosc-i1-i3","23":"pa_grubosc-5mm","24":"pa_kamien-diamenty","25":"pa_kamien-rubiny","26":"pa_kolor-zolte","27":"pa_kruszec-zloto","28":"pa_proba-0-585","29":"pa_waga-120g","30":"pa_wymiary-6x7mm","31":"pa_zapiecie-sztyft","33":"first","34":"onbackorder","35":"purchasable","36":"product-type-simple"},"aioseo_notices":[],"_links":{"self":[{"href":"https:\/\/staviori.com.pl\/de\/wp-json\/wp\/v2\/product\/14377","targetHints":{"allow":["GET"]}}],"collection":[{"href":"https:\/\/staviori.com.pl\/de\/wp-json\/wp\/v2\/product"}],"about":[{"href":"https:\/\/staviori.com.pl\/de\/wp-json\/wp\/v2\/types\/product"}],"replies":[{"embeddable":true,"href":"https:\/\/staviori.com.pl\/de\/wp-json\/wp\/v2\/comments?post=14377"}],"wp:featuredmedia":[{"embeddable":true,"href":"https:\/\/staviori.com.pl\/de\/wp-json\/wp\/v2\/media\/10309"}],"wp:attachment":[{"href":"https:\/\/staviori.com.pl\/de\/wp-json\/wp\/v2\/media?parent=14377"}],"wp:term":[{"taxonomy":"product_brand","embeddable":true,"href":"https:\/\/staviori.com.pl\/de\/wp-json\/wp\/v2\/product_brand?post=14377"},{"taxonomy":"product_cat","embeddable":true,"href":"https:\/\/staviori.com.pl\/de\/wp-json\/wp\/v2\/product_cat?post=14377"},{"taxonomy":"product_tag","embeddable":true,"href":"https:\/\/staviori.com.pl\/de\/wp-json\/wp\/v2\/product_tag?post=14377"}],"curies":[{"name":"wp","href":"https:\/\/api.w.org\/{rel}","templated":true}]}}