{"id":14376,"date":"2025-02-24T22:46:22","date_gmt":"2025-02-24T21:46:22","guid":{"rendered":"https:\/\/staviori.com.pl\/product\/kolczyk-z-brylantami-kxd0611\/"},"modified":"2026-02-11T00:08:45","modified_gmt":"2026-02-10T23:08:45","slug":"kolczyk-z-brylantami-kxd0611","status":"publish","type":"product","link":"https:\/\/staviori.com.pl\/de\/product\/kolczyk-z-brylantami-kxd0611\/","title":{"rendered":"Ohrringe mit Saphiren und Diamanten"},"content":{"rendered":"<p>Model: KZD0757S<br \/>\nWaga ok. 1,30g<\/p>\n<p>Ohrringe.<br \/>\n\u017b\u00f3\u0142te, Bia\u0142e Z\u0142oto 0,585.<br \/>\n24 Diamenty, szlif achtkant, o masie 0,096ct, barwa I-L, czysto\u015b\u0107 I1-I2.<br \/>\n2 Szafiry, o masie 0,50ct.<\/p>\n<p>Wymiary 6&#215;7 mm.<br \/>\n5 mm dick.<\/p>","protected":false},"excerpt":{"rendered":"<p>Klasyczne kolczyki z \u017c\u00f3\u0142tego i bia\u0142ego z\u0142ota 14K, kt\u00f3rych sercem s\u0105 g\u0142\u0119boko granatowe szafiry o \u0142\u0105cznej masie 0,50 ct. Otoczone 24 po\u0142yskuj\u0105cymi diamentami w szlifie achtkant, tworz\u0105 eleganck\u0105 kompozycj\u0119 pe\u0142n\u0105 ponadczasowego wdzi\u0119ku. To doskona\u0142y wyb\u00f3r dla kobiet, kt\u00f3re ceni\u0105 klasyk\u0119 w luksusowym wydaniu.<\/p>","protected":false},"featured_media":18217,"comment_status":"closed","ping_status":"closed","template":"","meta":{"om_disable_all_campaigns":false},"product_brand":[2284,2350],"product_cat":[1838,1990,199],"product_tag":[3540,2792,2317,3062,2698,2667,2791,3538,3539,2683],"class_list":{"0":"post-14376","1":"product","2":"type-product","3":"status-publish","4":"has-post-thumbnail","6":"product_brand-staviori","7":"product_brand-verona","8":"product_cat-diamenty","9":"product_cat-kolczyk-z-brylantami","10":"product_cat-kolczyki","11":"product_tag-2616s","12":"product_tag-bizuteria-z-szafirem","13":"product_tag-elegancka-bizuteria","14":"product_tag-kolczyki-klasyczne","15":"product_tag-kolczyki-na-prezent","16":"product_tag-kolczyki-z-diamentami","17":"product_tag-kolczyki-z-szafirem","18":"product_tag-kxd0611","19":"product_tag-kzd0757s","20":"product_tag-zlote-kolczyki","21":"pa_barwa-i-l","22":"pa_czystosc-i1-i3","23":"pa_grubosc-5mm","24":"pa_kamien-diamenty","25":"pa_kamien-szafiry","26":"pa_kolor-zolte","27":"pa_kruszec-zloto","28":"pa_proba-0-585","29":"pa_waga-120g","30":"pa_wymiary-6x7mm","31":"pa_zapiecie-sztyft","33":"first","34":"onbackorder","35":"purchasable","36":"product-type-simple"},"aioseo_notices":[],"_links":{"self":[{"href":"https:\/\/staviori.com.pl\/de\/wp-json\/wp\/v2\/product\/14376","targetHints":{"allow":["GET"]}}],"collection":[{"href":"https:\/\/staviori.com.pl\/de\/wp-json\/wp\/v2\/product"}],"about":[{"href":"https:\/\/staviori.com.pl\/de\/wp-json\/wp\/v2\/types\/product"}],"replies":[{"embeddable":true,"href":"https:\/\/staviori.com.pl\/de\/wp-json\/wp\/v2\/comments?post=14376"}],"wp:featuredmedia":[{"embeddable":true,"href":"https:\/\/staviori.com.pl\/de\/wp-json\/wp\/v2\/media\/18217"}],"wp:attachment":[{"href":"https:\/\/staviori.com.pl\/de\/wp-json\/wp\/v2\/media?parent=14376"}],"wp:term":[{"taxonomy":"product_brand","embeddable":true,"href":"https:\/\/staviori.com.pl\/de\/wp-json\/wp\/v2\/product_brand?post=14376"},{"taxonomy":"product_cat","embeddable":true,"href":"https:\/\/staviori.com.pl\/de\/wp-json\/wp\/v2\/product_cat?post=14376"},{"taxonomy":"product_tag","embeddable":true,"href":"https:\/\/staviori.com.pl\/de\/wp-json\/wp\/v2\/product_tag?post=14376"}],"curies":[{"name":"wp","href":"https:\/\/api.w.org\/{rel}","templated":true}]}}