{"id":14336,"date":"2025-02-24T22:46:18","date_gmt":"2025-02-24T21:46:18","guid":{"rendered":"https:\/\/staviori.com.pl\/product\/zlote-kolczyki-kxc6615\/"},"modified":"2026-02-11T00:08:45","modified_gmt":"2026-02-10T23:08:45","slug":"zlote-kolczyki-kxc6615","status":"publish","type":"product","link":"https:\/\/staviori.com.pl\/de\/product\/zlote-kolczyki-kxc6615\/","title":{"rendered":"Asymmetrische Ohrringe aus Gold mit gedrehten Zirkonen - 333 - KXC6615"},"content":{"rendered":"<p>Model: KXC6615<br \/>\nWaga ok. 0,90g<\/p>\n<p>Ohrringe.<br \/>\nGelbgold 0,333.<br \/>\nZirkoniumdioxid.<\/p>\n<p>D\u0142ugo\u015b\u0107 23 mm.<\/p>","protected":false},"excerpt":{"rendered":"<p>Eleganckie kolczyki z \u017c\u00f3\u0142tego z\u0142ota pr\u00f3by 0,333 o finezyjnie skr\u0119conym kszta\u0142cie tworz\u0105 subtelny i zmys\u0142owy akcent. L\u015bni\u0105ce cyrkonie, kt\u00f3re oplataj\u0105 form\u0119 niczym delikatna wst\u0119ga, dodaj\u0105 ca\u0142o\u015bci wyj\u0105tkowego blasku. To idealny wyb\u00f3r dla kobiet, kt\u00f3re szukaj\u0105 bi\u017cuterii z klas\u0105 \u2013 idealnej na wiecz\u00f3r, ale i do eleganckich stylizacji dziennych.<\/p>","protected":false},"featured_media":14337,"comment_status":"closed","ping_status":"closed","template":"","meta":{"om_disable_all_campaigns":false},"product_brand":[2284,2350],"product_cat":[199,2044,1930],"product_tag":[3046,3487,2317,3485,2686,2953,2708,3486,3475,2518],"class_list":{"0":"post-14336","1":"product","2":"type-product","3":"status-publish","4":"has-post-thumbnail","6":"product_brand-staviori","7":"product_brand-verona","8":"product_cat-kolczyki","9":"product_cat-zlote-kolczyki","10":"product_cat-zloto-2","11":"product_tag-asymetryczne","12":"product_tag-bizuteria-kobieca","13":"product_tag-elegancka-bizuteria","14":"product_tag-hb18760","15":"product_tag-kolczyki-wieczorowe","16":"product_tag-kolczyki-z-cyrkoniami","17":"product_tag-kolczyki-zlote","18":"product_tag-kxc6615","19":"product_tag-skrecane-kolczyki","20":"product_tag-zloto-333","21":"pa_dlugosc-23mm","22":"pa_kamien-cyrkonia","23":"pa_kolor-zolte","24":"pa_kruszec-zloto","25":"pa_proba-0-333","26":"pa_waga-090g","27":"pa_zapiecie-angielskie","29":"first","30":"instock","31":"purchasable","32":"product-type-simple"},"aioseo_notices":[],"_links":{"self":[{"href":"https:\/\/staviori.com.pl\/de\/wp-json\/wp\/v2\/product\/14336","targetHints":{"allow":["GET"]}}],"collection":[{"href":"https:\/\/staviori.com.pl\/de\/wp-json\/wp\/v2\/product"}],"about":[{"href":"https:\/\/staviori.com.pl\/de\/wp-json\/wp\/v2\/types\/product"}],"replies":[{"embeddable":true,"href":"https:\/\/staviori.com.pl\/de\/wp-json\/wp\/v2\/comments?post=14336"}],"wp:featuredmedia":[{"embeddable":true,"href":"https:\/\/staviori.com.pl\/de\/wp-json\/wp\/v2\/media\/14337"}],"wp:attachment":[{"href":"https:\/\/staviori.com.pl\/de\/wp-json\/wp\/v2\/media?parent=14336"}],"wp:term":[{"taxonomy":"product_brand","embeddable":true,"href":"https:\/\/staviori.com.pl\/de\/wp-json\/wp\/v2\/product_brand?post=14336"},{"taxonomy":"product_cat","embeddable":true,"href":"https:\/\/staviori.com.pl\/de\/wp-json\/wp\/v2\/product_cat?post=14336"},{"taxonomy":"product_tag","embeddable":true,"href":"https:\/\/staviori.com.pl\/de\/wp-json\/wp\/v2\/product_tag?post=14336"}],"curies":[{"name":"wp","href":"https:\/\/api.w.org\/{rel}","templated":true}]}}