{"id":14325,"date":"2025-02-24T22:46:18","date_gmt":"2025-02-24T21:46:18","guid":{"rendered":"https:\/\/staviori.com.pl\/product\/zlote-kolczyki-kxc6537\/"},"modified":"2026-04-13T08:56:55","modified_gmt":"2026-04-13T06:56:55","slug":"zlote-kolczyki-kxc6537","status":"publish","type":"product","link":"https:\/\/staviori.com.pl\/de\/product\/zlote-kolczyki-kxc6537\/","title":{"rendered":"Goldherz-Ohrringe mit Zirkonen - 333 - KXC6537"},"content":{"rendered":"<p>Model: KXC6537<br \/>\nWaga ok. 0,62g<\/p>\n<p>Ohrringe.<br \/>\nGelbgold 0,333.<br \/>\nZirkoniumdioxid.<br \/>\nWysoko\u015b\u0107 5 mm.<br \/>\nSzeroko\u015b\u0107 5 mm.<\/p>\n<p>Malutkie kolczyki z\u0142ote, ozdobione cyrkoniami. Idealne dla drobnej kobiety lub dziecka.<\/p>","protected":false},"excerpt":{"rendered":"<p>Delikatne kolczyki w kszta\u0142cie serduszek wykonane z \u017c\u00f3\u0142tego z\u0142ota pr\u00f3by 0,333, zdobione l\u015bni\u0105cymi cyrkoniami, to bi\u017cuteria pe\u0142na uroku. Ich niewielki rozmiar sprawia, \u017ce s\u0105 idealne dla subtelnych kobiet lub dziewczynek. Klasyczne, a jednocze\u015bnie dziewcz\u0119ce \u2013 \u015bwietne na co dzie\u0144 i jako uroczy prezent.<\/p>\n<p>Staviori Kolczyki. Cyrkonia. \u017b\u00f3\u0142te Z\u0142oto 0,333. Wysoko\u015b\u0107 5 mm. Szeroko\u015b\u0107 5 mm. <\/p>","protected":false},"featured_media":18140,"comment_status":"closed","ping_status":"closed","template":"","meta":{"om_disable_all_campaigns":false},"product_brand":[2284,2350],"product_cat":[199,2044,1930],"product_tag":[3464,3286,3462,2953,3465,2706,3338,2607,2683],"class_list":{"0":"post-14325","1":"product","2":"type-product","3":"status-publish","4":"has-post-thumbnail","6":"product_brand-staviori","7":"product_brand-verona","8":"product_cat-kolczyki","9":"product_cat-zlote-kolczyki","10":"product_cat-zloto-2","11":"product_tag-fb10162","12":"product_tag-kolczyki-dzieciece","13":"product_tag-kolczyki-serduszka","14":"product_tag-kolczyki-z-cyrkoniami","15":"product_tag-kxc6537","16":"product_tag-male-kolczyki","17":"product_tag-prezent-dla-dziewczynki","18":"product_tag-subtelna-bizuteria","19":"product_tag-zlote-kolczyki","20":"pa_kamien-cyrkonia","21":"pa_kolor-zolte","22":"pa_kruszec-zloto","23":"pa_motyw-serce","24":"pa_proba-0-333","25":"pa_szerokosc-5mm","26":"pa_waga-060g","27":"pa_wysokosc-5mm","28":"pa_zapiecie-sztyft","30":"first","31":"instock","32":"purchasable","33":"product-type-simple"},"aioseo_notices":[],"_links":{"self":[{"href":"https:\/\/staviori.com.pl\/de\/wp-json\/wp\/v2\/product\/14325","targetHints":{"allow":["GET"]}}],"collection":[{"href":"https:\/\/staviori.com.pl\/de\/wp-json\/wp\/v2\/product"}],"about":[{"href":"https:\/\/staviori.com.pl\/de\/wp-json\/wp\/v2\/types\/product"}],"replies":[{"embeddable":true,"href":"https:\/\/staviori.com.pl\/de\/wp-json\/wp\/v2\/comments?post=14325"}],"wp:featuredmedia":[{"embeddable":true,"href":"https:\/\/staviori.com.pl\/de\/wp-json\/wp\/v2\/media\/18140"}],"wp:attachment":[{"href":"https:\/\/staviori.com.pl\/de\/wp-json\/wp\/v2\/media?parent=14325"}],"wp:term":[{"taxonomy":"product_brand","embeddable":true,"href":"https:\/\/staviori.com.pl\/de\/wp-json\/wp\/v2\/product_brand?post=14325"},{"taxonomy":"product_cat","embeddable":true,"href":"https:\/\/staviori.com.pl\/de\/wp-json\/wp\/v2\/product_cat?post=14325"},{"taxonomy":"product_tag","embeddable":true,"href":"https:\/\/staviori.com.pl\/de\/wp-json\/wp\/v2\/product_tag?post=14325"}],"curies":[{"name":"wp","href":"https:\/\/api.w.org\/{rel}","templated":true}]}}