{"id":14313,"date":"2025-02-24T22:46:18","date_gmt":"2025-02-24T21:46:18","guid":{"rendered":"https:\/\/staviori.com.pl\/product\/zlote-kolczyki-kxc6492\/"},"modified":"2026-02-11T00:08:45","modified_gmt":"2026-02-10T23:08:45","slug":"zlote-kolczyki-kxc6492","status":"publish","type":"product","link":"https:\/\/staviori.com.pl\/de\/product\/zlote-kolczyki-kxc6492\/","title":{"rendered":"Lange Ohrringe aus Gold mit Zirkonen - 333 - KXC6492"},"content":{"rendered":"<p>Model: KXC6492<br \/>\nWaga ok. 1,95g<\/p>\n<p>Ohrringe.<br \/>\nGelbgold 0,333.<br \/>\nZirkoniumdioxid.<\/p>\n<p>D\u0142ugo\u015b\u0107 45 mm.<\/p>","protected":false},"excerpt":{"rendered":"<p>Zjawiskowe kolczyki w formie z\u0142otych ogniw zachwycaj\u0105 nowoczesn\u0105 lini\u0105 i wyj\u0105tkowym blaskiem. Wykonane z \u017c\u00f3\u0142tego z\u0142ota pr\u00f3by 0,333, wzbogacone zosta\u0142y o element z cyrkonii, kt\u00f3ry dodaje ca\u0142o\u015bci luksusowego charakteru. D\u0142ugie i efektowne \u2013 idealne do wieczorowych stylizacji, ale tak\u017ce jako mocny akcent codziennego looku.<\/p>","protected":false},"featured_media":14314,"comment_status":"closed","ping_status":"closed","template":"","meta":{"om_disable_all_campaigns":false},"product_brand":[2284,2350],"product_cat":[199,2044,1930],"product_tag":[2891,2317,3482,2953,3484,2708,3483,2924,2518],"class_list":{"0":"post-14313","1":"product","2":"type-product","3":"status-publish","4":"has-post-thumbnail","6":"product_brand-staviori","7":"product_brand-verona","8":"product_cat-kolczyki","9":"product_cat-zlote-kolczyki","10":"product_cat-zloto-2","11":"product_tag-dlugie-kolczyki","12":"product_tag-elegancka-bizuteria","13":"product_tag-fb18762","14":"product_tag-kolczyki-z-cyrkoniami","15":"product_tag-kolczyki-z-ogniw","16":"product_tag-kolczyki-zlote","17":"product_tag-kxc6492","18":"product_tag-wieczorowa-bizuteria","19":"product_tag-zloto-333","20":"pa_dlugosc-45mm","21":"pa_kamien-cyrkonia","22":"pa_kolor-zolte","23":"pa_kruszec-zloto","24":"pa_proba-0-333","25":"pa_waga-195g","26":"pa_zapiecie-sztyft","28":"first","29":"instock","30":"purchasable","31":"product-type-simple"},"aioseo_notices":[],"_links":{"self":[{"href":"https:\/\/staviori.com.pl\/de\/wp-json\/wp\/v2\/product\/14313","targetHints":{"allow":["GET"]}}],"collection":[{"href":"https:\/\/staviori.com.pl\/de\/wp-json\/wp\/v2\/product"}],"about":[{"href":"https:\/\/staviori.com.pl\/de\/wp-json\/wp\/v2\/types\/product"}],"replies":[{"embeddable":true,"href":"https:\/\/staviori.com.pl\/de\/wp-json\/wp\/v2\/comments?post=14313"}],"wp:featuredmedia":[{"embeddable":true,"href":"https:\/\/staviori.com.pl\/de\/wp-json\/wp\/v2\/media\/14314"}],"wp:attachment":[{"href":"https:\/\/staviori.com.pl\/de\/wp-json\/wp\/v2\/media?parent=14313"}],"wp:term":[{"taxonomy":"product_brand","embeddable":true,"href":"https:\/\/staviori.com.pl\/de\/wp-json\/wp\/v2\/product_brand?post=14313"},{"taxonomy":"product_cat","embeddable":true,"href":"https:\/\/staviori.com.pl\/de\/wp-json\/wp\/v2\/product_cat?post=14313"},{"taxonomy":"product_tag","embeddable":true,"href":"https:\/\/staviori.com.pl\/de\/wp-json\/wp\/v2\/product_tag?post=14313"}],"curies":[{"name":"wp","href":"https:\/\/api.w.org\/{rel}","templated":true}]}}