{"id":14289,"date":"2025-02-24T22:46:15","date_gmt":"2025-02-24T21:46:15","guid":{"rendered":"https:\/\/staviori.com.pl\/product\/zlote-kolczyki-kxc6216\/"},"modified":"2026-03-16T06:50:32","modified_gmt":"2026-03-16T05:50:32","slug":"zlote-kolczyki-kxc6216","status":"publish","type":"product","link":"https:\/\/staviori.com.pl\/de\/product\/zlote-kolczyki-kxc6216\/","title":{"rendered":"Goldfarbene Rhombusohrringe aus Gelbgold 333 - KXC6216"},"content":{"rendered":"<p>Model: KXC6216<br \/>\nGewicht ca. 0,93g<\/p>\n<p>Ohrringe.<br \/>\nGelbgold 0,333.<\/p>\n<p>\u015arednica 19 mm.<br \/>\n2 mm breit.<\/p>\n<p>Pi\u0119kne, nietypowe kolczyki z zapi\u0119ciem szarnir.<\/p>","protected":false},"excerpt":{"rendered":"<p>Nowoczesne i subtelne kolczyki w kszta\u0142cie zaokr\u0105glonego prostok\u0105ta wykonane z \u017c\u00f3\u0142tego z\u0142ota pr\u00f3by 0,333. Ich nietuzinkowy design przyci\u0105ga spojrzenia, a zapi\u0119cie typu szarnir zapewnia komfort i bezpiecze\u0144stwo noszenia. Idealne na co dzie\u0144 i do eleganckich stylizacji \u2013 dodaj\u0105 klasy ka\u017cdej kobiecie. To bi\u017cuteria, kt\u00f3ra \u0142\u0105czy minimalizm z wyj\u0105tkowym urokiem.<\/p>","protected":false},"featured_media":18114,"comment_status":"closed","ping_status":"closed","template":"","meta":{"om_disable_all_campaigns":false},"product_brand":[2284,2350],"product_cat":[199,2044,1930],"product_tag":[3435,3436,3437,2708,3434,2668,2569,2787,2522],"class_list":{"0":"post-14289","1":"product","2":"type-product","3":"status-publish","4":"has-post-thumbnail","6":"product_brand-staviori","7":"product_brand-verona","8":"product_cat-kolczyki","9":"product_cat-zlote-kolczyki","10":"product_cat-zloto-2","11":"product_tag-ka16420","12":"product_tag-kolczyki-333","13":"product_tag-kolczyki-szarnir","14":"product_tag-kolczyki-zlote","15":"product_tag-kxc6216","16":"product_tag-minimalistyczne-kolczyki","17":"product_tag-nowoczesna-bizuteria","18":"product_tag-zlote-kolczyki-damskie","19":"product_tag-zolte-zloto","20":"pa_kolor-zolte","21":"pa_kruszec-zloto","22":"pa_proba-0-333","23":"pa_srednica-19mm","24":"pa_szerokosc-2mm","25":"pa_waga-093g","27":"first","28":"instock","29":"purchasable","30":"product-type-simple"},"aioseo_notices":[],"_links":{"self":[{"href":"https:\/\/staviori.com.pl\/de\/wp-json\/wp\/v2\/product\/14289","targetHints":{"allow":["GET"]}}],"collection":[{"href":"https:\/\/staviori.com.pl\/de\/wp-json\/wp\/v2\/product"}],"about":[{"href":"https:\/\/staviori.com.pl\/de\/wp-json\/wp\/v2\/types\/product"}],"replies":[{"embeddable":true,"href":"https:\/\/staviori.com.pl\/de\/wp-json\/wp\/v2\/comments?post=14289"}],"wp:featuredmedia":[{"embeddable":true,"href":"https:\/\/staviori.com.pl\/de\/wp-json\/wp\/v2\/media\/18114"}],"wp:attachment":[{"href":"https:\/\/staviori.com.pl\/de\/wp-json\/wp\/v2\/media?parent=14289"}],"wp:term":[{"taxonomy":"product_brand","embeddable":true,"href":"https:\/\/staviori.com.pl\/de\/wp-json\/wp\/v2\/product_brand?post=14289"},{"taxonomy":"product_cat","embeddable":true,"href":"https:\/\/staviori.com.pl\/de\/wp-json\/wp\/v2\/product_cat?post=14289"},{"taxonomy":"product_tag","embeddable":true,"href":"https:\/\/staviori.com.pl\/de\/wp-json\/wp\/v2\/product_tag?post=14289"}],"curies":[{"name":"wp","href":"https:\/\/api.w.org\/{rel}","templated":true}]}}