{"id":14273,"date":"2025-02-24T22:46:15","date_gmt":"2025-02-24T21:46:15","guid":{"rendered":"https:\/\/staviori.com.pl\/product\/perly-ze-srebrem-ksn6496\/"},"modified":"2026-02-11T00:08:44","modified_gmt":"2026-02-10T23:08:44","slug":"perly-ze-srebrem-ksn6496","status":"publish","type":"product","link":"https:\/\/staviori.com.pl\/de\/product\/perly-ze-srebrem-ksn6496\/","title":{"rendered":"Vergoldete Ohrringe aus Sterlingsilber mit 8-mm-Perlen - KSN6496"},"content":{"rendered":"<p>Model: KSN6496<br \/>\nGewicht ca. 1,20g<\/p>\n<p>Ohrringe.<br \/>\nSilber 0.925 vergoldet mit Gelbgold<br \/>\nNat\u00fcrliche S\u00fc\u00dfwasser-Zuchtperlen.<br \/>\n\u015arednica pere\u0142 ok. 8 mm.<\/p>","protected":false},"excerpt":{"rendered":"<p>Subtelne kolczyki sztyfty z naturalnymi per\u0142ami s\u0142odkowodnymi to klasyka w najczystszej postaci. Ich elegancka forma i po\u0142ysk bia\u0142ych pere\u0142 pi\u0119knie komponuj\u0105 si\u0119 z ciep\u0142ym blaskiem srebra pokrytego \u017c\u00f3\u0142tym z\u0142otem. To ponadczasowy dodatek, kt\u00f3ry podkre\u015bli urok ka\u017cdej stylizacji \u2013 zar\u00f3wno codziennej, jak i wieczorowej.<br \/>\nStaviori Kolczyki. Naturalne Per\u0142y hodowane s\u0142odkowodne. Srebro 0,925.  pokryte \u017c\u00f3\u0142tym z\u0142otem Wymiary kamieni ok. 8 mm.<\/p>","protected":false},"featured_media":14274,"comment_status":"closed","ping_status":"closed","template":"","meta":{"om_disable_all_campaigns":false},"product_brand":[2284,2350],"product_cat":[1393,1919,1817],"product_tag":[2317,2603,2698,3451,1395,3449,3450,2532,2942],"class_list":{"0":"post-14273","1":"product","2":"type-product","3":"status-publish","4":"has-post-thumbnail","6":"product_brand-staviori","7":"product_brand-verona","8":"product_cat-perly","9":"product_cat-perly-ze-srebrem","10":"product_cat-srebro-2","11":"product_tag-elegancka-bizuteria","12":"product_tag-klasyczna-bizuteria","13":"product_tag-kolczyki-na-prezent","14":"product_tag-kolczyki-perlowe","15":"product_tag-kolczyki-z-perlami","16":"product_tag-ks51394","17":"product_tag-ksn6496","18":"product_tag-perly-slodkowodne","19":"product_tag-srebrne-kolczyki","20":"pa_kamien-naturalne-perly-hodowane-slodkowodne","21":"pa_kruszec-srebro","22":"pa_kruszec-srebro-pozlacane","23":"pa_proba-0-925","24":"pa_waga-120g","25":"pa_zapiecie-sztyft","27":"first","28":"instock","29":"purchasable","30":"product-type-simple"},"aioseo_notices":[],"_links":{"self":[{"href":"https:\/\/staviori.com.pl\/de\/wp-json\/wp\/v2\/product\/14273","targetHints":{"allow":["GET"]}}],"collection":[{"href":"https:\/\/staviori.com.pl\/de\/wp-json\/wp\/v2\/product"}],"about":[{"href":"https:\/\/staviori.com.pl\/de\/wp-json\/wp\/v2\/types\/product"}],"replies":[{"embeddable":true,"href":"https:\/\/staviori.com.pl\/de\/wp-json\/wp\/v2\/comments?post=14273"}],"wp:featuredmedia":[{"embeddable":true,"href":"https:\/\/staviori.com.pl\/de\/wp-json\/wp\/v2\/media\/14274"}],"wp:attachment":[{"href":"https:\/\/staviori.com.pl\/de\/wp-json\/wp\/v2\/media?parent=14273"}],"wp:term":[{"taxonomy":"product_brand","embeddable":true,"href":"https:\/\/staviori.com.pl\/de\/wp-json\/wp\/v2\/product_brand?post=14273"},{"taxonomy":"product_cat","embeddable":true,"href":"https:\/\/staviori.com.pl\/de\/wp-json\/wp\/v2\/product_cat?post=14273"},{"taxonomy":"product_tag","embeddable":true,"href":"https:\/\/staviori.com.pl\/de\/wp-json\/wp\/v2\/product_tag?post=14273"}],"curies":[{"name":"wp","href":"https:\/\/api.w.org\/{rel}","templated":true}]}}