{"id":14266,"date":"2025-02-24T22:46:15","date_gmt":"2025-02-24T21:46:15","guid":{"rendered":"https:\/\/staviori.com.pl\/product\/perly-ze-srebrem-ksn6355\/"},"modified":"2026-02-11T00:08:44","modified_gmt":"2026-02-10T23:08:44","slug":"perly-ze-srebrem-ksn6355","status":"publish","type":"product","link":"https:\/\/staviori.com.pl\/de\/product\/perly-ze-srebrem-ksn6355\/","title":{"rendered":"Silberne Ohrringe mit 10-mm-Perlen - KSN6355"},"content":{"rendered":"<p>Model: KSN6355<br \/>\nWaga ok. 1g<\/p>\n<p>Ohrringe.<br \/>\n0,925 Silber.<br \/>\nNat\u00fcrliche S\u00fc\u00dfwasser-Zuchtperlen.<br \/>\n\u015arednica 10 mm.<\/p>","protected":false},"excerpt":{"rendered":"<p>Staviori Kolczyki. Naturalne Per\u0142y hodowane s\u0142odkowodne. Srebro 0,925. \u015arednica 10 mm.<\/p>\n<p>Efektowne kolczyki z du\u017cymi, naturalnymi per\u0142ami s\u0142odkowodnymi o \u015brednicy 10 mm to prawdziwa ozdoba dla ka\u017cdej kobiety ceni\u0105cej wyrafinowan\u0105 klasyk\u0119. Wykonane z wysokiej pr\u00f3by srebra, podkre\u015blaj\u0105 pi\u0119kno pere\u0142 w elegancki i ponadczasowy spos\u00f3b. Idealne do stylizacji wieczorowych, ale r\u00f3wnie\u017c jako subtelny akcent do codziennego stroju.<\/p>","protected":false},"featured_media":10271,"comment_status":"closed","ping_status":"closed","template":"","meta":{"om_disable_all_campaigns":false},"product_brand":[2284,2350],"product_cat":[1393,1919,1817],"product_tag":[3389,2317,2603,2686,1395,3456,2532,3455,2942],"class_list":{"0":"post-14266","1":"product","2":"type-product","3":"status-publish","4":"has-post-thumbnail","6":"product_brand-staviori","7":"product_brand-verona","8":"product_cat-perly","9":"product_cat-perly-ze-srebrem","10":"product_cat-srebro-2","11":"product_tag-duze-perly","12":"product_tag-elegancka-bizuteria","13":"product_tag-klasyczna-bizuteria","14":"product_tag-kolczyki-wieczorowe","15":"product_tag-kolczyki-z-perlami","16":"product_tag-ksn6355","17":"product_tag-perly-slodkowodne","18":"product_tag-psbas01","19":"product_tag-srebrne-kolczyki","20":"pa_kamien-naturalne-perly-hodowane-slodkowodne","21":"pa_kruszec-srebro","22":"pa_proba-0-925","23":"pa_waga-1g","24":"pa_zapiecie-sztyft","26":"first","27":"instock","28":"purchasable","29":"product-type-simple"},"aioseo_notices":[],"_links":{"self":[{"href":"https:\/\/staviori.com.pl\/de\/wp-json\/wp\/v2\/product\/14266","targetHints":{"allow":["GET"]}}],"collection":[{"href":"https:\/\/staviori.com.pl\/de\/wp-json\/wp\/v2\/product"}],"about":[{"href":"https:\/\/staviori.com.pl\/de\/wp-json\/wp\/v2\/types\/product"}],"replies":[{"embeddable":true,"href":"https:\/\/staviori.com.pl\/de\/wp-json\/wp\/v2\/comments?post=14266"}],"wp:featuredmedia":[{"embeddable":true,"href":"https:\/\/staviori.com.pl\/de\/wp-json\/wp\/v2\/media\/10271"}],"wp:attachment":[{"href":"https:\/\/staviori.com.pl\/de\/wp-json\/wp\/v2\/media?parent=14266"}],"wp:term":[{"taxonomy":"product_brand","embeddable":true,"href":"https:\/\/staviori.com.pl\/de\/wp-json\/wp\/v2\/product_brand?post=14266"},{"taxonomy":"product_cat","embeddable":true,"href":"https:\/\/staviori.com.pl\/de\/wp-json\/wp\/v2\/product_cat?post=14266"},{"taxonomy":"product_tag","embeddable":true,"href":"https:\/\/staviori.com.pl\/de\/wp-json\/wp\/v2\/product_tag?post=14266"}],"curies":[{"name":"wp","href":"https:\/\/api.w.org\/{rel}","templated":true}]}}