{"id":14261,"date":"2025-02-24T22:46:11","date_gmt":"2025-02-24T21:46:11","guid":{"rendered":"https:\/\/staviori.com.pl\/product\/perly-ze-srebrem-ksn4633\/"},"modified":"2026-02-20T09:40:56","modified_gmt":"2026-02-20T08:40:56","slug":"perly-ze-srebrem-ksn4633","status":"publish","type":"product","link":"https:\/\/staviori.com.pl\/de\/product\/perly-ze-srebrem-ksn4633\/","title":{"rendered":"Silberne Ohrringe mit schwarzen Perlen und englischer Schlie\u00dfe - KSN4633"},"content":{"rendered":"<p>Model: KSN4633<br \/>\nWaga ok. 1,70g<\/p>\n<p>Ohrringe.<br \/>\n0,925 rhodiniertes Silber.<\/p>\n<p>Naturalne Per\u0142y hodowane s\u0142odkowodne- czarne.<br \/>\n8 mm Durchmesser.<\/p>\n<p>Uwaga! Per\u0142y naturalne i jako dzie\u0142o natury nie s\u0105 identyczne ani idealne, a ka\u017cdy wyr\u00f3b z pere\u0142 mo\u017ce si\u0119 nieznacznie r\u00f3\u017cni\u0107<\/p>","protected":false},"excerpt":{"rendered":"<p>Eleganckie kolczyki z naturalnymi s\u0142odkowodnymi per\u0142ami o \u015brednicy 8 mm, wykonane z rodowanego srebra pr\u00f3by 0,925. G\u0142\u0119boki, czarny odcie\u0144 pere\u0142 nadaje im wyj\u0105tkowego uroku i klasy. Model posiada wygodne i bezpieczne zapi\u0119cie typu angielskiego (lewerback), kt\u00f3re doskonale sprawdza si\u0119 w codziennym noszeniu. To bi\u017cuteria dla kobiet ceni\u0105cych po\u0142\u0105czenie ponadczasowej elegancji z praktycznym designem.<\/p>","protected":false},"featured_media":18107,"comment_status":"closed","ping_status":"closed","template":"","meta":{"om_disable_all_campaigns":false},"product_brand":[2284,2350],"product_cat":[1393,1919,1817],"product_tag":[2628,3410,2317,3425,1396,3128,1395,3424,3029,2427],"class_list":{"0":"post-14261","1":"product","2":"type-product","3":"status-publish","4":"has-post-thumbnail","6":"product_brand-staviori","7":"product_brand-verona","8":"product_cat-perly","9":"product_cat-perly-ze-srebrem","10":"product_cat-srebro-2","11":"product_tag-bizuteria-klasyczna","12":"product_tag-czarne-perly","13":"product_tag-elegancka-bizuteria","14":"product_tag-icpm002","15":"product_tag-kolczyki-srebrne","16":"product_tag-kolczyki-z-angielskim-zapieciem","17":"product_tag-kolczyki-z-perlami","18":"product_tag-ksn4633","19":"product_tag-perly-hodowane","20":"product_tag-srebro-925","21":"pa_kamien-naturalne-perly-hodowane-slodkowodne","22":"pa_kruszec-srebro-rodowane","23":"pa_proba-0-925","24":"pa_waga-170g","25":"pa_zapiecie-angielskie","27":"first","28":"instock","29":"purchasable","30":"product-type-simple"},"aioseo_notices":[],"_links":{"self":[{"href":"https:\/\/staviori.com.pl\/de\/wp-json\/wp\/v2\/product\/14261","targetHints":{"allow":["GET"]}}],"collection":[{"href":"https:\/\/staviori.com.pl\/de\/wp-json\/wp\/v2\/product"}],"about":[{"href":"https:\/\/staviori.com.pl\/de\/wp-json\/wp\/v2\/types\/product"}],"replies":[{"embeddable":true,"href":"https:\/\/staviori.com.pl\/de\/wp-json\/wp\/v2\/comments?post=14261"}],"wp:featuredmedia":[{"embeddable":true,"href":"https:\/\/staviori.com.pl\/de\/wp-json\/wp\/v2\/media\/18107"}],"wp:attachment":[{"href":"https:\/\/staviori.com.pl\/de\/wp-json\/wp\/v2\/media?parent=14261"}],"wp:term":[{"taxonomy":"product_brand","embeddable":true,"href":"https:\/\/staviori.com.pl\/de\/wp-json\/wp\/v2\/product_brand?post=14261"},{"taxonomy":"product_cat","embeddable":true,"href":"https:\/\/staviori.com.pl\/de\/wp-json\/wp\/v2\/product_cat?post=14261"},{"taxonomy":"product_tag","embeddable":true,"href":"https:\/\/staviori.com.pl\/de\/wp-json\/wp\/v2\/product_tag?post=14261"}],"curies":[{"name":"wp","href":"https:\/\/api.w.org\/{rel}","templated":true}]}}