{"id":14260,"date":"2025-02-24T22:46:11","date_gmt":"2025-02-24T21:46:11","guid":{"rendered":"https:\/\/staviori.com.pl\/product\/perly-ze-srebrem-ksn4316\/"},"modified":"2026-02-11T00:08:44","modified_gmt":"2026-02-10T23:08:44","slug":"perly-ze-srebrem-ksn4316","status":"publish","type":"product","link":"https:\/\/staviori.com.pl\/de\/product\/perly-ze-srebrem-ksn4316\/","title":{"rendered":"Schwarze Perlenohrringe 6 mm - KSN4316"},"content":{"rendered":"<p>Model: KSN4316<br \/>\nGewicht ca. 1,20g<\/p>\n<p>Ohrringe.<br \/>\n0,925 Silber.<br \/>\nNat\u00fcrliche S\u00fc\u00dfwasser-Zuchtperlen.<br \/>\nQualit\u00e4t B - schwarz<br \/>\n\u015arednica 6 mm.<\/p>\n<p>Bitte beachten Sie, dass nat\u00fcrliche Perlen und als ein Werk der Natur nicht identisch oder perfekt sind, und jedes Perlenprodukt kann leicht variieren.<\/p>","protected":false},"excerpt":{"rendered":"<p>Subtelne kolczyki z naturalnymi s\u0142odkowodnymi per\u0142ami w g\u0142\u0119bokim, czarnym odcieniu, oprawione w srebro pr\u00f3by 0,925. Per\u0142y o \u015brednicy 6 mm i jako\u015bci B urzekaj\u0105 tajemniczym blaskiem i klasycznym kszta\u0142tem. To doskona\u0142a propozycja dla kobiet ceni\u0105cych elegancj\u0119 w minimalistycznym wydaniu.<br \/>\nUwaga: ka\u017cda per\u0142a jest unikatowym dzie\u0142em natury \u2013 mog\u0105 wyst\u0119powa\u0107 niewielkie r\u00f3\u017cnice w kszta\u0142cie i odcieniu.<\/p>","protected":false},"featured_media":18099,"comment_status":"closed","ping_status":"closed","template":"","meta":{"om_disable_all_campaigns":false},"product_brand":[2284,2350],"product_cat":[1393,1919,1817],"product_tag":[2704,2317,3421,3062,1395,3420,2513,3422,2532,2427],"class_list":{"0":"post-14260","1":"product","2":"type-product","3":"status-publish","4":"has-post-thumbnail","6":"product_brand-staviori","7":"product_brand-verona","8":"product_cat-perly","9":"product_cat-perly-ze-srebrem","10":"product_cat-srebro-2","11":"product_tag-bizuteria-minimalistyczna","12":"product_tag-elegancka-bizuteria","13":"product_tag-ikpm245","14":"product_tag-kolczyki-klasyczne","15":"product_tag-kolczyki-z-perlami","16":"product_tag-ksn4316","17":"product_tag-naturalne-perly","18":"product_tag-perly-czarne","19":"product_tag-perly-slodkowodne","20":"product_tag-srebro-925","21":"pa_kamien-czarne-perly","22":"pa_kamien-naturalne-perly-hodowane-slodkowodne","23":"pa_kruszec-srebro","24":"pa_proba-0-925","25":"pa_waga-120g","26":"pa_zapiecie-sztyft","28":"first","29":"instock","30":"purchasable","31":"product-type-simple"},"aioseo_notices":[],"_links":{"self":[{"href":"https:\/\/staviori.com.pl\/de\/wp-json\/wp\/v2\/product\/14260","targetHints":{"allow":["GET"]}}],"collection":[{"href":"https:\/\/staviori.com.pl\/de\/wp-json\/wp\/v2\/product"}],"about":[{"href":"https:\/\/staviori.com.pl\/de\/wp-json\/wp\/v2\/types\/product"}],"replies":[{"embeddable":true,"href":"https:\/\/staviori.com.pl\/de\/wp-json\/wp\/v2\/comments?post=14260"}],"wp:featuredmedia":[{"embeddable":true,"href":"https:\/\/staviori.com.pl\/de\/wp-json\/wp\/v2\/media\/18099"}],"wp:attachment":[{"href":"https:\/\/staviori.com.pl\/de\/wp-json\/wp\/v2\/media?parent=14260"}],"wp:term":[{"taxonomy":"product_brand","embeddable":true,"href":"https:\/\/staviori.com.pl\/de\/wp-json\/wp\/v2\/product_brand?post=14260"},{"taxonomy":"product_cat","embeddable":true,"href":"https:\/\/staviori.com.pl\/de\/wp-json\/wp\/v2\/product_cat?post=14260"},{"taxonomy":"product_tag","embeddable":true,"href":"https:\/\/staviori.com.pl\/de\/wp-json\/wp\/v2\/product_tag?post=14260"}],"curies":[{"name":"wp","href":"https:\/\/api.w.org\/{rel}","templated":true}]}}