{"id":14259,"date":"2025-02-24T22:46:11","date_gmt":"2025-02-24T21:46:11","guid":{"rendered":"https:\/\/staviori.com.pl\/product\/perly-ze-srebrem-ksn4315\/"},"modified":"2026-02-11T00:08:44","modified_gmt":"2026-02-10T23:08:44","slug":"perly-ze-srebrem-ksn4315","status":"publish","type":"product","link":"https:\/\/staviori.com.pl\/de\/product\/perly-ze-srebrem-ksn4315\/","title":{"rendered":"Silberne Ohrringe mit schwarzen 8-mm-Perlen - KSN4315"},"content":{"rendered":"<p>Model: KSN4315<br \/>\nWaga ok. 1,30g<\/p>\n<p>Ohrringe.<br \/>\n0,925 Silber.<br \/>\nNat\u00fcrliche S\u00fc\u00dfwasser-Zuchtperlen.<br \/>\nQualit\u00e4t B - schwarz<br \/>\n8 mm Durchmesser.<\/p>\n<p>Bitte beachten Sie, dass nat\u00fcrliche Perlen und als ein Werk der Natur nicht identisch oder perfekt sind, und jedes Perlenprodukt kann leicht variieren.<\/p>","protected":false},"excerpt":{"rendered":"<p>Eleganckie kolczyki z naturalnymi s\u0142odkowodnymi per\u0142ami w kolorze g\u0142\u0119bokiej czerni, osadzone w srebrze pr\u00f3by 0,925. Per\u0142y o \u015brednicy 8 mm i jako\u015bci B zachwycaj\u0105 swoim wyrafinowanym po\u0142yskiem i szlachetn\u0105 barw\u0105. To doskona\u0142a propozycja dla kobiet, kt\u00f3re poszukuj\u0105 klasycznej, a zarazem oryginalnej bi\u017cuterii.<br \/>\nUwaga: per\u0142y s\u0105 naturalne \u2013 mog\u0105 r\u00f3\u017cni\u0107 si\u0119 kszta\u0142tem i powierzchni\u0105, co czyni ka\u017cdy egzemplarz wyj\u0105tkowym.<\/p>","protected":false},"featured_media":18087,"comment_status":"closed","ping_status":"closed","template":"","meta":{"om_disable_all_campaigns":false},"product_brand":[2284,2350],"product_cat":[1393,1919,1817],"product_tag":[3260,3410,2317,3408,2664,1396,1395,3409,3399,2427],"class_list":{"0":"post-14259","1":"product","2":"type-product","3":"status-publish","4":"has-post-thumbnail","6":"product_brand-staviori","7":"product_brand-verona","8":"product_cat-perly","9":"product_cat-perly-ze-srebrem","10":"product_cat-srebro-2","11":"product_tag-bizuteria-z-perlami","12":"product_tag-czarne-perly","13":"product_tag-elegancka-bizuteria","14":"product_tag-ikpm002","15":"product_tag-klasyczne-kolczyki","16":"product_tag-kolczyki-srebrne","17":"product_tag-kolczyki-z-perlami","18":"product_tag-ksn4315","19":"product_tag-perly-naturalne","20":"product_tag-srebro-925","21":"pa_kamien-czarne-perly","22":"pa_kamien-naturalne-perly-hodowane-slodkowodne","23":"pa_kruszec-srebro","24":"pa_proba-0-925","25":"pa_waga-130g","26":"pa_zapiecie-sztyft","28":"first","29":"instock","30":"purchasable","31":"product-type-simple"},"aioseo_notices":[],"_links":{"self":[{"href":"https:\/\/staviori.com.pl\/de\/wp-json\/wp\/v2\/product\/14259","targetHints":{"allow":["GET"]}}],"collection":[{"href":"https:\/\/staviori.com.pl\/de\/wp-json\/wp\/v2\/product"}],"about":[{"href":"https:\/\/staviori.com.pl\/de\/wp-json\/wp\/v2\/types\/product"}],"replies":[{"embeddable":true,"href":"https:\/\/staviori.com.pl\/de\/wp-json\/wp\/v2\/comments?post=14259"}],"wp:featuredmedia":[{"embeddable":true,"href":"https:\/\/staviori.com.pl\/de\/wp-json\/wp\/v2\/media\/18087"}],"wp:attachment":[{"href":"https:\/\/staviori.com.pl\/de\/wp-json\/wp\/v2\/media?parent=14259"}],"wp:term":[{"taxonomy":"product_brand","embeddable":true,"href":"https:\/\/staviori.com.pl\/de\/wp-json\/wp\/v2\/product_brand?post=14259"},{"taxonomy":"product_cat","embeddable":true,"href":"https:\/\/staviori.com.pl\/de\/wp-json\/wp\/v2\/product_cat?post=14259"},{"taxonomy":"product_tag","embeddable":true,"href":"https:\/\/staviori.com.pl\/de\/wp-json\/wp\/v2\/product_tag?post=14259"}],"curies":[{"name":"wp","href":"https:\/\/api.w.org\/{rel}","templated":true}]}}