{"id":14223,"date":"2025-02-24T22:46:07","date_gmt":"2025-02-24T21:46:07","guid":{"rendered":"https:\/\/staviori.com.pl\/product\/srebrne-kolczyki-kse6521\/"},"modified":"2026-02-11T00:08:43","modified_gmt":"2026-02-10T23:08:43","slug":"srebrne-kolczyki-kse6521","status":"publish","type":"product","link":"https:\/\/staviori.com.pl\/de\/product\/srebrne-kolczyki-kse6521\/","title":{"rendered":"Silberne bunte Einhorn-Ohrringe"},"content":{"rendered":"<p>Model: KSE6521<br \/>\nGewicht ca. 0,60g<\/p>\n<p>Ohrringe.<br \/>\n0,925 rhodiniertes Silber.<br \/>\nZirkoniumdioxid.<br \/>\nSchmelz.<\/p>\n<p>\u015aliczne srebrne kolczyki &#8211; jednoro\u017cce z emali\u0105 i cyrkoniami.<\/p>","protected":false},"excerpt":{"rendered":"<p>Urocze srebrne kolczyki w kszta\u0142cie jednoro\u017cc\u00f3w zachwycaj\u0105 delikatno\u015bci\u0105 i bajkowym urokiem. Wykonane ze srebra pr\u00f3by 0,925, ozdobione kolorow\u0105 emali\u0105 oraz b\u0142yszcz\u0105cymi cyrkoniami, roz\u015bwietlaj\u0105 twarz subtelnym blaskiem. Idealne dla mi\u0142o\u015bniczek magii, koloru i oryginalnych dodatk\u00f3w \u2013 doskona\u0142y prezent dla dziewczynki lub kobiety z m\u0142odzie\u0144cz\u0105 dusz\u0105.<\/p>","protected":false},"featured_media":14224,"comment_status":"closed","ping_status":"closed","template":"","meta":{"om_disable_all_campaigns":false},"product_brand":[2284,2350],"product_cat":[199,1818,1817],"product_tag":[3932,6438,5784,6785,1396,2953,2944,6788,6075,5820,3967,6787,6786],"class_list":{"0":"post-14223","1":"product","2":"type-product","3":"status-publish","4":"has-post-thumbnail","6":"product_brand-staviori","7":"product_brand-verona","8":"product_cat-kolczyki","9":"product_cat-srebrne-kolczyki","10":"product_cat-srebro-2","11":"product_tag-3932","12":"product_tag-detske-nausnice","13":"product_tag-enamel-jewelry","14":"product_tag-kolczyki-jednorozce","15":"product_tag-kolczyki-srebrne","16":"product_tag-kolczyki-z-cyrkoniami","17":"product_tag-kolczyki-z-emalia","18":"product_tag-ohrringe-einhorn","19":"product_tag-silber-925","20":"product_tag-silver-earrings","21":"product_tag-srebro-0","22":"product_tag-unicorn","23":"product_tag-unicorn-earrings","24":"pa_kamien-cyrkonia","25":"pa_kamien-emalia","26":"pa_kruszec-srebro-rodowane","27":"pa_motyw-jednorozec","28":"pa_motyw-unicorn","29":"pa_proba-0-925","30":"pa_waga-060g","32":"first","33":"instock","34":"purchasable","35":"product-type-simple"},"aioseo_notices":[],"_links":{"self":[{"href":"https:\/\/staviori.com.pl\/de\/wp-json\/wp\/v2\/product\/14223","targetHints":{"allow":["GET"]}}],"collection":[{"href":"https:\/\/staviori.com.pl\/de\/wp-json\/wp\/v2\/product"}],"about":[{"href":"https:\/\/staviori.com.pl\/de\/wp-json\/wp\/v2\/types\/product"}],"replies":[{"embeddable":true,"href":"https:\/\/staviori.com.pl\/de\/wp-json\/wp\/v2\/comments?post=14223"}],"wp:featuredmedia":[{"embeddable":true,"href":"https:\/\/staviori.com.pl\/de\/wp-json\/wp\/v2\/media\/14224"}],"wp:attachment":[{"href":"https:\/\/staviori.com.pl\/de\/wp-json\/wp\/v2\/media?parent=14223"}],"wp:term":[{"taxonomy":"product_brand","embeddable":true,"href":"https:\/\/staviori.com.pl\/de\/wp-json\/wp\/v2\/product_brand?post=14223"},{"taxonomy":"product_cat","embeddable":true,"href":"https:\/\/staviori.com.pl\/de\/wp-json\/wp\/v2\/product_cat?post=14223"},{"taxonomy":"product_tag","embeddable":true,"href":"https:\/\/staviori.com.pl\/de\/wp-json\/wp\/v2\/product_tag?post=14223"}],"curies":[{"name":"wp","href":"https:\/\/api.w.org\/{rel}","templated":true}]}}