{"id":14203,"date":"2025-02-24T22:46:07","date_gmt":"2025-02-24T21:46:07","guid":{"rendered":"https:\/\/staviori.com.pl\/product\/srebrne-kolczyki-ksc6204\/"},"modified":"2026-02-11T00:08:42","modified_gmt":"2026-02-10T23:08:42","slug":"srebrne-kolczyki-ksc6204","status":"publish","type":"product","link":"https:\/\/staviori.com.pl\/de\/product\/srebrne-kolczyki-ksc6204\/","title":{"rendered":"Silberne minimalistische Stab-Ohrringe - KSC6204"},"content":{"rendered":"<p>Model: KSC6204<br \/>\nGewicht ca. 1,05g<\/p>\n<p>Ohrringe.<br \/>\n0,925 rhodiniertes Silber.<\/p>\n<p>D\u0142ugo\u015b\u0107 10.42 mm.<br \/>\nSzeroko\u015b\u0107 1.30 mm.<\/p>","protected":false},"excerpt":{"rendered":"<p>Nowoczesne kolczyki w formie smuk\u0142ych pa\u0142eczek wykonane z rodowanego srebra pr\u00f3by 0,925. Ich prosty, geometryczny kszta\u0142t sprawia, \u017ce s\u0105 doskona\u0142ym wyborem dla mi\u0142o\u015bniczek minimalistycznego stylu. Niewielki rozmiar i subtelny po\u0142ysk sprawiaj\u0105, \u017ce \u015bwietnie sprawdz\u0105 si\u0119 zar\u00f3wno na co dzie\u0144, jak i jako delikatny akcent w eleganckiej stylizacji.<\/p>","protected":false},"featured_media":18040,"comment_status":"closed","ping_status":"closed","template":"","meta":{"om_disable_all_campaigns":false},"product_brand":[2284,2350],"product_cat":[199,1818,1817],"product_tag":[3041,3355,2978,3352,3197,3196,3354,1396,3353,2426],"class_list":{"0":"post-14203","1":"product","2":"type-product","3":"status-publish","4":"has-post-thumbnail","6":"product_brand-staviori","7":"product_brand-verona","8":"product_cat-kolczyki","9":"product_cat-srebrne-kolczyki","10":"product_cat-srebro-2","11":"product_tag-bizuteria-codzienna","12":"product_tag-elegancki-minimalizm","13":"product_tag-geometryczne-kolczyki","14":"product_tag-ikr0028","15":"product_tag-kolczyki-minimalistyczne","16":"product_tag-kolczyki-nowoczesne","17":"product_tag-kolczyki-paleczki","18":"product_tag-kolczyki-srebrne","19":"product_tag-ksc6204","20":"product_tag-srebro-rodowane","21":"pa_dlugosc-10-42mm","22":"pa_kruszec-srebro-rodowane","23":"pa_proba-0-925","24":"pa_szerokosc-1-30mm","25":"pa_waga-105g","26":"pa_zapiecie-sztyft","28":"first","29":"instock","30":"purchasable","31":"product-type-simple"},"aioseo_notices":[],"_links":{"self":[{"href":"https:\/\/staviori.com.pl\/de\/wp-json\/wp\/v2\/product\/14203","targetHints":{"allow":["GET"]}}],"collection":[{"href":"https:\/\/staviori.com.pl\/de\/wp-json\/wp\/v2\/product"}],"about":[{"href":"https:\/\/staviori.com.pl\/de\/wp-json\/wp\/v2\/types\/product"}],"replies":[{"embeddable":true,"href":"https:\/\/staviori.com.pl\/de\/wp-json\/wp\/v2\/comments?post=14203"}],"wp:featuredmedia":[{"embeddable":true,"href":"https:\/\/staviori.com.pl\/de\/wp-json\/wp\/v2\/media\/18040"}],"wp:attachment":[{"href":"https:\/\/staviori.com.pl\/de\/wp-json\/wp\/v2\/media?parent=14203"}],"wp:term":[{"taxonomy":"product_brand","embeddable":true,"href":"https:\/\/staviori.com.pl\/de\/wp-json\/wp\/v2\/product_brand?post=14203"},{"taxonomy":"product_cat","embeddable":true,"href":"https:\/\/staviori.com.pl\/de\/wp-json\/wp\/v2\/product_cat?post=14203"},{"taxonomy":"product_tag","embeddable":true,"href":"https:\/\/staviori.com.pl\/de\/wp-json\/wp\/v2\/product_tag?post=14203"}],"curies":[{"name":"wp","href":"https:\/\/api.w.org\/{rel}","templated":true}]}}