{"id":14195,"date":"2025-02-24T22:46:03","date_gmt":"2025-02-24T21:46:03","guid":{"rendered":"https:\/\/staviori.com.pl\/product\/srebrne-kolczyki-ksc5490\/"},"modified":"2026-02-11T00:08:42","modified_gmt":"2026-02-10T23:08:42","slug":"srebrne-kolczyki-ksc5490","status":"publish","type":"product","link":"https:\/\/staviori.com.pl\/de\/product\/srebrne-kolczyki-ksc5490\/","title":{"rendered":"Srebrne kolczyki z okr\u0105g\u0142\u0105 cyrkoni\u0105 6mm"},"content":{"rendered":"<p>Model: KSC5490<br \/>\nGewicht ca. 1,20g<\/p>\n<p>Ohrringe.<br \/>\n0,925 rhodiniertes Silber.<br \/>\nZirkoniumdioxid.<\/p>\n<p>\u015arednica 6 mm.<\/p>","protected":false},"excerpt":{"rendered":"<p>Klasyczne srebrne kolczyki z cyrkoni\u0105 o \u015brednicy 6 mm to ponadczasowa bi\u017cuteria, kt\u00f3ra zachwyca prostot\u0105 i elegancj\u0105. Wykonane ze srebra pr\u00f3by 0,925, pi\u0119knie odbijaj\u0105 \u015bwiat\u0142o, tworz\u0105c efekt prawdziwego diamentu. Idealne do noszenia na co dzie\u0144, jak i na wyj\u0105tkowe okazje \u2014 subtelne, a zarazem pe\u0142ne blasku.<\/p>","protected":false},"featured_media":21826,"comment_status":"closed","ping_status":"closed","template":"","meta":{"om_disable_all_campaigns":false},"product_brand":[2284,2350],"product_cat":[199,1818,1817],"product_tag":[3932,4191,6079,2664,1396,2964,2384,6803,6802,5820,3967,6088],"class_list":{"0":"post-14195","1":"product","2":"type-product","3":"status-publish","4":"has-post-thumbnail","6":"product_brand-staviori","7":"product_brand-verona","8":"product_cat-kolczyki","9":"product_cat-srebrne-kolczyki","10":"product_cat-srebro-2","11":"product_tag-3932","12":"product_tag-cubic-zirconia","13":"product_tag-elegant-earrings","14":"product_tag-klasyczne-kolczyki","15":"product_tag-kolczyki-srebrne","16":"product_tag-kolczyki-z-cyrkonia","17":"product_tag-minimalistyczna-bizuteria","18":"product_tag-nausnice-stribro","19":"product_tag-ohrringe-silber-925","20":"product_tag-silver-earrings","21":"product_tag-srebro-0","22":"product_tag-zirkonia","23":"pa_kamien-cyrkonia","24":"pa_kruszec-srebro","25":"pa_kruszec-srebro-rodowane","26":"pa_proba-0-925","27":"pa_srednica-6mm","28":"pa_waga-120g","30":"first","31":"instock","32":"purchasable","33":"product-type-simple"},"aioseo_notices":[],"_links":{"self":[{"href":"https:\/\/staviori.com.pl\/de\/wp-json\/wp\/v2\/product\/14195","targetHints":{"allow":["GET"]}}],"collection":[{"href":"https:\/\/staviori.com.pl\/de\/wp-json\/wp\/v2\/product"}],"about":[{"href":"https:\/\/staviori.com.pl\/de\/wp-json\/wp\/v2\/types\/product"}],"replies":[{"embeddable":true,"href":"https:\/\/staviori.com.pl\/de\/wp-json\/wp\/v2\/comments?post=14195"}],"wp:featuredmedia":[{"embeddable":true,"href":"https:\/\/staviori.com.pl\/de\/wp-json\/wp\/v2\/media\/21826"}],"wp:attachment":[{"href":"https:\/\/staviori.com.pl\/de\/wp-json\/wp\/v2\/media?parent=14195"}],"wp:term":[{"taxonomy":"product_brand","embeddable":true,"href":"https:\/\/staviori.com.pl\/de\/wp-json\/wp\/v2\/product_brand?post=14195"},{"taxonomy":"product_cat","embeddable":true,"href":"https:\/\/staviori.com.pl\/de\/wp-json\/wp\/v2\/product_cat?post=14195"},{"taxonomy":"product_tag","embeddable":true,"href":"https:\/\/staviori.com.pl\/de\/wp-json\/wp\/v2\/product_tag?post=14195"}],"curies":[{"name":"wp","href":"https:\/\/api.w.org\/{rel}","templated":true}]}}