{"id":14192,"date":"2025-02-24T22:46:03","date_gmt":"2025-02-24T21:46:03","guid":{"rendered":"https:\/\/staviori.com.pl\/product\/srebrne-kolczyki-ksc4362\/"},"modified":"2026-02-11T00:08:42","modified_gmt":"2026-02-10T23:08:42","slug":"srebrne-kolczyki-ksc4362","status":"publish","type":"product","link":"https:\/\/staviori.com.pl\/de\/product\/srebrne-kolczyki-ksc4362\/","title":{"rendered":"Srebrne kolczyki z niebiesk\u0105 cyrkoni\u0105 na sztyfcie"},"content":{"rendered":"<p>Model: KSC4362<br \/>\nWaga ok. 1,65g<\/p>\n<p>Ohrringe.<br \/>\n0,925 Silber.<br \/>\nZirkoniumdioxid.<\/p>\n<p>Wymiary 7.4&#215;9.9 mm.<br \/>\nGrubo\u015b\u0107 4.3 mm.<\/p>","protected":false},"excerpt":{"rendered":"<p>Ol\u015bniewaj\u0105ce srebrne kolczyki z niebieskimi cyrkoniami to bi\u017cuteria, kt\u00f3ra zachwyca elegancj\u0105 i klasycznym stylem. Wykonane ze srebra pr\u00f3by 0,925, zdobione b\u0142yszcz\u0105cymi, przezroczystymi cyrkoniami wok\u00f3\u0142 centralnego, granatowego kamienia. Ich wyrafinowany blask sprawia, \u017ce idealnie pasuj\u0105 zar\u00f3wno do wieczorowej kreacji, jak i do eleganckiego, codziennego stroju.<\/p>","protected":false},"featured_media":21832,"comment_status":"closed","ping_status":"closed","template":"","meta":{"om_disable_all_campaigns":false},"product_brand":[2284,2350],"product_cat":[199,1818,1817],"product_tag":[3932,2754,4263,2660,6079,1396,2964,3192,6803,6802,5820,3967,6808],"class_list":{"0":"post-14192","1":"product","2":"type-product","3":"status-publish","4":"has-post-thumbnail","6":"product_brand-staviori","7":"product_brand-verona","8":"product_cat-kolczyki","9":"product_cat-srebrne-kolczyki","10":"product_cat-srebro-2","11":"product_tag-3932","12":"product_tag-bizuteria-wieczorowa","13":"product_tag-blue-cubic-zirconia","14":"product_tag-eleganckie-kolczyki","15":"product_tag-elegant-earrings","16":"product_tag-kolczyki-srebrne","17":"product_tag-kolczyki-z-cyrkonia","18":"product_tag-kolczyki-z-niebieskim-kamieniem","19":"product_tag-nausnice-stribro","20":"product_tag-ohrringe-silber-925","21":"product_tag-silver-earrings","22":"product_tag-srebro-0","23":"product_tag-zirkonia-blau","24":"pa_grubosc-4-3mm","25":"pa_kamien-cyrkonia","26":"pa_kamien-cyrkonia-niebieskia","27":"pa_kruszec-srebro","28":"pa_proba-0-925","29":"pa_waga-160g","30":"pa_wymiary-7-4x9-9mm","31":"pa_zapiecie-sztyft","33":"first","34":"instock","35":"purchasable","36":"product-type-simple"},"aioseo_notices":[],"_links":{"self":[{"href":"https:\/\/staviori.com.pl\/de\/wp-json\/wp\/v2\/product\/14192","targetHints":{"allow":["GET"]}}],"collection":[{"href":"https:\/\/staviori.com.pl\/de\/wp-json\/wp\/v2\/product"}],"about":[{"href":"https:\/\/staviori.com.pl\/de\/wp-json\/wp\/v2\/types\/product"}],"replies":[{"embeddable":true,"href":"https:\/\/staviori.com.pl\/de\/wp-json\/wp\/v2\/comments?post=14192"}],"wp:featuredmedia":[{"embeddable":true,"href":"https:\/\/staviori.com.pl\/de\/wp-json\/wp\/v2\/media\/21832"}],"wp:attachment":[{"href":"https:\/\/staviori.com.pl\/de\/wp-json\/wp\/v2\/media?parent=14192"}],"wp:term":[{"taxonomy":"product_brand","embeddable":true,"href":"https:\/\/staviori.com.pl\/de\/wp-json\/wp\/v2\/product_brand?post=14192"},{"taxonomy":"product_cat","embeddable":true,"href":"https:\/\/staviori.com.pl\/de\/wp-json\/wp\/v2\/product_cat?post=14192"},{"taxonomy":"product_tag","embeddable":true,"href":"https:\/\/staviori.com.pl\/de\/wp-json\/wp\/v2\/product_tag?post=14192"}],"curies":[{"name":"wp","href":"https:\/\/api.w.org\/{rel}","templated":true}]}}