{"id":14188,"date":"2025-02-24T22:46:03","date_gmt":"2025-02-24T21:46:03","guid":{"rendered":"https:\/\/staviori.com.pl\/product\/srebrne-kolczyki-ksc0568\/"},"modified":"2026-02-11T00:08:42","modified_gmt":"2026-02-10T23:08:42","slug":"srebrne-kolczyki-ksc0568","status":"publish","type":"product","link":"https:\/\/staviori.com.pl\/de\/product\/srebrne-kolczyki-ksc0568\/","title":{"rendered":"Quadratische Silberohrringe mit Zirkonia"},"content":{"rendered":"<p>Model: KSC0568<br \/>\nWaga ok. 2,10g<\/p>\n<p>Ohrringe.<br \/>\n0,925 Silber.<br \/>\nZirkoniumdioxid.<\/p>\n<p>Szeroko\u015b\u0107 7 mm.<\/p>","protected":false},"excerpt":{"rendered":"<p>Efektowne kolczyki wykonane ze srebra pr\u00f3by 0,925 z du\u017cymi, kwadratowymi cyrkoniami, kt\u00f3re zachwycaj\u0105 swoim blaskiem i perfekcyjnym szlifem. Klasyczna, otwarta oprawa czterech \u0142apek podkre\u015bla nowoczesny charakter bi\u017cuterii, nadaj\u0105c jej szykownego wyko\u0144czenia. Idealne dla kobiet, kt\u00f3re lubi\u0105 wyraziste dodatki i elegancj\u0119 w ponadczasowym stylu.<\/p>","protected":false},"featured_media":18012,"comment_status":"closed","ping_status":"closed","template":"","meta":{"om_disable_all_campaigns":false},"product_brand":[2284,2350],"product_cat":[199,1818,1817],"product_tag":[2428,3332,2660,3331,3334,1396,2686,3330,3333,2580],"class_list":{"0":"post-14188","1":"product","2":"type-product","3":"status-publish","4":"has-post-thumbnail","6":"product_brand-staviori","7":"product_brand-verona","8":"product_cat-kolczyki","9":"product_cat-srebrne-kolczyki","10":"product_cat-srebro-2","11":"product_tag-bizuteria-srebrna","12":"product_tag-duza-cyrkonia","13":"product_tag-eleganckie-kolczyki","14":"product_tag-ikcw004","15":"product_tag-klasyczny-styl","16":"product_tag-kolczyki-srebrne","17":"product_tag-kolczyki-wieczorowe","18":"product_tag-ksc0568","19":"product_tag-kwadratowy-szlif","20":"product_tag-prezent-dla-kobiety","21":"pa_kamien-cyrkonia","22":"pa_kruszec-srebro","23":"pa_proba-0-925","24":"pa_szerokosc-7mm","25":"pa_waga-210g","26":"pa_zapiecie-sztyft","28":"first","29":"instock","30":"purchasable","31":"product-type-simple"},"aioseo_notices":[],"_links":{"self":[{"href":"https:\/\/staviori.com.pl\/de\/wp-json\/wp\/v2\/product\/14188","targetHints":{"allow":["GET"]}}],"collection":[{"href":"https:\/\/staviori.com.pl\/de\/wp-json\/wp\/v2\/product"}],"about":[{"href":"https:\/\/staviori.com.pl\/de\/wp-json\/wp\/v2\/types\/product"}],"replies":[{"embeddable":true,"href":"https:\/\/staviori.com.pl\/de\/wp-json\/wp\/v2\/comments?post=14188"}],"wp:featuredmedia":[{"embeddable":true,"href":"https:\/\/staviori.com.pl\/de\/wp-json\/wp\/v2\/media\/18012"}],"wp:attachment":[{"href":"https:\/\/staviori.com.pl\/de\/wp-json\/wp\/v2\/media?parent=14188"}],"wp:term":[{"taxonomy":"product_brand","embeddable":true,"href":"https:\/\/staviori.com.pl\/de\/wp-json\/wp\/v2\/product_brand?post=14188"},{"taxonomy":"product_cat","embeddable":true,"href":"https:\/\/staviori.com.pl\/de\/wp-json\/wp\/v2\/product_cat?post=14188"},{"taxonomy":"product_tag","embeddable":true,"href":"https:\/\/staviori.com.pl\/de\/wp-json\/wp\/v2\/product_tag?post=14188"}],"curies":[{"name":"wp","href":"https:\/\/api.w.org\/{rel}","templated":true}]}}