{"id":14187,"date":"2025-02-24T22:46:03","date_gmt":"2025-02-24T21:46:03","guid":{"rendered":"https:\/\/staviori.com.pl\/product\/srebrne-kolczyki-ksc0567\/"},"modified":"2026-02-11T00:08:42","modified_gmt":"2026-02-10T23:08:42","slug":"srebrne-kolczyki-ksc0567","status":"publish","type":"product","link":"https:\/\/staviori.com.pl\/de\/product\/srebrne-kolczyki-ksc0567\/","title":{"rendered":"Kleine Silberohrringe mit Zirkonia - KSC0567"},"content":{"rendered":"<p>Model: KSC0567<br \/>\nGewicht ca. 0,49g<\/p>\n<p>Ohrringe.<br \/>\n0,925 Silber.<br \/>\nZirkoniumdioxid.<\/p>\n<p>\u015arednica 3 mm.<\/p>","protected":false},"excerpt":{"rendered":"<p>Subtelne kolczyki wykonane ze srebra pr\u00f3by 0,925 z niewielk\u0105, l\u015bni\u0105c\u0105 cyrkoni\u0105 o \u015brednicy 3 mm. Klasyczna czteroramienna oprawa doskonale eksponuje kamie\u0144, nadaj\u0105c bi\u017cuterii delikatny, ale elegancki charakter. Idealne jako codzienny dodatek lub pierwsza bi\u017cuteria dla m\u0142odej damy. Minimalizm i ponadczasowy styl w jednym.<\/p>\n<p>EN:<\/p>","protected":false},"featured_media":18020,"comment_status":"closed","ping_status":"closed","template":"","meta":{"om_disable_all_campaigns":false},"product_brand":[2284,2350],"product_cat":[199,1818,1817],"product_tag":[2704,2454,3337,2664,2674,1396,3336,2706,3338,2427],"class_list":{"0":"post-14187","1":"product","2":"type-product","3":"status-publish","4":"has-post-thumbnail","6":"product_brand-staviori","7":"product_brand-verona","8":"product_cat-kolczyki","9":"product_cat-srebrne-kolczyki","10":"product_cat-srebro-2","11":"product_tag-bizuteria-minimalistyczna","12":"product_tag-cyrkonia","13":"product_tag-ikcw003","14":"product_tag-klasyczne-kolczyki","15":"product_tag-kolczyki-na-co-dzien","16":"product_tag-kolczyki-srebrne","17":"product_tag-ksc0567","18":"product_tag-male-kolczyki","19":"product_tag-prezent-dla-dziewczynki","20":"product_tag-srebro-925","21":"pa_kamien-cyrkonia","22":"pa_kruszec-srebro","23":"pa_proba-0-925","24":"pa_srednica-3mm","25":"pa_waga-049g","26":"pa_zapiecie-sztyft","28":"first","29":"instock","30":"purchasable","31":"product-type-simple"},"aioseo_notices":[],"_links":{"self":[{"href":"https:\/\/staviori.com.pl\/de\/wp-json\/wp\/v2\/product\/14187","targetHints":{"allow":["GET"]}}],"collection":[{"href":"https:\/\/staviori.com.pl\/de\/wp-json\/wp\/v2\/product"}],"about":[{"href":"https:\/\/staviori.com.pl\/de\/wp-json\/wp\/v2\/types\/product"}],"replies":[{"embeddable":true,"href":"https:\/\/staviori.com.pl\/de\/wp-json\/wp\/v2\/comments?post=14187"}],"wp:featuredmedia":[{"embeddable":true,"href":"https:\/\/staviori.com.pl\/de\/wp-json\/wp\/v2\/media\/18020"}],"wp:attachment":[{"href":"https:\/\/staviori.com.pl\/de\/wp-json\/wp\/v2\/media?parent=14187"}],"wp:term":[{"taxonomy":"product_brand","embeddable":true,"href":"https:\/\/staviori.com.pl\/de\/wp-json\/wp\/v2\/product_brand?post=14187"},{"taxonomy":"product_cat","embeddable":true,"href":"https:\/\/staviori.com.pl\/de\/wp-json\/wp\/v2\/product_cat?post=14187"},{"taxonomy":"product_tag","embeddable":true,"href":"https:\/\/staviori.com.pl\/de\/wp-json\/wp\/v2\/product_tag?post=14187"}],"curies":[{"name":"wp","href":"https:\/\/api.w.org\/{rel}","templated":true}]}}