{"id":14184,"date":"2025-02-24T22:46:03","date_gmt":"2025-02-24T21:46:03","guid":{"rendered":"https:\/\/staviori.com.pl\/product\/bizuteria-inwestycyjna-kolczyk-krd4048\/"},"modified":"2026-02-11T00:08:42","modified_gmt":"2026-02-10T23:08:42","slug":"bizuteria-inwestycyjna-kolczyk-krd4048","status":"publish","type":"product","link":"https:\/\/staviori.com.pl\/de\/product\/bizuteria-inwestycyjna-kolczyk-krd4048\/","title":{"rendered":"Exklusive Ohrringe aus Rotgold mit Amethysten und Diamanten"},"content":{"rendered":"<p>Model: DSE1637<br \/>\nWaga ok. 7,50g<\/p>\n<p>Ohrringe.<br \/>\nR\u00f3\u017cowe Z\u0142oto 0,750.<br \/>\n76 Diament\u00f3w, szlif brylantowy, o masie 1,37ct, barwa G-H, czysto\u015b\u0107 SI1.<br \/>\n8 Ametyst\u00f3w, o masie 10,72ct.<\/p>\n<p>L\u00e4nge 56,5 mm.<br \/>\n13,7 mm breit.<br \/>\nDurchmesser 6,9 mm.<\/p>\n<p>Produkt nur auf Anfrage erh\u00e4ltlich, Vorlaufzeit ca. 5 Wochen.<\/p>","protected":false},"excerpt":{"rendered":"<p>Ol\u015bniewaj\u0105ce kolczyki z r\u00f3\u017cowego z\u0142ota 18K, zachwycaj\u0105ce swoim wyrafinowanym designem i bogactwem szlachetnych kamieni. Ametysty o intensywnym, fioletowym blasku zosta\u0142y po\u0142\u0105czone z a\u017c 76 brylantami, tworz\u0105c spektakularny, wielowymiarowy efekt. Bi\u017cuteria pe\u0142na blasku, idealna na wyj\u0105tkowe okazje, kiedy liczy si\u0119 styl i luksus w najczystszej formie. D\u0142ugie, wisz\u0105ce formy dodaj\u0105 elegancji i przyci\u0105gaj\u0105 spojrzenia.<\/p>","protected":false},"featured_media":17972,"comment_status":"closed","ping_status":"closed","template":"","meta":{"om_disable_all_campaigns":false},"product_brand":[2284],"product_cat":[1803,6858,199],"product_tag":[2276,2754,3303,3133,2760,2770,3305,2667,3304,2336],"class_list":{"0":"post-14184","1":"product","2":"type-product","3":"status-publish","4":"has-post-thumbnail","6":"product_brand-staviori","7":"product_cat-brylanty-exclusive","8":"product_cat-kolczyki-brylanty-exclusive","9":"product_cat-kolczyki","10":"product_tag-bizuteria-ekskluzywna","11":"product_tag-bizuteria-wieczorowa","12":"product_tag-dse1637","13":"product_tag-kolczyki-eleganckie","14":"product_tag-kolczyki-luksusowe","15":"product_tag-kolczyki-wiszace","16":"product_tag-kolczyki-z-ametystami","17":"product_tag-kolczyki-z-diamentami","18":"product_tag-krd4048","19":"product_tag-rozowe-zloto","20":"pa_barwa-g-h","21":"pa_czystosc-si1","22":"pa_dlugosc-56-5mm","23":"pa_dostawca-draco","24":"pa_kamien-ametysty","25":"pa_kamien-brylanty","26":"pa_kolor-rozowe","27":"pa_kruszec-zloto","28":"pa_proba-0-750","29":"pa_szerokosc-13-7mm","30":"pa_waga-750g","31":"pa_zapiecie-sztyft","33":"first","34":"onbackorder","35":"purchasable","36":"product-type-simple"},"aioseo_notices":[],"_links":{"self":[{"href":"https:\/\/staviori.com.pl\/de\/wp-json\/wp\/v2\/product\/14184","targetHints":{"allow":["GET"]}}],"collection":[{"href":"https:\/\/staviori.com.pl\/de\/wp-json\/wp\/v2\/product"}],"about":[{"href":"https:\/\/staviori.com.pl\/de\/wp-json\/wp\/v2\/types\/product"}],"replies":[{"embeddable":true,"href":"https:\/\/staviori.com.pl\/de\/wp-json\/wp\/v2\/comments?post=14184"}],"wp:featuredmedia":[{"embeddable":true,"href":"https:\/\/staviori.com.pl\/de\/wp-json\/wp\/v2\/media\/17972"}],"wp:attachment":[{"href":"https:\/\/staviori.com.pl\/de\/wp-json\/wp\/v2\/media?parent=14184"}],"wp:term":[{"taxonomy":"product_brand","embeddable":true,"href":"https:\/\/staviori.com.pl\/de\/wp-json\/wp\/v2\/product_brand?post=14184"},{"taxonomy":"product_cat","embeddable":true,"href":"https:\/\/staviori.com.pl\/de\/wp-json\/wp\/v2\/product_cat?post=14184"},{"taxonomy":"product_tag","embeddable":true,"href":"https:\/\/staviori.com.pl\/de\/wp-json\/wp\/v2\/product_tag?post=14184"}],"curies":[{"name":"wp","href":"https:\/\/api.w.org\/{rel}","templated":true}]}}